{"id":74892,"date":"2023-06-12T15:21:45","date_gmt":"2023-06-12T12:21:45","guid":{"rendered":"https:\/\/exlibris.ee\/toode\/schritte-international-neu-34-testtrainer-interaktive-version\/"},"modified":"2026-04-03T09:21:49","modified_gmt":"2026-04-03T06:21:49","slug":"schritte-international-neu-34-testtrainer-interaktive-version","status":"publish","type":"product","link":"https:\/\/exlibris.ee\/ru\/produkt\/schritte-international-neu-34-testtrainer-interaktive-version\/","title":{"rendered":"Schritte international Neu 3+4  Testtrainer &#8212; interaktive Version"},"content":{"rendered":"<p>F\u00fcr erwachsene Lernende, die mit Schritte international Neu 3 und 4 Deutsch lernen und zus\u00e4tzliches \u00dcbungsmaterial benutzen m\u00f6chten oder sich auf eine Pr\u00fcfung auf Niveaustufe A2 vorbereiten. Testtrainer Schritte international neu 3 + 4 \u2013 Interaktive Version mit integrierten Audiodateien \u2022 Tests zu allen Lektionen des Kursbuchs \u2022 Testaufgaben zu Wortschatz, Grammatik und Kommunikation sowie zu den Fertigkeiten Lesen, H\u00f6ren, Schreiben, Sprechen \u2022 Die Testaufgaben decken die jeweiligen Pr\u00fcfungsformate ab. \u2022 L\u00f6sungen und Transkriptionen sind im Anhang enthalten.<\/p>\n","protected":false},"excerpt":{"rendered":"<p>F\u00fcr erwachsene Lernende, die mit Schritte international Neu 3 und 4 Deutsch lernen und zus\u00e4tzliches \u00dcbungsmaterial benutzen m\u00f6chten oder sich auf eine Pr\u00fcfung auf Niveaustufe A2 vorbereiten. Testtrainer Schritte international neu 3 + 4 \u2013 Interaktive Version mit integrierten Audiodateien&#8230;<\/p>\n","protected":false},"featured_media":74696,"template":"","meta":{"_acf_changed":false,"inline_featured_image":false},"product_brand":[],"product_cat":[1121],"product_tag":[],"series":[{"id":1258,"name":"Schritte international Neu","slug":"schritte-international-neu"}],"publisher":[{"id":497,"name":"Hueber Verlag","slug":"hueber-verlag"}],"class_list":{"0":"post-74892","1":"product","2":"type-product","3":"status-publish","4":"has-post-thumbnail","6":"product_cat-lehrwerke-fur-jugendliche-und-erwachsene","7":"series-schritte-international-neu","8":"publisher-hueber-verlag","10":"first","11":"onbackorder","12":"taxable","13":"shipping-taxable","14":"purchasable","15":"product-type-simple"},"acf":[],"_links":{"self":[{"href":"https:\/\/exlibris.ee\/ru\/wp-json\/wp\/v2\/product\/74892","targetHints":{"allow":["GET"]}}],"collection":[{"href":"https:\/\/exlibris.ee\/ru\/wp-json\/wp\/v2\/product"}],"about":[{"href":"https:\/\/exlibris.ee\/ru\/wp-json\/wp\/v2\/types\/product"}],"wp:featuredmedia":[{"embeddable":true,"href":"https:\/\/exlibris.ee\/ru\/wp-json\/wp\/v2\/media\/74696"}],"wp:attachment":[{"href":"https:\/\/exlibris.ee\/ru\/wp-json\/wp\/v2\/media?parent=74892"}],"wp:term":[{"taxonomy":"product_brand","embeddable":true,"href":"https:\/\/exlibris.ee\/ru\/wp-json\/wp\/v2\/product_brand?post=74892"},{"taxonomy":"product_cat","embeddable":true,"href":"https:\/\/exlibris.ee\/ru\/wp-json\/wp\/v2\/product_cat?post=74892"},{"taxonomy":"product_tag","embeddable":true,"href":"https:\/\/exlibris.ee\/ru\/wp-json\/wp\/v2\/product_tag?post=74892"},{"taxonomy":"series","embeddable":true,"href":"https:\/\/exlibris.ee\/ru\/wp-json\/wp\/v2\/series?post=74892"},{"taxonomy":"publisher","embeddable":true,"href":"https:\/\/exlibris.ee\/ru\/wp-json\/wp\/v2\/publisher?post=74892"}],"curies":[{"name":"wp","href":"https:\/\/api.w.org\/{rel}","templated":true}]}}