{"id":74894,"date":"2023-06-12T15:21:45","date_gmt":"2023-06-12T12:21:45","guid":{"rendered":"https:\/\/exlibris.ee\/toode\/schritte-plus-im-beruf-deutsch-fur-ihren-beruf-ubungsbuch\/"},"modified":"2026-04-04T23:14:28","modified_gmt":"2026-04-04T20:14:28","slug":"schritte-plus-im-beruf-deutsch-fur-ihren-beruf-ubungsbuch","status":"publish","type":"product","link":"https:\/\/exlibris.ee\/ru\/produkt\/schritte-plus-im-beruf-deutsch-fur-ihren-beruf-ubungsbuch\/","title":{"rendered":"Schritte plus im Beruf  Deutsch f\u00fcr &#8230; Ihren Beruf \/ \u00dcbungsbuch"},"content":{"rendered":"<p>Kopiervorlagen f\u00fcr zwanzig verschiedene Berufe vermitteln den relevanten Fachwortschatz und berufstypische Redemittel, die die Kursteilnehmer in Rollenspielen frei anzuwenden lernen. Pro Beruf umfassen die Materialien 6 bis 8 Seiten und enthalten eine gro\u00dfformatige vierfarbige Illustration des Arbeitsplatzes (z.B. Friseur\/in, Krankenpfleger\/in, Kellner\/in, Reinigungskraft, Lagerkraft). Auf den folgenden Seiten werden die f\u00fcr diesen Beruf wichtigsten Verben und Redemittel eingef\u00fchrt und einge\u00fcbt.<\/p>\n","protected":false},"excerpt":{"rendered":"<p>Kopiervorlagen f\u00fcr zwanzig verschiedene Berufe vermitteln den relevanten Fachwortschatz und berufstypische Redemittel, die die Kursteilnehmer in Rollenspielen frei anzuwenden lernen. Pro Beruf umfassen die Materialien 6 bis 8 Seiten und enthalten eine gro\u00dfformatige vierfarbige Illustration des Arbeitsplatzes (z.B. Friseur\/in, Krankenpfleger\/in,&#8230;<\/p>\n","protected":false},"featured_media":74744,"template":"","meta":{"_acf_changed":false,"inline_featured_image":false},"product_brand":[],"product_cat":[538],"product_tag":[],"series":[{"id":1262,"name":"Schritte plus im Beruf","slug":"schritte-plus-im-beruf"}],"publisher":[{"id":497,"name":"Hueber Verlag","slug":"hueber-verlag"}],"class_list":{"0":"post-74894","1":"product","2":"type-product","3":"status-publish","4":"has-post-thumbnail","6":"product_cat-lehrwerke-fur-erwachsene","7":"series-schritte-plus-im-beruf","8":"publisher-hueber-verlag","10":"first","11":"instock","12":"taxable","13":"shipping-taxable","14":"purchasable","15":"product-type-simple"},"acf":[],"_links":{"self":[{"href":"https:\/\/exlibris.ee\/ru\/wp-json\/wp\/v2\/product\/74894","targetHints":{"allow":["GET"]}}],"collection":[{"href":"https:\/\/exlibris.ee\/ru\/wp-json\/wp\/v2\/product"}],"about":[{"href":"https:\/\/exlibris.ee\/ru\/wp-json\/wp\/v2\/types\/product"}],"wp:featuredmedia":[{"embeddable":true,"href":"https:\/\/exlibris.ee\/ru\/wp-json\/wp\/v2\/media\/74744"}],"wp:attachment":[{"href":"https:\/\/exlibris.ee\/ru\/wp-json\/wp\/v2\/media?parent=74894"}],"wp:term":[{"taxonomy":"product_brand","embeddable":true,"href":"https:\/\/exlibris.ee\/ru\/wp-json\/wp\/v2\/product_brand?post=74894"},{"taxonomy":"product_cat","embeddable":true,"href":"https:\/\/exlibris.ee\/ru\/wp-json\/wp\/v2\/product_cat?post=74894"},{"taxonomy":"product_tag","embeddable":true,"href":"https:\/\/exlibris.ee\/ru\/wp-json\/wp\/v2\/product_tag?post=74894"},{"taxonomy":"series","embeddable":true,"href":"https:\/\/exlibris.ee\/ru\/wp-json\/wp\/v2\/series?post=74894"},{"taxonomy":"publisher","embeddable":true,"href":"https:\/\/exlibris.ee\/ru\/wp-json\/wp\/v2\/publisher?post=74894"}],"curies":[{"name":"wp","href":"https:\/\/api.w.org\/{rel}","templated":true}]}}