{"id":74896,"date":"2023-06-12T15:21:46","date_gmt":"2023-06-12T12:21:46","guid":{"rendered":"https:\/\/exlibris.ee\/toode\/schritte-international-prufungstraining-zertifikat-b1\/"},"modified":"2026-04-04T23:14:30","modified_gmt":"2026-04-04T20:14:30","slug":"schritte-international-prufungstraining-zertifikat-b1","status":"publish","type":"product","link":"https:\/\/exlibris.ee\/ru\/produkt\/schritte-international-prufungstraining-zertifikat-b1\/","title":{"rendered":"Schritte international  Pr\u00fcfungstraining Zertifikat B1"},"content":{"rendered":"<p>Das Pr\u00fcfungstraining zum neuen Zertifikat B1 (ein Gemeinschaftsprodukt von Goethe-Institut, \u00d6sterreichischem Sprachdiplom \u00d6SD und der Universit\u00e4t Freiburg\/Schweiz) enth\u00e4lt einen Modellsatz mit Tipps zum L\u00f6sen der Aufgaben. Die H\u00f6raufnahmen zum Pr\u00fcfungsteil H\u00f6ren stehen als kostenloser Download zur Verf\u00fcgung (auf dieser Seite unter der Rubrik Musterseite + Downloads).<\/p>\n","protected":false},"excerpt":{"rendered":"<p>Das Pr\u00fcfungstraining zum neuen Zertifikat B1 (ein Gemeinschaftsprodukt von Goethe-Institut, \u00d6sterreichischem Sprachdiplom \u00d6SD und der Universit\u00e4t Freiburg\/Schweiz) enth\u00e4lt einen Modellsatz mit Tipps zum L\u00f6sen der Aufgaben. Die H\u00f6raufnahmen zum Pr\u00fcfungsteil H\u00f6ren stehen als kostenloser Download zur Verf\u00fcgung (auf dieser Seite&#8230;<\/p>\n","protected":false},"featured_media":74792,"template":"","meta":{"_acf_changed":false,"inline_featured_image":false},"product_brand":[],"product_cat":[1121],"product_tag":[],"series":[{"id":1252,"name":"Schritte international","slug":"schritte-international"}],"publisher":[{"id":497,"name":"Hueber Verlag","slug":"hueber-verlag"}],"class_list":{"0":"post-74896","1":"product","2":"type-product","3":"status-publish","4":"has-post-thumbnail","6":"product_cat-lehrwerke-fur-jugendliche-und-erwachsene","7":"series-schritte-international","8":"publisher-hueber-verlag","10":"first","11":"instock","12":"taxable","13":"shipping-taxable","14":"purchasable","15":"product-type-simple"},"acf":[],"_links":{"self":[{"href":"https:\/\/exlibris.ee\/ru\/wp-json\/wp\/v2\/product\/74896","targetHints":{"allow":["GET"]}}],"collection":[{"href":"https:\/\/exlibris.ee\/ru\/wp-json\/wp\/v2\/product"}],"about":[{"href":"https:\/\/exlibris.ee\/ru\/wp-json\/wp\/v2\/types\/product"}],"wp:featuredmedia":[{"embeddable":true,"href":"https:\/\/exlibris.ee\/ru\/wp-json\/wp\/v2\/media\/74792"}],"wp:attachment":[{"href":"https:\/\/exlibris.ee\/ru\/wp-json\/wp\/v2\/media?parent=74896"}],"wp:term":[{"taxonomy":"product_brand","embeddable":true,"href":"https:\/\/exlibris.ee\/ru\/wp-json\/wp\/v2\/product_brand?post=74896"},{"taxonomy":"product_cat","embeddable":true,"href":"https:\/\/exlibris.ee\/ru\/wp-json\/wp\/v2\/product_cat?post=74896"},{"taxonomy":"product_tag","embeddable":true,"href":"https:\/\/exlibris.ee\/ru\/wp-json\/wp\/v2\/product_tag?post=74896"},{"taxonomy":"series","embeddable":true,"href":"https:\/\/exlibris.ee\/ru\/wp-json\/wp\/v2\/series?post=74896"},{"taxonomy":"publisher","embeddable":true,"href":"https:\/\/exlibris.ee\/ru\/wp-json\/wp\/v2\/publisher?post=74896"}],"curies":[{"name":"wp","href":"https:\/\/api.w.org\/{rel}","templated":true}]}}