{"id":75428,"date":"2023-06-12T15:22:42","date_gmt":"2023-06-12T12:22:42","guid":{"rendered":"https:\/\/exlibris.ee\/toode\/schritte-international-im-beruf-aktuelle-texte-aus-beruf-wirtschaft-pdf-download\/"},"modified":"2026-04-18T17:19:03","modified_gmt":"2026-04-18T14:19:03","slug":"schritte-international-im-beruf-aktuelle-texte-aus-beruf-wirtschaft-pdf-download","status":"publish","type":"product","link":"https:\/\/exlibris.ee\/ru\/produkt\/schritte-international-im-beruf-aktuelle-texte-aus-beruf-wirtschaft-pdf-download\/","title":{"rendered":"Schritte international im Beruf  Aktuelle Texte aus Beruf &amp; Wirtschaft \/ PDF-Download"},"content":{"rendered":"<p>Unser Online-Angebot Schritte international im Beruf bietet in 5 Modulen Zusatzmaterialien zur Berufssprache, die auf Ihren Unterricht mit Schritte international abgestimmt sind. Modul 1: Aktuelle Texte aus Beruf &amp; Wirtschaft umfasst didaktisierte Lesetexte f\u00fcr die Niveaustufen A1\/2 bis B1\/2 mit Worterkl\u00e4rungen und Aufgaben zur \u00dcberpr\u00fcfung des Textverst\u00e4ndnisses. Jedes Modul enth\u00e4lt 19-20 Kopiervorlagen und H\u00f6rdateien. Insgesamt stehen Ihnen 98 Materialien zur Verf\u00fcgung. Das Inhaltsverzeichnis gibt einen \u00dcberblick \u00fcber das Angebot.<\/p>\n","protected":false},"excerpt":{"rendered":"<p>Unser Online-Angebot Schritte international im Beruf bietet in 5 Modulen Zusatzmaterialien zur Berufssprache, die auf Ihren Unterricht mit Schritte international abgestimmt sind. Modul 1: Aktuelle Texte aus Beruf &amp; Wirtschaft umfasst didaktisierte Lesetexte f\u00fcr die Niveaustufen A1\/2 bis B1\/2 mit&#8230;<\/p>\n","protected":false},"featured_media":338656,"template":"","meta":{"_acf_changed":false,"inline_featured_image":false},"product_brand":[],"product_cat":[538],"product_tag":[],"series":[{"id":1261,"name":"Schritte international im Beruf","slug":"schritte-international-im-beruf"}],"publisher":[{"id":497,"name":"Hueber Verlag","slug":"hueber-verlag"}],"class_list":{"0":"post-75428","1":"product","2":"type-product","3":"status-publish","4":"has-post-thumbnail","6":"product_cat-lehrwerke-fur-erwachsene","7":"series-schritte-international-im-beruf","8":"publisher-hueber-verlag","10":"first","11":"onbackorder","12":"taxable","13":"shipping-taxable","14":"purchasable","15":"product-type-simple"},"acf":[],"_links":{"self":[{"href":"https:\/\/exlibris.ee\/ru\/wp-json\/wp\/v2\/product\/75428","targetHints":{"allow":["GET"]}}],"collection":[{"href":"https:\/\/exlibris.ee\/ru\/wp-json\/wp\/v2\/product"}],"about":[{"href":"https:\/\/exlibris.ee\/ru\/wp-json\/wp\/v2\/types\/product"}],"wp:featuredmedia":[{"embeddable":true,"href":"https:\/\/exlibris.ee\/ru\/wp-json\/wp\/v2\/media\/338656"}],"wp:attachment":[{"href":"https:\/\/exlibris.ee\/ru\/wp-json\/wp\/v2\/media?parent=75428"}],"wp:term":[{"taxonomy":"product_brand","embeddable":true,"href":"https:\/\/exlibris.ee\/ru\/wp-json\/wp\/v2\/product_brand?post=75428"},{"taxonomy":"product_cat","embeddable":true,"href":"https:\/\/exlibris.ee\/ru\/wp-json\/wp\/v2\/product_cat?post=75428"},{"taxonomy":"product_tag","embeddable":true,"href":"https:\/\/exlibris.ee\/ru\/wp-json\/wp\/v2\/product_tag?post=75428"},{"taxonomy":"series","embeddable":true,"href":"https:\/\/exlibris.ee\/ru\/wp-json\/wp\/v2\/series?post=75428"},{"taxonomy":"publisher","embeddable":true,"href":"https:\/\/exlibris.ee\/ru\/wp-json\/wp\/v2\/publisher?post=75428"}],"curies":[{"name":"wp","href":"https:\/\/api.w.org\/{rel}","templated":true}]}}