{"id":75433,"date":"2023-06-12T15:22:43","date_gmt":"2023-06-12T12:22:43","guid":{"rendered":"https:\/\/exlibris.ee\/toode\/schritte-international-neu-6-interaktive-digitale-ausgabe-digitalisiertes-kurs-und-arbeitsbuch-mit-integrierten-audio-und-videodateien-und-interaktiven-ubungen\/"},"modified":"2026-04-03T11:13:20","modified_gmt":"2026-04-03T08:13:20","slug":"schritte-international-neu-6-interaktive-digitale-ausgabe-digitalisiertes-kurs-und-arbeitsbuch-mit-integrierten-audio-und-videodateien-und-interaktiven-ubungen","status":"publish","type":"product","link":"https:\/\/exlibris.ee\/ru\/produkt\/schritte-international-neu-6-interaktive-digitale-ausgabe-digitalisiertes-kurs-und-arbeitsbuch-mit-integrierten-audio-und-videodateien-und-interaktiven-ubungen\/","title":{"rendered":"Schritte international Neu 6 \u2013 Interaktive digitale Ausgabe  Digitalisiertes Kurs- und Arbeitsbuch mit integrierten Audio- und Videodateien und interaktiven \u00dcbungen"},"content":{"rendered":"<p>Kurs- und Arbeitsbuch mit zahlreichen interaktiven \u00dcbungen und integrierten Audio- und Videodateien Kursbuchteil &#8212; alle Lektionen folgen einem klaren Aufbau f\u00fcr hohe Lerntransparenz &#8212; neue Foto-H\u00f6rgeschichten als Einstieg in jede Lektion &#8212; interessante Texte und vielf\u00e4ltige Landeskunde &#8212; induktive Grammatik f\u00f6rdert Bewusstmachung und Verst\u00e4ndnis &#8212; Vorbereitung auf den Berufsalltag durch verst\u00e4rkten Berufsbezug &#8212; St\u00e4rkung der Lernerautonomie durch eine Doppelseite zu Grammatik und Redemitteln mit \u00dcbungen und Lernhilfen am Ende jeder Lektion &#8212; Transparenz durch Lernziele mit der M\u00f6glichkeit zur Selbsteinsch\u00e4tzung &#8212; flexible Erg\u00e4nzung der Lektionsinhalte durch die \u201eZwischendurch mal \u2026-Seiten\u201c Arbeitsbuchteil &#8212; \u00dcbungen und Wiederholungs\u00fcbungen in verschiedenen Schwierigkeitsstufen zur Binnendifferenzierung &#8212; ein systematisch aufgebautes Schreibtraining &#8212; Wortschatztraining f\u00fcr einen gezielten Wortschatzerwerb &#8212; ein ausf\u00fchrliches Phonetikprogramm &#8212; Aufgaben zum Mehrsprachigkeitsansatz &#8212; Pr\u00fcfungsaufgaben &#8212; Lernertests mit Selbstauswertung und weiterf\u00fchrendem Trainingsprogramm im Lehrwerkservice &#8212; integrierte Fokus-Seiten bieten zahlreiche zus\u00e4tzliche Materialien zu den Themen Beruf und Alltag. &#8212; Lernwortschatz-Seiten am Ende des Buches mit Illustrationen und Beispiels\u00e4tzen, Schreibzeilen und Lerntipps &#8212; eine systematische Grammatik-\u00dcbersicht im Anhang.<\/p>\n","protected":false},"excerpt":{"rendered":"<p>Kurs- und Arbeitsbuch mit zahlreichen interaktiven \u00dcbungen und integrierten Audio- und Videodateien Kursbuchteil &#8212; alle Lektionen folgen einem klaren Aufbau f\u00fcr hohe Lerntransparenz &#8212; neue Foto-H\u00f6rgeschichten als Einstieg in jede Lektion &#8212; interessante Texte und vielf\u00e4ltige Landeskunde &#8212; induktive Grammatik&#8230;<\/p>\n","protected":false},"featured_media":74961,"template":"","meta":{"_acf_changed":false,"inline_featured_image":false},"product_brand":[],"product_cat":[1121],"product_tag":[],"series":[{"id":1258,"name":"Schritte international Neu","slug":"schritte-international-neu"}],"publisher":[{"id":497,"name":"Hueber Verlag","slug":"hueber-verlag"}],"class_list":{"0":"post-75433","1":"product","2":"type-product","3":"status-publish","4":"has-post-thumbnail","6":"product_cat-lehrwerke-fur-jugendliche-und-erwachsene","7":"series-schritte-international-neu","8":"publisher-hueber-verlag","10":"first","11":"onbackorder","12":"taxable","13":"shipping-taxable","14":"purchasable","15":"product-type-simple"},"acf":[],"_links":{"self":[{"href":"https:\/\/exlibris.ee\/ru\/wp-json\/wp\/v2\/product\/75433","targetHints":{"allow":["GET"]}}],"collection":[{"href":"https:\/\/exlibris.ee\/ru\/wp-json\/wp\/v2\/product"}],"about":[{"href":"https:\/\/exlibris.ee\/ru\/wp-json\/wp\/v2\/types\/product"}],"wp:featuredmedia":[{"embeddable":true,"href":"https:\/\/exlibris.ee\/ru\/wp-json\/wp\/v2\/media\/74961"}],"wp:attachment":[{"href":"https:\/\/exlibris.ee\/ru\/wp-json\/wp\/v2\/media?parent=75433"}],"wp:term":[{"taxonomy":"product_brand","embeddable":true,"href":"https:\/\/exlibris.ee\/ru\/wp-json\/wp\/v2\/product_brand?post=75433"},{"taxonomy":"product_cat","embeddable":true,"href":"https:\/\/exlibris.ee\/ru\/wp-json\/wp\/v2\/product_cat?post=75433"},{"taxonomy":"product_tag","embeddable":true,"href":"https:\/\/exlibris.ee\/ru\/wp-json\/wp\/v2\/product_tag?post=75433"},{"taxonomy":"series","embeddable":true,"href":"https:\/\/exlibris.ee\/ru\/wp-json\/wp\/v2\/series?post=75433"},{"taxonomy":"publisher","embeddable":true,"href":"https:\/\/exlibris.ee\/ru\/wp-json\/wp\/v2\/publisher?post=75433"}],"curies":[{"name":"wp","href":"https:\/\/api.w.org\/{rel}","templated":true}]}}