{"id":75434,"date":"2023-06-12T15:22:43","date_gmt":"2023-06-12T12:22:43","guid":{"rendered":"https:\/\/exlibris.ee\/toode\/schritte-international-im-beruf-modul-2-deutsch-fur-ihre-beruf-pdf-download\/"},"modified":"2026-04-16T17:45:58","modified_gmt":"2026-04-16T14:45:58","slug":"schritte-international-im-beruf-modul-2-deutsch-fur-ihre-beruf-pdf-download","status":"publish","type":"product","link":"https:\/\/exlibris.ee\/ru\/produkt\/schritte-international-im-beruf-modul-2-deutsch-fur-ihre-beruf-pdf-download\/","title":{"rendered":"Schritte international im Beruf, Modul 2  Deutsch f\u00fcr &#8230; Ihre Beruf \/ PDF-Download"},"content":{"rendered":"<p>Unser Online-Angebot Schritte internationl im Beruf bietet in 5 Modulen Zusatzmaterialien zur Berufssprache, die auf Ihren Unterricht mit Schritte international abgestimmt sind. In Modul 2: Deutsch f\u00fcr &#8230; Ihre Berufsgruppe f\u00fchren Illustrationen in den Wortschatz eines Arbeitsplatzes ein. Dazu gibt es \u00dcbungen mit den wichtigsten Redemitteln. Jedes Modul enth\u00e4lt 19-20 Kopiervorlagen und H\u00f6rdateien. Insgesamt stehen Ihnen 98 Materialien zur Verf\u00fcgung. Das Inhaltsverzeichnis gibt einen \u00dcberblick \u00fcber das Angebot.<\/p>\n","protected":false},"excerpt":{"rendered":"<p>Unser Online-Angebot Schritte internationl im Beruf bietet in 5 Modulen Zusatzmaterialien zur Berufssprache, die auf Ihren Unterricht mit Schritte international abgestimmt sind. In Modul 2: Deutsch f\u00fcr &#8230; Ihre Berufsgruppe f\u00fchren Illustrationen in den Wortschatz eines Arbeitsplatzes ein. Dazu gibt&#8230;<\/p>\n","protected":false},"featured_media":304272,"template":"","meta":{"_acf_changed":false,"inline_featured_image":false},"product_brand":[],"product_cat":[538],"product_tag":[],"series":[{"id":1261,"name":"Schritte international im Beruf","slug":"schritte-international-im-beruf"}],"publisher":[{"id":497,"name":"Hueber Verlag","slug":"hueber-verlag"}],"class_list":{"0":"post-75434","1":"product","2":"type-product","3":"status-publish","4":"has-post-thumbnail","6":"product_cat-lehrwerke-fur-erwachsene","7":"series-schritte-international-im-beruf","8":"publisher-hueber-verlag","10":"first","11":"onbackorder","12":"taxable","13":"shipping-taxable","14":"purchasable","15":"product-type-simple"},"acf":[],"_links":{"self":[{"href":"https:\/\/exlibris.ee\/ru\/wp-json\/wp\/v2\/product\/75434","targetHints":{"allow":["GET"]}}],"collection":[{"href":"https:\/\/exlibris.ee\/ru\/wp-json\/wp\/v2\/product"}],"about":[{"href":"https:\/\/exlibris.ee\/ru\/wp-json\/wp\/v2\/types\/product"}],"wp:featuredmedia":[{"embeddable":true,"href":"https:\/\/exlibris.ee\/ru\/wp-json\/wp\/v2\/media\/304272"}],"wp:attachment":[{"href":"https:\/\/exlibris.ee\/ru\/wp-json\/wp\/v2\/media?parent=75434"}],"wp:term":[{"taxonomy":"product_brand","embeddable":true,"href":"https:\/\/exlibris.ee\/ru\/wp-json\/wp\/v2\/product_brand?post=75434"},{"taxonomy":"product_cat","embeddable":true,"href":"https:\/\/exlibris.ee\/ru\/wp-json\/wp\/v2\/product_cat?post=75434"},{"taxonomy":"product_tag","embeddable":true,"href":"https:\/\/exlibris.ee\/ru\/wp-json\/wp\/v2\/product_tag?post=75434"},{"taxonomy":"series","embeddable":true,"href":"https:\/\/exlibris.ee\/ru\/wp-json\/wp\/v2\/series?post=75434"},{"taxonomy":"publisher","embeddable":true,"href":"https:\/\/exlibris.ee\/ru\/wp-json\/wp\/v2\/publisher?post=75434"}],"curies":[{"name":"wp","href":"https:\/\/api.w.org\/{rel}","templated":true}]}}