{"id":75445,"date":"2023-06-12T15:22:44","date_gmt":"2023-06-12T12:22:44","guid":{"rendered":"https:\/\/exlibris.ee\/toode\/schritte-in-frauen-elternkursen-pdf-mp3-download\/"},"modified":"2026-04-20T09:51:22","modified_gmt":"2026-04-20T06:51:22","slug":"schritte-in-frauen-elternkursen-pdf-mp3-download","status":"publish","type":"product","link":"https:\/\/exlibris.ee\/ru\/produkt\/schritte-in-frauen-elternkursen-pdf-mp3-download\/","title":{"rendered":"Schritte in Frauen-\/Elternkursen  PDF-MP3\/Download"},"content":{"rendered":"<p>Schritte in Frauen-\/Elternkursen Band 1 bis 6 greift die Themen, Strukturen und Redemittel von Schritte 1 bis 6 auf und \u00fcbertr\u00e4gt sie auf die Lebenswelt von Teilnehmerinnen und Teilnehmern in Integrationskursen f\u00fcr Frauen und\/oder Eltern. Schwerpunkte: Wortschatz (Vertiefung und Erweiterung), Gespr\u00e4chs- und Schreibtraining zur Vorbereitung auf die Kommunikation mit Erziehern, Lehrern, \u00c4rzten uvm. Unser Online-Angebot Band 1 bis 6 bietet insg. 90 Kopiervorlagen (je 15 Kopiervorlagen zu den B\u00e4nden 1 bis 6), die auf Ihren Unterricht mit Schritte abgestimmt sind.<\/p>\n","protected":false},"excerpt":{"rendered":"<p>Schritte in Frauen-\/Elternkursen Band 1 bis 6 greift die Themen, Strukturen und Redemittel von Schritte 1 bis 6 auf und \u00fcbertr\u00e4gt sie auf die Lebenswelt von Teilnehmerinnen und Teilnehmern in Integrationskursen f\u00fcr Frauen und\/oder Eltern. Schwerpunkte: Wortschatz (Vertiefung und Erweiterung),&#8230;<\/p>\n","protected":false},"featured_media":373103,"template":"","meta":{"_acf_changed":false,"inline_featured_image":false},"product_brand":[],"product_cat":[538],"product_tag":[],"series":[],"publisher":[{"id":497,"name":"Hueber Verlag","slug":"hueber-verlag"}],"class_list":{"0":"post-75445","1":"product","2":"type-product","3":"status-publish","4":"has-post-thumbnail","6":"product_cat-lehrwerke-fur-erwachsene","7":"publisher-hueber-verlag","9":"first","10":"onbackorder","11":"taxable","12":"shipping-taxable","13":"purchasable","14":"product-type-simple"},"acf":[],"_links":{"self":[{"href":"https:\/\/exlibris.ee\/ru\/wp-json\/wp\/v2\/product\/75445","targetHints":{"allow":["GET"]}}],"collection":[{"href":"https:\/\/exlibris.ee\/ru\/wp-json\/wp\/v2\/product"}],"about":[{"href":"https:\/\/exlibris.ee\/ru\/wp-json\/wp\/v2\/types\/product"}],"wp:featuredmedia":[{"embeddable":true,"href":"https:\/\/exlibris.ee\/ru\/wp-json\/wp\/v2\/media\/373103"}],"wp:attachment":[{"href":"https:\/\/exlibris.ee\/ru\/wp-json\/wp\/v2\/media?parent=75445"}],"wp:term":[{"taxonomy":"product_brand","embeddable":true,"href":"https:\/\/exlibris.ee\/ru\/wp-json\/wp\/v2\/product_brand?post=75445"},{"taxonomy":"product_cat","embeddable":true,"href":"https:\/\/exlibris.ee\/ru\/wp-json\/wp\/v2\/product_cat?post=75445"},{"taxonomy":"product_tag","embeddable":true,"href":"https:\/\/exlibris.ee\/ru\/wp-json\/wp\/v2\/product_tag?post=75445"},{"taxonomy":"series","embeddable":true,"href":"https:\/\/exlibris.ee\/ru\/wp-json\/wp\/v2\/series?post=75445"},{"taxonomy":"publisher","embeddable":true,"href":"https:\/\/exlibris.ee\/ru\/wp-json\/wp\/v2\/publisher?post=75445"}],"curies":[{"name":"wp","href":"https:\/\/api.w.org\/{rel}","templated":true}]}}