{"id":75446,"date":"2023-06-12T15:22:44","date_gmt":"2023-06-12T12:22:44","guid":{"rendered":"https:\/\/exlibris.ee\/toode\/schritte-international-12-spielesammlung-zu-band-1-und-2\/"},"modified":"2026-04-06T11:08:57","modified_gmt":"2026-04-06T08:08:57","slug":"schritte-international-12-spielesammlung-zu-band-1-und-2","status":"publish","type":"product","link":"https:\/\/exlibris.ee\/ru\/produkt\/schritte-international-12-spielesammlung-zu-band-1-und-2\/","title":{"rendered":"Schritte international 1+2  Spielesammlung zu Band 1 und 2"},"content":{"rendered":"<p>Die Spielesammlungen sind geeignet sowohl f\u00fcr lernungewohnte als auch ge\u00fcbte Kursteilnehmer und enthalten Grammatikspiele, Wortschatzspiele, Artikelspiele, Minidialoge f\u00fcr stark gesteuertes Sprechen und Gespr\u00e4chsanl\u00e4sse f\u00fcr freies Sprechen. Zu allen Kopiervorlagen (Spielkarten, Spielfelder, Rollenspiele) gibt es klare und einfache Anleitungen mit vielen Variationsm\u00f6glichkeiten. Die Materialien sind f\u00fcr den Kursleiter leicht herzustellen und wiederverwendbar. Die Lernenden k\u00f6nnen sich mithilfe des L\u00f6sungsschl\u00fcssels auf der Kartenr\u00fcckseite selbst korrigieren.<\/p>\n","protected":false},"excerpt":{"rendered":"<p>Die Spielesammlungen sind geeignet sowohl f\u00fcr lernungewohnte als auch ge\u00fcbte Kursteilnehmer und enthalten Grammatikspiele, Wortschatzspiele, Artikelspiele, Minidialoge f\u00fcr stark gesteuertes Sprechen und Gespr\u00e4chsanl\u00e4sse f\u00fcr freies Sprechen. Zu allen Kopiervorlagen (Spielkarten, Spielfelder, Rollenspiele) gibt es klare und einfache Anleitungen mit vielen&#8230;<\/p>\n","protected":false},"featured_media":75222,"template":"","meta":{"_acf_changed":false,"inline_featured_image":false},"product_brand":[],"product_cat":[1121],"product_tag":[],"series":[{"id":1252,"name":"Schritte international","slug":"schritte-international"}],"publisher":[{"id":497,"name":"Hueber Verlag","slug":"hueber-verlag"}],"class_list":{"0":"post-75446","1":"product","2":"type-product","3":"status-publish","4":"has-post-thumbnail","6":"product_cat-lehrwerke-fur-jugendliche-und-erwachsene","7":"series-schritte-international","8":"publisher-hueber-verlag","10":"first","11":"onbackorder","12":"taxable","13":"shipping-taxable","14":"purchasable","15":"product-type-simple"},"acf":[],"_links":{"self":[{"href":"https:\/\/exlibris.ee\/ru\/wp-json\/wp\/v2\/product\/75446","targetHints":{"allow":["GET"]}}],"collection":[{"href":"https:\/\/exlibris.ee\/ru\/wp-json\/wp\/v2\/product"}],"about":[{"href":"https:\/\/exlibris.ee\/ru\/wp-json\/wp\/v2\/types\/product"}],"wp:featuredmedia":[{"embeddable":true,"href":"https:\/\/exlibris.ee\/ru\/wp-json\/wp\/v2\/media\/75222"}],"wp:attachment":[{"href":"https:\/\/exlibris.ee\/ru\/wp-json\/wp\/v2\/media?parent=75446"}],"wp:term":[{"taxonomy":"product_brand","embeddable":true,"href":"https:\/\/exlibris.ee\/ru\/wp-json\/wp\/v2\/product_brand?post=75446"},{"taxonomy":"product_cat","embeddable":true,"href":"https:\/\/exlibris.ee\/ru\/wp-json\/wp\/v2\/product_cat?post=75446"},{"taxonomy":"product_tag","embeddable":true,"href":"https:\/\/exlibris.ee\/ru\/wp-json\/wp\/v2\/product_tag?post=75446"},{"taxonomy":"series","embeddable":true,"href":"https:\/\/exlibris.ee\/ru\/wp-json\/wp\/v2\/series?post=75446"},{"taxonomy":"publisher","embeddable":true,"href":"https:\/\/exlibris.ee\/ru\/wp-json\/wp\/v2\/publisher?post=75446"}],"curies":[{"name":"wp","href":"https:\/\/api.w.org\/{rel}","templated":true}]}}