{"id":75456,"date":"2023-06-12T15:22:45","date_gmt":"2023-06-12T12:22:45","guid":{"rendered":"https:\/\/exlibris.ee\/toode\/schritte-plus-in-frauen-elternkursen-pdf-mp3-download-bd-6\/"},"modified":"2026-05-10T23:26:26","modified_gmt":"2026-05-10T20:26:26","slug":"schritte-plus-in-frauen-elternkursen-pdf-mp3-download-bd-6","status":"publish","type":"product","link":"https:\/\/exlibris.ee\/ru\/produkt\/schritte-plus-in-frauen-elternkursen-pdf-mp3-download-bd-6\/","title":{"rendered":"Schritte plus in Frauen-\/Elternkursen  PDF\/MP3-Download, Bd.6"},"content":{"rendered":"<p>Schritte plus in Frauen-\/Elternkursen Band 6 greift die Themen, Strukturen und Redemittel von Schritte plus 6 auf und \u00fcbertr\u00e4gt sie auf die Lebenswelt von Teilnehmerinnen und Teilnehmern in Integrationskursen f\u00fcr Frauen und\/oder Eltern. Schwerpunkte: Wortschatz (Vertiefung und Erweiterung), Gespr\u00e4chs- und Schreibtraining zur Vorbereitung auf die Kommunikation mit Erziehern, Lehrern, \u00c4rzten uvm. Unser Online-Angebot zu Band 6 bietet 15 Kopiervorlagen, die auf Ihren Unterricht mit Schritte plus 6 abgestimmt sind.<\/p>\n","protected":false},"excerpt":{"rendered":"<p>Schritte plus in Frauen-\/Elternkursen Band 6 greift die Themen, Strukturen und Redemittel von Schritte plus 6 auf und \u00fcbertr\u00e4gt sie auf die Lebenswelt von Teilnehmerinnen und Teilnehmern in Integrationskursen f\u00fcr Frauen und\/oder Eltern. Schwerpunkte: Wortschatz (Vertiefung und Erweiterung), Gespr\u00e4chs- und&#8230;<\/p>\n","protected":false},"featured_media":730406,"template":"","meta":{"_acf_changed":false,"inline_featured_image":false},"product_brand":[],"product_cat":[538],"product_tag":[],"series":[{"id":1263,"name":"Schritte plus in Frauen","slug":"schritte-plus-in-frauen"}],"publisher":[{"id":497,"name":"Hueber Verlag","slug":"hueber-verlag"}],"class_list":{"0":"post-75456","1":"product","2":"type-product","3":"status-publish","4":"has-post-thumbnail","6":"product_cat-lehrwerke-fur-erwachsene","7":"series-schritte-plus-in-frauen","8":"publisher-hueber-verlag","10":"first","11":"onbackorder","12":"taxable","13":"shipping-taxable","14":"purchasable","15":"product-type-simple"},"acf":[],"_links":{"self":[{"href":"https:\/\/exlibris.ee\/ru\/wp-json\/wp\/v2\/product\/75456","targetHints":{"allow":["GET"]}}],"collection":[{"href":"https:\/\/exlibris.ee\/ru\/wp-json\/wp\/v2\/product"}],"about":[{"href":"https:\/\/exlibris.ee\/ru\/wp-json\/wp\/v2\/types\/product"}],"wp:featuredmedia":[{"embeddable":true,"href":"https:\/\/exlibris.ee\/ru\/wp-json\/wp\/v2\/media\/730406"}],"wp:attachment":[{"href":"https:\/\/exlibris.ee\/ru\/wp-json\/wp\/v2\/media?parent=75456"}],"wp:term":[{"taxonomy":"product_brand","embeddable":true,"href":"https:\/\/exlibris.ee\/ru\/wp-json\/wp\/v2\/product_brand?post=75456"},{"taxonomy":"product_cat","embeddable":true,"href":"https:\/\/exlibris.ee\/ru\/wp-json\/wp\/v2\/product_cat?post=75456"},{"taxonomy":"product_tag","embeddable":true,"href":"https:\/\/exlibris.ee\/ru\/wp-json\/wp\/v2\/product_tag?post=75456"},{"taxonomy":"series","embeddable":true,"href":"https:\/\/exlibris.ee\/ru\/wp-json\/wp\/v2\/series?post=75456"},{"taxonomy":"publisher","embeddable":true,"href":"https:\/\/exlibris.ee\/ru\/wp-json\/wp\/v2\/publisher?post=75456"}],"curies":[{"name":"wp","href":"https:\/\/api.w.org\/{rel}","templated":true}]}}