{"id":75460,"date":"2023-06-12T15:22:45","date_gmt":"2023-06-12T12:22:45","guid":{"rendered":"https:\/\/exlibris.ee\/toode\/schritte-plus-in-frauen-elternkursen-pdf-mp3-download-bd-1-6\/"},"modified":"2026-05-12T01:47:06","modified_gmt":"2026-05-11T22:47:06","slug":"schritte-plus-in-frauen-elternkursen-pdf-mp3-download-bd-1-6","status":"publish","type":"product","link":"https:\/\/exlibris.ee\/ru\/produkt\/schritte-plus-in-frauen-elternkursen-pdf-mp3-download-bd-1-6\/","title":{"rendered":"Schritte plus in Frauen-\/Elternkursen  PDF\/MP3-Download, Bd. 1-6"},"content":{"rendered":"<p>Schritte plus in Frauen-\/Elternkursen, Band 1 bis 6, greift die Themen, Strukturen und Redemittel von Schritte plus 1 bis 6 auf und \u00fcbertr\u00e4gt sie auf die Lebenswelt von Teilnehmerinnen und Teilnehmern in Integrationskursen f\u00fcr Frauen und\/oder Eltern. Schwerpunkte: Wortschatz (Vertiefung und Erweiterung), Gespr\u00e4chs- und Schreibtraining zur Vorbereitung auf die Kommunikation mit Erziehern, Lehrern, \u00c4rzten uvm. Unser Online-Angebot Band 1 bis 6 bietet insg. 90 Kopiervorlagen (je 15 Kopiervorlagen zu den B\u00e4nden 1 bis 6), die auf Ihren Unterricht mit Schritte plus abgestimmt sind.<\/p>\n","protected":false},"excerpt":{"rendered":"<p>Schritte plus in Frauen-\/Elternkursen, Band 1 bis 6, greift die Themen, Strukturen und Redemittel von Schritte plus 1 bis 6 auf und \u00fcbertr\u00e4gt sie auf die Lebenswelt von Teilnehmerinnen und Teilnehmern in Integrationskursen f\u00fcr Frauen und\/oder Eltern. Schwerpunkte: Wortschatz (Vertiefung&#8230;<\/p>\n","protected":false},"featured_media":747192,"template":"","meta":{"_acf_changed":false,"inline_featured_image":false},"product_brand":[],"product_cat":[538],"product_tag":[],"series":[{"id":1263,"name":"Schritte plus in Frauen","slug":"schritte-plus-in-frauen"}],"publisher":[{"id":497,"name":"Hueber Verlag","slug":"hueber-verlag"}],"class_list":{"0":"post-75460","1":"product","2":"type-product","3":"status-publish","4":"has-post-thumbnail","6":"product_cat-lehrwerke-fur-erwachsene","7":"series-schritte-plus-in-frauen","8":"publisher-hueber-verlag","10":"first","11":"onbackorder","12":"taxable","13":"shipping-taxable","14":"purchasable","15":"product-type-simple"},"acf":[],"_links":{"self":[{"href":"https:\/\/exlibris.ee\/ru\/wp-json\/wp\/v2\/product\/75460","targetHints":{"allow":["GET"]}}],"collection":[{"href":"https:\/\/exlibris.ee\/ru\/wp-json\/wp\/v2\/product"}],"about":[{"href":"https:\/\/exlibris.ee\/ru\/wp-json\/wp\/v2\/types\/product"}],"wp:featuredmedia":[{"embeddable":true,"href":"https:\/\/exlibris.ee\/ru\/wp-json\/wp\/v2\/media\/747192"}],"wp:attachment":[{"href":"https:\/\/exlibris.ee\/ru\/wp-json\/wp\/v2\/media?parent=75460"}],"wp:term":[{"taxonomy":"product_brand","embeddable":true,"href":"https:\/\/exlibris.ee\/ru\/wp-json\/wp\/v2\/product_brand?post=75460"},{"taxonomy":"product_cat","embeddable":true,"href":"https:\/\/exlibris.ee\/ru\/wp-json\/wp\/v2\/product_cat?post=75460"},{"taxonomy":"product_tag","embeddable":true,"href":"https:\/\/exlibris.ee\/ru\/wp-json\/wp\/v2\/product_tag?post=75460"},{"taxonomy":"series","embeddable":true,"href":"https:\/\/exlibris.ee\/ru\/wp-json\/wp\/v2\/series?post=75460"},{"taxonomy":"publisher","embeddable":true,"href":"https:\/\/exlibris.ee\/ru\/wp-json\/wp\/v2\/publisher?post=75460"}],"curies":[{"name":"wp","href":"https:\/\/api.w.org\/{rel}","templated":true}]}}