{"id":75464,"date":"2023-06-12T15:22:46","date_gmt":"2023-06-12T12:22:46","guid":{"rendered":"https:\/\/exlibris.ee\/toode\/schritte-plus-in-jugendkursen-pdf-mp3-download-bd-3\/"},"modified":"2026-04-05T17:24:55","modified_gmt":"2026-04-05T14:24:55","slug":"schritte-plus-in-jugendkursen-pdf-mp3-download-bd-3","status":"publish","type":"product","link":"https:\/\/exlibris.ee\/ru\/produkt\/schritte-plus-in-jugendkursen-pdf-mp3-download-bd-3\/","title":{"rendered":"Schritte plus in Jugendkursen  PDF\/MP3-Download, Bd.3"},"content":{"rendered":"<p>Schritte plus in Jugendkursen Band 3 greift die Themen, Strukturen und Redemittel von Schritte plus 3 auf. Sie werden auf die Bed\u00fcrfnisse und Ziele von Teilnehmern in Integrationskursen f\u00fcr Jugendliche \u00fcbertragen und erg\u00e4nzt. Schwerpunkte: Kennenlernen von Berufen und Ausbildungsm\u00f6glichkeiten mit interessanten Lese- und H\u00f6rtexten, \u00dcbungen zu Rechtschreibung, Lernstrategien uvm. Unser Online-Angebot zu Band 3 bietet 15 Kopiervorlagen, die auf Ihren Unterricht mit Schritte plus 3 abgestimmt sind.<\/p>\n","protected":false},"excerpt":{"rendered":"<p>Schritte plus in Jugendkursen Band 3 greift die Themen, Strukturen und Redemittel von Schritte plus 3 auf. Sie werden auf die Bed\u00fcrfnisse und Ziele von Teilnehmern in Integrationskursen f\u00fcr Jugendliche \u00fcbertragen und erg\u00e4nzt. Schwerpunkte: Kennenlernen von Berufen und Ausbildungsm\u00f6glichkeiten mit&#8230;<\/p>\n","protected":false},"featured_media":75351,"template":"","meta":{"_acf_changed":false,"inline_featured_image":false},"product_brand":[],"product_cat":[477],"product_tag":[],"series":[{"id":1264,"name":"Schritte plus in Jugendkursen","slug":"schritte-plus-in-jugendkursen"}],"publisher":[{"id":497,"name":"Hueber Verlag","slug":"hueber-verlag"}],"class_list":{"0":"post-75464","1":"product","2":"type-product","3":"status-publish","4":"has-post-thumbnail","6":"product_cat-lehrwerke-fur-jugendliche","7":"series-schritte-plus-in-jugendkursen","8":"publisher-hueber-verlag","10":"first","11":"onbackorder","12":"taxable","13":"shipping-taxable","14":"purchasable","15":"product-type-simple"},"acf":[],"_links":{"self":[{"href":"https:\/\/exlibris.ee\/ru\/wp-json\/wp\/v2\/product\/75464","targetHints":{"allow":["GET"]}}],"collection":[{"href":"https:\/\/exlibris.ee\/ru\/wp-json\/wp\/v2\/product"}],"about":[{"href":"https:\/\/exlibris.ee\/ru\/wp-json\/wp\/v2\/types\/product"}],"wp:featuredmedia":[{"embeddable":true,"href":"https:\/\/exlibris.ee\/ru\/wp-json\/wp\/v2\/media\/75351"}],"wp:attachment":[{"href":"https:\/\/exlibris.ee\/ru\/wp-json\/wp\/v2\/media?parent=75464"}],"wp:term":[{"taxonomy":"product_brand","embeddable":true,"href":"https:\/\/exlibris.ee\/ru\/wp-json\/wp\/v2\/product_brand?post=75464"},{"taxonomy":"product_cat","embeddable":true,"href":"https:\/\/exlibris.ee\/ru\/wp-json\/wp\/v2\/product_cat?post=75464"},{"taxonomy":"product_tag","embeddable":true,"href":"https:\/\/exlibris.ee\/ru\/wp-json\/wp\/v2\/product_tag?post=75464"},{"taxonomy":"series","embeddable":true,"href":"https:\/\/exlibris.ee\/ru\/wp-json\/wp\/v2\/series?post=75464"},{"taxonomy":"publisher","embeddable":true,"href":"https:\/\/exlibris.ee\/ru\/wp-json\/wp\/v2\/publisher?post=75464"}],"curies":[{"name":"wp","href":"https:\/\/api.w.org\/{rel}","templated":true}]}}