{"id":75468,"date":"2023-06-12T15:22:46","date_gmt":"2023-06-12T12:22:46","guid":{"rendered":"https:\/\/exlibris.ee\/toode\/schritte-plus-in-jugendkursen-pdf-mp3-download-bd-1-6\/"},"modified":"2026-04-05T17:24:56","modified_gmt":"2026-04-05T14:24:56","slug":"schritte-plus-in-jugendkursen-pdf-mp3-download-bd-1-6","status":"publish","type":"product","link":"https:\/\/exlibris.ee\/ru\/produkt\/schritte-plus-in-jugendkursen-pdf-mp3-download-bd-1-6\/","title":{"rendered":"Schritte plus in Jugendkursen  PDF\/MP3-Download, Bd. 1-6"},"content":{"rendered":"<p>Schritte plus in Jugendkursen, Band 1 bis 6, greift die Themen, Strukturen und Redemittel von Schritte plus 1 bis 6 auf. Sie werden auf die Bed\u00fcrfnisse und Ziele von Teilnehmern in Integrationskursen f\u00fcr Jugendliche \u00fcbertragen und erg\u00e4nzt. Schwerpunkte: Kennenlernen von Berufen und Ausbildungsm\u00f6glichkeiten mit interessanten Lese- und H\u00f6rtexten, \u00dcbungen zu Rechtschreibung, Lernstrategien uvm. Unser Online-Angebot Band 1 bis 6 bietet insg. 90 Kopiervorlagen (je 15 Kopiervorlagen zu den B\u00e4nden 1 bis 6), die auf Ihren Unterricht mit Schritte plus abgestimmt sind.<\/p>\n","protected":false},"excerpt":{"rendered":"<p>Schritte plus in Jugendkursen, Band 1 bis 6, greift die Themen, Strukturen und Redemittel von Schritte plus 1 bis 6 auf. Sie werden auf die Bed\u00fcrfnisse und Ziele von Teilnehmern in Integrationskursen f\u00fcr Jugendliche \u00fcbertragen und erg\u00e4nzt. Schwerpunkte: Kennenlernen von&#8230;<\/p>\n","protected":false},"featured_media":75378,"template":"","meta":{"_acf_changed":false,"inline_featured_image":false},"product_brand":[],"product_cat":[477],"product_tag":[],"series":[{"id":1264,"name":"Schritte plus in Jugendkursen","slug":"schritte-plus-in-jugendkursen"}],"publisher":[{"id":497,"name":"Hueber Verlag","slug":"hueber-verlag"}],"class_list":{"0":"post-75468","1":"product","2":"type-product","3":"status-publish","4":"has-post-thumbnail","6":"product_cat-lehrwerke-fur-jugendliche","7":"series-schritte-plus-in-jugendkursen","8":"publisher-hueber-verlag","10":"first","11":"onbackorder","12":"taxable","13":"shipping-taxable","14":"purchasable","15":"product-type-simple"},"acf":[],"_links":{"self":[{"href":"https:\/\/exlibris.ee\/ru\/wp-json\/wp\/v2\/product\/75468","targetHints":{"allow":["GET"]}}],"collection":[{"href":"https:\/\/exlibris.ee\/ru\/wp-json\/wp\/v2\/product"}],"about":[{"href":"https:\/\/exlibris.ee\/ru\/wp-json\/wp\/v2\/types\/product"}],"wp:featuredmedia":[{"embeddable":true,"href":"https:\/\/exlibris.ee\/ru\/wp-json\/wp\/v2\/media\/75378"}],"wp:attachment":[{"href":"https:\/\/exlibris.ee\/ru\/wp-json\/wp\/v2\/media?parent=75468"}],"wp:term":[{"taxonomy":"product_brand","embeddable":true,"href":"https:\/\/exlibris.ee\/ru\/wp-json\/wp\/v2\/product_brand?post=75468"},{"taxonomy":"product_cat","embeddable":true,"href":"https:\/\/exlibris.ee\/ru\/wp-json\/wp\/v2\/product_cat?post=75468"},{"taxonomy":"product_tag","embeddable":true,"href":"https:\/\/exlibris.ee\/ru\/wp-json\/wp\/v2\/product_tag?post=75468"},{"taxonomy":"series","embeddable":true,"href":"https:\/\/exlibris.ee\/ru\/wp-json\/wp\/v2\/series?post=75468"},{"taxonomy":"publisher","embeddable":true,"href":"https:\/\/exlibris.ee\/ru\/wp-json\/wp\/v2\/publisher?post=75468"}],"curies":[{"name":"wp","href":"https:\/\/api.w.org\/{rel}","templated":true}]}}