{"id":75686,"date":"2023-06-12T15:23:09","date_gmt":"2023-06-12T12:23:09","guid":{"rendered":"https:\/\/exlibris.ee\/toode\/schritte-plus-im-beruf-pdf-mp3-download-modul-1-5\/"},"modified":"2026-04-14T21:22:03","modified_gmt":"2026-04-14T18:22:03","slug":"schritte-plus-im-beruf-pdf-mp3-download-modul-1-5","status":"publish","type":"product","link":"https:\/\/exlibris.ee\/ru\/produkt\/schritte-plus-im-beruf-pdf-mp3-download-modul-1-5\/","title":{"rendered":"Schritte plus im Beruf  PDF\/MP3-Download Modul 1\u20135"},"content":{"rendered":"<p>Unser Online-Angebot Schritte plus im Beruf bietet in 5 Modulen Zusatzmaterialien zur Berufssprache, die auf Ihren Unterricht mit Schritte plus abgestimmt sind: Modul 1: Aktuelle Texte aus Beruf &amp; Wirtschaft Modul 2: Deutsch f\u00fcr &#8230; Ihre Berufsgruppe Modul 3: Gespr\u00e4che f\u00fchren Modul 4: Schriftliche Kommunikation Modul 5: Audio-Dateien Das Gesamt-Modul (Modul 1-5) enth\u00e4lt insgesamt 95 Materialien (Kopiervorlagen und H\u00f6rdateien). Einen \u00dcberblick \u00fcber die einzelnen Themen gibt Ihnen das Inhaltsverzeichnis. Mit der Bezahlung erhalten Sie Zugang zu den Online-Materialien und k\u00f6nnen diese auf Ihrem Computer abspeichern. Jedes Modul ist auch einzeln erh\u00e4ltlich.<\/p>\n","protected":false},"excerpt":{"rendered":"<p>Unser Online-Angebot Schritte plus im Beruf bietet in 5 Modulen Zusatzmaterialien zur Berufssprache, die auf Ihren Unterricht mit Schritte plus abgestimmt sind: Modul 1: Aktuelle Texte aus Beruf &amp; Wirtschaft Modul 2: Deutsch f\u00fcr &#8230; Ihre Berufsgruppe Modul 3: Gespr\u00e4che&#8230;<\/p>\n","protected":false},"featured_media":270442,"template":"","meta":{"_acf_changed":false,"inline_featured_image":false},"product_brand":[],"product_cat":[538],"product_tag":[],"series":[{"id":1262,"name":"Schritte plus im Beruf","slug":"schritte-plus-im-beruf"}],"publisher":[{"id":497,"name":"Hueber Verlag","slug":"hueber-verlag"}],"class_list":{"0":"post-75686","1":"product","2":"type-product","3":"status-publish","4":"has-post-thumbnail","6":"product_cat-lehrwerke-fur-erwachsene","7":"series-schritte-plus-im-beruf","8":"publisher-hueber-verlag","10":"first","11":"onbackorder","12":"taxable","13":"shipping-taxable","14":"purchasable","15":"product-type-simple"},"acf":[],"_links":{"self":[{"href":"https:\/\/exlibris.ee\/ru\/wp-json\/wp\/v2\/product\/75686","targetHints":{"allow":["GET"]}}],"collection":[{"href":"https:\/\/exlibris.ee\/ru\/wp-json\/wp\/v2\/product"}],"about":[{"href":"https:\/\/exlibris.ee\/ru\/wp-json\/wp\/v2\/types\/product"}],"wp:featuredmedia":[{"embeddable":true,"href":"https:\/\/exlibris.ee\/ru\/wp-json\/wp\/v2\/media\/270442"}],"wp:attachment":[{"href":"https:\/\/exlibris.ee\/ru\/wp-json\/wp\/v2\/media?parent=75686"}],"wp:term":[{"taxonomy":"product_brand","embeddable":true,"href":"https:\/\/exlibris.ee\/ru\/wp-json\/wp\/v2\/product_brand?post=75686"},{"taxonomy":"product_cat","embeddable":true,"href":"https:\/\/exlibris.ee\/ru\/wp-json\/wp\/v2\/product_cat?post=75686"},{"taxonomy":"product_tag","embeddable":true,"href":"https:\/\/exlibris.ee\/ru\/wp-json\/wp\/v2\/product_tag?post=75686"},{"taxonomy":"series","embeddable":true,"href":"https:\/\/exlibris.ee\/ru\/wp-json\/wp\/v2\/series?post=75686"},{"taxonomy":"publisher","embeddable":true,"href":"https:\/\/exlibris.ee\/ru\/wp-json\/wp\/v2\/publisher?post=75686"}],"curies":[{"name":"wp","href":"https:\/\/api.w.org\/{rel}","templated":true}]}}