{"id":75692,"date":"2023-06-12T15:23:10","date_gmt":"2023-06-12T12:23:10","guid":{"rendered":"https:\/\/exlibris.ee\/toode\/schritte-plus-im-beruf-modul-5-deutsch-in-der-kaffeepause-pdf-mp3-download\/"},"modified":"2026-04-25T19:26:29","modified_gmt":"2026-04-25T16:26:29","slug":"schritte-plus-im-beruf-modul-5-deutsch-in-der-kaffeepause-pdf-mp3-download","status":"publish","type":"product","link":"https:\/\/exlibris.ee\/ru\/produkt\/schritte-plus-im-beruf-modul-5-deutsch-in-der-kaffeepause-pdf-mp3-download\/","title":{"rendered":"Schritte plus im Beruf, Modul 5  Deutsch in der Kaffeepause \/ PDF\/MP3-Download"},"content":{"rendered":"<p>Unser Online-Angebot Schritte plus im Beruf bietet in 5 Modulen Zusatzmaterialien zur Berufssprache, die auf Ihren Unterricht mit Schritte plus abgestimmt sind. In Modul 5: Audio-Dateien finden Sie 20 Gespr\u00e4chssequenzen mit Transkriptionen aus dem Berufsalltag zum H\u00f6ren und Nachsprechen. Einen \u00dcberblick \u00fcber die einzelnen Themen gibt Ihnen das Inhaltsverzeichnis. Mit der Bezahlung erhalten Sie Zugang zu den Online-Materialien und k\u00f6nnen diese auf Ihrem Computer abspeichern.<\/p>\n","protected":false},"excerpt":{"rendered":"<p>Unser Online-Angebot Schritte plus im Beruf bietet in 5 Modulen Zusatzmaterialien zur Berufssprache, die auf Ihren Unterricht mit Schritte plus abgestimmt sind. In Modul 5: Audio-Dateien finden Sie 20 Gespr\u00e4chssequenzen mit Transkriptionen aus dem Berufsalltag zum H\u00f6ren und Nachsprechen. Einen&#8230;<\/p>\n","protected":false},"featured_media":474545,"template":"","meta":{"_acf_changed":false,"inline_featured_image":false},"product_brand":[],"product_cat":[538],"product_tag":[],"series":[{"id":1262,"name":"Schritte plus im Beruf","slug":"schritte-plus-im-beruf"}],"publisher":[{"id":497,"name":"Hueber Verlag","slug":"hueber-verlag"}],"class_list":{"0":"post-75692","1":"product","2":"type-product","3":"status-publish","4":"has-post-thumbnail","6":"product_cat-lehrwerke-fur-erwachsene","7":"series-schritte-plus-im-beruf","8":"publisher-hueber-verlag","10":"first","11":"onbackorder","12":"taxable","13":"shipping-taxable","14":"purchasable","15":"product-type-simple"},"acf":[],"_links":{"self":[{"href":"https:\/\/exlibris.ee\/ru\/wp-json\/wp\/v2\/product\/75692","targetHints":{"allow":["GET"]}}],"collection":[{"href":"https:\/\/exlibris.ee\/ru\/wp-json\/wp\/v2\/product"}],"about":[{"href":"https:\/\/exlibris.ee\/ru\/wp-json\/wp\/v2\/types\/product"}],"wp:featuredmedia":[{"embeddable":true,"href":"https:\/\/exlibris.ee\/ru\/wp-json\/wp\/v2\/media\/474545"}],"wp:attachment":[{"href":"https:\/\/exlibris.ee\/ru\/wp-json\/wp\/v2\/media?parent=75692"}],"wp:term":[{"taxonomy":"product_brand","embeddable":true,"href":"https:\/\/exlibris.ee\/ru\/wp-json\/wp\/v2\/product_brand?post=75692"},{"taxonomy":"product_cat","embeddable":true,"href":"https:\/\/exlibris.ee\/ru\/wp-json\/wp\/v2\/product_cat?post=75692"},{"taxonomy":"product_tag","embeddable":true,"href":"https:\/\/exlibris.ee\/ru\/wp-json\/wp\/v2\/product_tag?post=75692"},{"taxonomy":"series","embeddable":true,"href":"https:\/\/exlibris.ee\/ru\/wp-json\/wp\/v2\/series?post=75692"},{"taxonomy":"publisher","embeddable":true,"href":"https:\/\/exlibris.ee\/ru\/wp-json\/wp\/v2\/publisher?post=75692"}],"curies":[{"name":"wp","href":"https:\/\/api.w.org\/{rel}","templated":true}]}}