{"id":80184,"date":"2023-06-13T10:44:06","date_gmt":"2023-06-13T07:44:06","guid":{"rendered":"https:\/\/exlibris.ee\/toode\/tamtam-erster-kontakt-deutsch-fur-kinder-lehrerhandbuch\/"},"modified":"2026-04-13T23:32:30","modified_gmt":"2026-04-13T20:32:30","slug":"tamtam-erster-kontakt-deutsch-fur-kinder-lehrerhandbuch","status":"publish","type":"product","link":"https:\/\/exlibris.ee\/ru\/produkt\/tamtam-erster-kontakt-deutsch-fur-kinder-lehrerhandbuch\/","title":{"rendered":"Tamtam  Erster Kontakt Deutsch f\u00fcr Kinder \/ Lehrerhandbuch"},"content":{"rendered":"<p>Das Lehrerhandbuch enth\u00e4lt den kompletten Sprachkurs und ist daher ein notwendiger Teil des Lehrwerks. Es f\u00fchrt die Lernenden durch den Kurs, denn es &#8212; gibt eine ausf\u00fchrliche Beschreibung jedes Lernschritts &#8212; enth\u00e4lt alle im Kurs notwendigen Materialien (Kopiervorlagen f\u00fcr Bild-Wortkarten, Schwung\u00fcbungen) &#8212; bietet Schreibschriftvorlagen.<\/p>\n","protected":false},"excerpt":{"rendered":"<p>Das Lehrerhandbuch enth\u00e4lt den kompletten Sprachkurs und ist daher ein notwendiger Teil des Lehrwerks. Es f\u00fchrt die Lernenden durch den Kurs, denn es &#8212; gibt eine ausf\u00fchrliche Beschreibung jedes Lernschritts &#8212; enth\u00e4lt alle im Kurs notwendigen Materialien (Kopiervorlagen f\u00fcr Bild-Wortkarten,&#8230;<\/p>\n","protected":false},"featured_media":252348,"template":"","meta":{"_acf_changed":false,"inline_featured_image":false},"product_brand":[],"product_cat":[471],"product_tag":[],"series":[{"id":1274,"name":"Tamtam","slug":"tamtam"}],"publisher":[{"id":497,"name":"Hueber Verlag","slug":"hueber-verlag"}],"class_list":{"0":"post-80184","1":"product","2":"type-product","3":"status-publish","4":"has-post-thumbnail","6":"product_cat-lehrwerke-fur-kinder","7":"series-tamtam","8":"publisher-hueber-verlag","10":"first","11":"instock","12":"taxable","13":"shipping-taxable","14":"purchasable","15":"product-type-simple"},"acf":[],"_links":{"self":[{"href":"https:\/\/exlibris.ee\/ru\/wp-json\/wp\/v2\/product\/80184","targetHints":{"allow":["GET"]}}],"collection":[{"href":"https:\/\/exlibris.ee\/ru\/wp-json\/wp\/v2\/product"}],"about":[{"href":"https:\/\/exlibris.ee\/ru\/wp-json\/wp\/v2\/types\/product"}],"wp:featuredmedia":[{"embeddable":true,"href":"https:\/\/exlibris.ee\/ru\/wp-json\/wp\/v2\/media\/252348"}],"wp:attachment":[{"href":"https:\/\/exlibris.ee\/ru\/wp-json\/wp\/v2\/media?parent=80184"}],"wp:term":[{"taxonomy":"product_brand","embeddable":true,"href":"https:\/\/exlibris.ee\/ru\/wp-json\/wp\/v2\/product_brand?post=80184"},{"taxonomy":"product_cat","embeddable":true,"href":"https:\/\/exlibris.ee\/ru\/wp-json\/wp\/v2\/product_cat?post=80184"},{"taxonomy":"product_tag","embeddable":true,"href":"https:\/\/exlibris.ee\/ru\/wp-json\/wp\/v2\/product_tag?post=80184"},{"taxonomy":"series","embeddable":true,"href":"https:\/\/exlibris.ee\/ru\/wp-json\/wp\/v2\/series?post=80184"},{"taxonomy":"publisher","embeddable":true,"href":"https:\/\/exlibris.ee\/ru\/wp-json\/wp\/v2\/publisher?post=80184"}],"curies":[{"name":"wp","href":"https:\/\/api.w.org\/{rel}","templated":true}]}}