{"id":80269,"date":"2023-06-13T10:45:18","date_gmt":"2023-06-13T07:45:18","guid":{"rendered":"https:\/\/exlibris.ee\/toode\/szenisches-lernen-theaterarbeit-im-daf-unterricht-buch\/"},"modified":"2026-04-24T01:44:17","modified_gmt":"2026-04-23T22:44:17","slug":"szenisches-lernen-theaterarbeit-im-daf-unterricht-buch","status":"publish","type":"product","link":"https:\/\/exlibris.ee\/ru\/produkt\/szenisches-lernen-theaterarbeit-im-daf-unterricht-buch\/","title":{"rendered":"Szenisches Lernen  Theaterarbeit im DaF-Unterricht \/ Buch"},"content":{"rendered":"<p>Zielgruppe Unterrichtende und Studierende DaF\/DaZ Szenisches Lernen im Fach Deutsch als Fremdsprache ist ein Versuch, dem weithin auf Pr\u00fcfungen und damit auf Niveaustufen fixierten Unterricht aufzubrechen, um ihm ein ganzheitliches Fundament zu geben und von seiner Kopflastigkeit zu befreien. Am Unterrichtsalltag orientiert wird in diesem Band konkret gezeigt, wie ein ver\u00e4ndertes Bewusstsein den Alltag zu ver\u00e4ndern vermag. Was zum Beispiel wird anders, wenn man Texte als Spielvorlage sieht und nicht als Fundgrube grammatischer Strukturen? Szenisches Lernen wird zu einem Rezeptbuch, das die M\u00f6glichkeiten der Theaterarbeit f\u00fcr den Unterricht nutzt und au\u00dferdem den Mehrwert zeigt, der sich aus einem solchen Unterricht ergibt: Bei einem am szenischen Lernen orientierten Unterricht ist es relativ leicht m\u00f6glich, aus dem Unterrichtsalltag heraus das Unterrichtsereignis einer Theaterauff\u00fchrung entstehen zu lassen, um damit anderen Klassen, den Eltern oder der \u00d6ffentlichkeit zu demonstrieren, was Sprachunterricht zu leisten vermag -. ein sprachpolitisch immer bedeutsamerer Punkt.<\/p>\n","protected":false},"excerpt":{"rendered":"<p>Zielgruppe Unterrichtende und Studierende DaF\/DaZ Szenisches Lernen im Fach Deutsch als Fremdsprache ist ein Versuch, dem weithin auf Pr\u00fcfungen und damit auf Niveaustufen fixierten Unterricht aufzubrechen, um ihm ein ganzheitliches Fundament zu geben und von seiner Kopflastigkeit zu befreien. Am&#8230;<\/p>\n","protected":false},"featured_media":440012,"template":"","meta":{"_acf_changed":false,"inline_featured_image":false},"product_brand":[],"product_cat":[886],"product_tag":[],"series":[],"publisher":[{"id":497,"name":"Hueber Verlag","slug":"hueber-verlag"}],"class_list":{"0":"post-80269","1":"product","2":"type-product","3":"status-publish","4":"has-post-thumbnail","6":"product_cat-methodik","7":"publisher-hueber-verlag","9":"first","10":"instock","11":"taxable","12":"shipping-taxable","13":"purchasable","14":"product-type-simple"},"acf":[],"_links":{"self":[{"href":"https:\/\/exlibris.ee\/ru\/wp-json\/wp\/v2\/product\/80269","targetHints":{"allow":["GET"]}}],"collection":[{"href":"https:\/\/exlibris.ee\/ru\/wp-json\/wp\/v2\/product"}],"about":[{"href":"https:\/\/exlibris.ee\/ru\/wp-json\/wp\/v2\/types\/product"}],"wp:featuredmedia":[{"embeddable":true,"href":"https:\/\/exlibris.ee\/ru\/wp-json\/wp\/v2\/media\/440012"}],"wp:attachment":[{"href":"https:\/\/exlibris.ee\/ru\/wp-json\/wp\/v2\/media?parent=80269"}],"wp:term":[{"taxonomy":"product_brand","embeddable":true,"href":"https:\/\/exlibris.ee\/ru\/wp-json\/wp\/v2\/product_brand?post=80269"},{"taxonomy":"product_cat","embeddable":true,"href":"https:\/\/exlibris.ee\/ru\/wp-json\/wp\/v2\/product_cat?post=80269"},{"taxonomy":"product_tag","embeddable":true,"href":"https:\/\/exlibris.ee\/ru\/wp-json\/wp\/v2\/product_tag?post=80269"},{"taxonomy":"series","embeddable":true,"href":"https:\/\/exlibris.ee\/ru\/wp-json\/wp\/v2\/series?post=80269"},{"taxonomy":"publisher","embeddable":true,"href":"https:\/\/exlibris.ee\/ru\/wp-json\/wp\/v2\/publisher?post=80269"}],"curies":[{"name":"wp","href":"https:\/\/api.w.org\/{rel}","templated":true}]}}