{"id":80272,"date":"2023-06-13T10:45:18","date_gmt":"2023-06-13T07:45:18","guid":{"rendered":"https:\/\/exlibris.ee\/toode\/tamburin-2-deutsch-fur-kinder-2-audio-cds-zum-lehrbuch\/"},"modified":"2026-04-13T23:35:36","modified_gmt":"2026-04-13T20:35:36","slug":"tamburin-2-deutsch-fur-kinder-2-audio-cds-zum-lehrbuch","status":"publish","type":"product","link":"https:\/\/exlibris.ee\/ru\/produkt\/tamburin-2-deutsch-fur-kinder-2-audio-cds-zum-lehrbuch\/","title":{"rendered":"Tamburin 2  Deutsch f\u00fcr Kinder \/ 2 Audio-CDs zum Lehrbuch"},"content":{"rendered":"<p>Die 2 CDs enthalten alle H\u00f6rtexte und Lieder sowie \u00dcbungen zur Schulung der Aussprache. Die Lieder werden mit einer Playbackfassung f\u00fcr alle Strophen angeboten, sodass die Sch\u00fcler sie nachsingen oder auch Varianten der Liedtexte singen k\u00f6nnen.<\/p>\n","protected":false},"excerpt":{"rendered":"<p>Die 2 CDs enthalten alle H\u00f6rtexte und Lieder sowie \u00dcbungen zur Schulung der Aussprache. Die Lieder werden mit einer Playbackfassung f\u00fcr alle Strophen angeboten, sodass die Sch\u00fcler sie nachsingen oder auch Varianten der Liedtexte singen k\u00f6nnen.<\/p>\n","protected":false},"featured_media":252513,"template":"","meta":{"_acf_changed":false,"inline_featured_image":false},"product_brand":[],"product_cat":[471],"product_tag":[],"series":[{"id":1268,"name":"Tamburin","slug":"tamburin"}],"publisher":[{"id":497,"name":"Hueber Verlag","slug":"hueber-verlag"}],"class_list":{"0":"post-80272","1":"product","2":"type-product","3":"status-publish","4":"has-post-thumbnail","6":"product_cat-lehrwerke-fur-kinder","7":"series-tamburin","8":"publisher-hueber-verlag","10":"first","11":"instock","12":"taxable","13":"shipping-taxable","14":"purchasable","15":"product-type-simple"},"acf":[],"_links":{"self":[{"href":"https:\/\/exlibris.ee\/ru\/wp-json\/wp\/v2\/product\/80272","targetHints":{"allow":["GET"]}}],"collection":[{"href":"https:\/\/exlibris.ee\/ru\/wp-json\/wp\/v2\/product"}],"about":[{"href":"https:\/\/exlibris.ee\/ru\/wp-json\/wp\/v2\/types\/product"}],"wp:featuredmedia":[{"embeddable":true,"href":"https:\/\/exlibris.ee\/ru\/wp-json\/wp\/v2\/media\/252513"}],"wp:attachment":[{"href":"https:\/\/exlibris.ee\/ru\/wp-json\/wp\/v2\/media?parent=80272"}],"wp:term":[{"taxonomy":"product_brand","embeddable":true,"href":"https:\/\/exlibris.ee\/ru\/wp-json\/wp\/v2\/product_brand?post=80272"},{"taxonomy":"product_cat","embeddable":true,"href":"https:\/\/exlibris.ee\/ru\/wp-json\/wp\/v2\/product_cat?post=80272"},{"taxonomy":"product_tag","embeddable":true,"href":"https:\/\/exlibris.ee\/ru\/wp-json\/wp\/v2\/product_tag?post=80272"},{"taxonomy":"series","embeddable":true,"href":"https:\/\/exlibris.ee\/ru\/wp-json\/wp\/v2\/series?post=80272"},{"taxonomy":"publisher","embeddable":true,"href":"https:\/\/exlibris.ee\/ru\/wp-json\/wp\/v2\/publisher?post=80272"}],"curies":[{"name":"wp","href":"https:\/\/api.w.org\/{rel}","templated":true}]}}