{"id":80316,"date":"2023-06-13T10:46:16","date_gmt":"2023-06-13T07:46:16","guid":{"rendered":"https:\/\/exlibris.ee\/toode\/sicher-b1-interaktive-digitale-ausgabe-digitalisiertes-arbeitsbuch-mit-integrierten-audiodateien-und-interaktiven-ubungen\/"},"modified":"2026-04-13T05:30:16","modified_gmt":"2026-04-13T02:30:16","slug":"sicher-b1-interaktive-digitale-ausgabe-digitalisiertes-arbeitsbuch-mit-integrierten-audiodateien-und-interaktiven-ubungen","status":"publish","type":"product","link":"https:\/\/exlibris.ee\/ru\/produkt\/sicher-b1-interaktive-digitale-ausgabe-digitalisiertes-arbeitsbuch-mit-integrierten-audiodateien-und-interaktiven-ubungen\/","title":{"rendered":"Sicher! B1+ \u2013 Interaktive digitale Ausgabe  Digitalisiertes Arbeitsbuch mit integrierten Audiodateien und interaktiven \u00dcbungen"},"content":{"rendered":"<p>Digitales Arbeitsbuch mit integrierten Audiodateien und zahlreichen interaktiven \u00dcbungen &#8212; vertiefende \u00dcbungen zu Wortschatz, Grammatik und allen Fertigkeiten &#8212; zu Beginn jeder Lektion Wiederholung wichtiger Wortfelder aus den vorhergehenden Stufen &#8212; Vorentlastung komplexer Grammatikthemen durch wiederholende Aufgaben &#8212; Selbsttest am Ende jeder Lektion &#8212; mit integrierten MP3-Dateien Zus\u00e4tzliche Funktionen auf der Lern-Plattform BlinkLearning In der Version f\u00fcr Lernende: Notenanzeige und Leistungsstandspeicherung bei den interaktiven \u00dcbungen. In der Version f\u00fcr Lehrkr\u00e4fte: Der Leistungsstand Ihrer einzelnen Sch\u00fcler\/innen und Ihrer Klasse wird Ihnen \u00fcbersichtlich angezeigt. Mit einem Klick k\u00f6nnen Sie Ihren Sch\u00fcler\/innen eine passende \u00dcbung zuweisen.<\/p>\n","protected":false},"excerpt":{"rendered":"<p>Digitales Arbeitsbuch mit integrierten Audiodateien und zahlreichen interaktiven \u00dcbungen &#8212; vertiefende \u00dcbungen zu Wortschatz, Grammatik und allen Fertigkeiten &#8212; zu Beginn jeder Lektion Wiederholung wichtiger Wortfelder aus den vorhergehenden Stufen &#8212; Vorentlastung komplexer Grammatikthemen durch wiederholende Aufgaben &#8212; Selbsttest am&#8230;<\/p>\n","protected":false},"featured_media":235824,"template":"","meta":{"_acf_changed":false,"inline_featured_image":false},"product_brand":[],"product_cat":[885],"product_tag":[],"series":[{"id":524,"name":"Sicher! B1+","slug":"sicher-b1"}],"publisher":[{"id":497,"name":"Hueber Verlag","slug":"hueber-verlag"}],"class_list":{"0":"post-80316","1":"product","2":"type-product","3":"status-publish","4":"has-post-thumbnail","6":"product_cat-berufssprache","7":"series-sicher-b1","8":"publisher-hueber-verlag","10":"first","11":"onbackorder","12":"taxable","13":"shipping-taxable","14":"purchasable","15":"product-type-simple"},"acf":[],"_links":{"self":[{"href":"https:\/\/exlibris.ee\/ru\/wp-json\/wp\/v2\/product\/80316","targetHints":{"allow":["GET"]}}],"collection":[{"href":"https:\/\/exlibris.ee\/ru\/wp-json\/wp\/v2\/product"}],"about":[{"href":"https:\/\/exlibris.ee\/ru\/wp-json\/wp\/v2\/types\/product"}],"wp:featuredmedia":[{"embeddable":true,"href":"https:\/\/exlibris.ee\/ru\/wp-json\/wp\/v2\/media\/235824"}],"wp:attachment":[{"href":"https:\/\/exlibris.ee\/ru\/wp-json\/wp\/v2\/media?parent=80316"}],"wp:term":[{"taxonomy":"product_brand","embeddable":true,"href":"https:\/\/exlibris.ee\/ru\/wp-json\/wp\/v2\/product_brand?post=80316"},{"taxonomy":"product_cat","embeddable":true,"href":"https:\/\/exlibris.ee\/ru\/wp-json\/wp\/v2\/product_cat?post=80316"},{"taxonomy":"product_tag","embeddable":true,"href":"https:\/\/exlibris.ee\/ru\/wp-json\/wp\/v2\/product_tag?post=80316"},{"taxonomy":"series","embeddable":true,"href":"https:\/\/exlibris.ee\/ru\/wp-json\/wp\/v2\/series?post=80316"},{"taxonomy":"publisher","embeddable":true,"href":"https:\/\/exlibris.ee\/ru\/wp-json\/wp\/v2\/publisher?post=80316"}],"curies":[{"name":"wp","href":"https:\/\/api.w.org\/{rel}","templated":true}]}}