{"id":80370,"date":"2023-06-13T10:47:16","date_gmt":"2023-06-13T07:47:16","guid":{"rendered":"https:\/\/exlibris.ee\/toode\/sicher-b1-im-beruf-berufsmaterialien-pdf-download\/"},"modified":"2026-04-13T05:35:01","modified_gmt":"2026-04-13T02:35:01","slug":"sicher-b1-im-beruf-berufsmaterialien-pdf-download","status":"publish","type":"product","link":"https:\/\/exlibris.ee\/ru\/produkt\/sicher-b1-im-beruf-berufsmaterialien-pdf-download\/","title":{"rendered":"Sicher! B1+ im Beruf  Berufsmaterialien PDF-Download"},"content":{"rendered":"<p>Zu jeder Lektion von Sicher! B1+ gibt es zwei didaktisierte Arbeitsbl\u00e4tter f\u00fcr die Bearbeitung im Kurs. Die Arbeitsbl\u00e4tter sind thematisch an die Lektion angebunden, aber mit berufsorientiertem Inhalt.<\/p>\n","protected":false},"excerpt":{"rendered":"<p>Zu jeder Lektion von Sicher! B1+ gibt es zwei didaktisierte Arbeitsbl\u00e4tter f\u00fcr die Bearbeitung im Kurs. Die Arbeitsbl\u00e4tter sind thematisch an die Lektion angebunden, aber mit berufsorientiertem Inhalt.<\/p>\n","protected":false},"featured_media":236030,"template":"","meta":{"_acf_changed":false,"inline_featured_image":false},"product_brand":[],"product_cat":[885],"product_tag":[],"series":[{"id":524,"name":"Sicher! B1+","slug":"sicher-b1"}],"publisher":[{"id":497,"name":"Hueber Verlag","slug":"hueber-verlag"}],"class_list":{"0":"post-80370","1":"product","2":"type-product","3":"status-publish","4":"has-post-thumbnail","6":"product_cat-berufssprache","7":"series-sicher-b1","8":"publisher-hueber-verlag","10":"first","11":"onbackorder","12":"taxable","13":"shipping-taxable","14":"purchasable","15":"product-type-simple"},"acf":[],"_links":{"self":[{"href":"https:\/\/exlibris.ee\/ru\/wp-json\/wp\/v2\/product\/80370","targetHints":{"allow":["GET"]}}],"collection":[{"href":"https:\/\/exlibris.ee\/ru\/wp-json\/wp\/v2\/product"}],"about":[{"href":"https:\/\/exlibris.ee\/ru\/wp-json\/wp\/v2\/types\/product"}],"wp:featuredmedia":[{"embeddable":true,"href":"https:\/\/exlibris.ee\/ru\/wp-json\/wp\/v2\/media\/236030"}],"wp:attachment":[{"href":"https:\/\/exlibris.ee\/ru\/wp-json\/wp\/v2\/media?parent=80370"}],"wp:term":[{"taxonomy":"product_brand","embeddable":true,"href":"https:\/\/exlibris.ee\/ru\/wp-json\/wp\/v2\/product_brand?post=80370"},{"taxonomy":"product_cat","embeddable":true,"href":"https:\/\/exlibris.ee\/ru\/wp-json\/wp\/v2\/product_cat?post=80370"},{"taxonomy":"product_tag","embeddable":true,"href":"https:\/\/exlibris.ee\/ru\/wp-json\/wp\/v2\/product_tag?post=80370"},{"taxonomy":"series","embeddable":true,"href":"https:\/\/exlibris.ee\/ru\/wp-json\/wp\/v2\/series?post=80370"},{"taxonomy":"publisher","embeddable":true,"href":"https:\/\/exlibris.ee\/ru\/wp-json\/wp\/v2\/publisher?post=80370"}],"curies":[{"name":"wp","href":"https:\/\/api.w.org\/{rel}","templated":true}]}}