{"id":80423,"date":"2023-06-13T10:48:15","date_gmt":"2023-06-13T07:48:15","guid":{"rendered":"https:\/\/exlibris.ee\/toode\/sicher-aktuell-b2-arbeitsbuch-mit-mp3-cd\/"},"modified":"2026-04-18T15:43:05","modified_gmt":"2026-04-18T12:43:05","slug":"sicher-aktuell-b2-arbeitsbuch-mit-mp3-cd","status":"publish","type":"product","link":"https:\/\/exlibris.ee\/ru\/produkt\/sicher-aktuell-b2-arbeitsbuch-mit-mp3-cd\/","title":{"rendered":"Sicher! aktuell B2  Arbeitsbuch mit MP3-CD"},"content":{"rendered":"<p>Sicher! aktuell ist die Aktualisierung des bestehenden Lehrwerks Sicher! mit Fokus auf die ge\u00e4nderten Pr\u00fcfungsformate des neuen Goethe-Zertifikats B2 (ab Januar 2019) sowie der Pr\u00fcfungen Telc B2, Telc B1-B2 Beruf und \u00d6SD ZB2. Zahlreiche neue Aufgaben decken die ge\u00e4nderten Pr\u00fcfungsformate dieser vier Pr\u00fcfungen ab. Im Anhang findet sich eine detaillierte \u00dcbersicht aller im Buch ge\u00fcbten Pr\u00fcfungsformate. Arbeitsbuch: &#8212; vertiefende \u00dcbungen zu Wortschatz, Grammatik und allen Fertigkeiten &#8212; zu Beginn jeder Lektion Wiederholung wichtiger Wortfelder aus den vorhergehenden Stufen &#8212; Vorentlastung komplexer Grammatikthemen durch wiederholende Aufgaben &#8212; Selbsttest am Ende jeder Lektion &#8212; mit integrierter MP3-CD.<\/p>\n","protected":false},"excerpt":{"rendered":"<p>Sicher! aktuell ist die Aktualisierung des bestehenden Lehrwerks Sicher! mit Fokus auf die ge\u00e4nderten Pr\u00fcfungsformate des neuen Goethe-Zertifikats B2 (ab Januar 2019) sowie der Pr\u00fcfungen Telc B2, Telc B1-B2 Beruf und \u00d6SD ZB2. Zahlreiche neue Aufgaben decken die ge\u00e4nderten Pr\u00fcfungsformate&#8230;<\/p>\n","protected":false},"featured_media":338287,"template":"","meta":{"_acf_changed":false,"inline_featured_image":false},"product_brand":[],"product_cat":[885],"product_tag":[],"series":[{"id":1280,"name":"Sicher! aktuell B2","slug":"sicher-aktuell-b2"}],"publisher":[{"id":497,"name":"Hueber Verlag","slug":"hueber-verlag"}],"class_list":{"0":"post-80423","1":"product","2":"type-product","3":"status-publish","4":"has-post-thumbnail","6":"product_cat-berufssprache","7":"series-sicher-aktuell-b2","8":"publisher-hueber-verlag","10":"first","11":"onbackorder","12":"taxable","13":"shipping-taxable","14":"purchasable","15":"product-type-simple"},"acf":[],"_links":{"self":[{"href":"https:\/\/exlibris.ee\/ru\/wp-json\/wp\/v2\/product\/80423","targetHints":{"allow":["GET"]}}],"collection":[{"href":"https:\/\/exlibris.ee\/ru\/wp-json\/wp\/v2\/product"}],"about":[{"href":"https:\/\/exlibris.ee\/ru\/wp-json\/wp\/v2\/types\/product"}],"wp:featuredmedia":[{"embeddable":true,"href":"https:\/\/exlibris.ee\/ru\/wp-json\/wp\/v2\/media\/338287"}],"wp:attachment":[{"href":"https:\/\/exlibris.ee\/ru\/wp-json\/wp\/v2\/media?parent=80423"}],"wp:term":[{"taxonomy":"product_brand","embeddable":true,"href":"https:\/\/exlibris.ee\/ru\/wp-json\/wp\/v2\/product_brand?post=80423"},{"taxonomy":"product_cat","embeddable":true,"href":"https:\/\/exlibris.ee\/ru\/wp-json\/wp\/v2\/product_cat?post=80423"},{"taxonomy":"product_tag","embeddable":true,"href":"https:\/\/exlibris.ee\/ru\/wp-json\/wp\/v2\/product_tag?post=80423"},{"taxonomy":"series","embeddable":true,"href":"https:\/\/exlibris.ee\/ru\/wp-json\/wp\/v2\/series?post=80423"},{"taxonomy":"publisher","embeddable":true,"href":"https:\/\/exlibris.ee\/ru\/wp-json\/wp\/v2\/publisher?post=80423"}],"curies":[{"name":"wp","href":"https:\/\/api.w.org\/{rel}","templated":true}]}}