{"id":80464,"date":"2023-06-13T10:50:01","date_gmt":"2023-06-13T07:50:01","guid":{"rendered":"https:\/\/exlibris.ee\/toode\/sicher-aktuell-b2-2-kurs-und-arbeitsbuch-mit-mp3-cd-zum-arbeitsbuch-lektion-7-12\/"},"modified":"2026-04-18T17:19:04","modified_gmt":"2026-04-18T14:19:04","slug":"sicher-aktuell-b2-2-kurs-und-arbeitsbuch-mit-mp3-cd-zum-arbeitsbuch-lektion-7-12","status":"publish","type":"product","link":"https:\/\/exlibris.ee\/ru\/produkt\/sicher-aktuell-b2-2-kurs-und-arbeitsbuch-mit-mp3-cd-zum-arbeitsbuch-lektion-7-12\/","title":{"rendered":"Sicher! aktuell B2.2  Kurs- und Arbeitsbuch mit MP3-CD zum Arbeitsbuch, Lektion 7-12"},"content":{"rendered":"<p>Sicher! aktuell ist die Aktualisierung und \u00dcberarbeitung des bestehenden Lehrwerks Sicher! hinsichtlich der ge\u00e4nderten Pr\u00fcfungsanforderungen des neuen Goethe-Zertifikats B2 (ab Januar 2019) sowie der Pr\u00fcfungen Telc B2, Telc B1-B2 Beruf und \u00d6SD ZB2. Zahlreiche neue Aufgaben decken die ge\u00e4nderten Pr\u00fcfungsformate dieser vier Pr\u00fcfungen ab. Im Anhang findet sich eine detaillierte \u00dcbersicht aller im Buch ge\u00fcbten Pr\u00fcfungsformate. Kursbuchteil: &#8212; transparenter Aufbau &#8212; trainiert die vier Grundfertigkeiten sowie \u201eSehen und H\u00f6ren\u201c, \u201eWortschatz\u201c und \u201eGrammatik\u201c &#8212; Checkliste zur Lernzielkontrolle am Ende jedes Bausteins &#8212; interessante Themen aus den Bereichen Alltag, Beruf, Studium und Ausbildung &#8212; abwechslungsreiche und fundierte Aufgaben- und \u00dcbungstypologie &#8212; Vermittlung von Lernstrategien durch gezielte Aufgabenstellungen und praxisnahe Tipps &#8212; Infos zur Landeskunde Arbeitsbuchteil: &#8212; vertiefende \u00dcbungen zu Wortschatz, Grammatik und allen Fertigkeiten &#8212; zu Beginn jeder Lektion Wiederholung wichtiger Wortfelder aus den vorhergehenden Stufen &#8212; Vorentlastung komplexer Grammatikthemen durch wiederholende Aufgaben &#8212; Selbsttest am Ende jeder Lektion &#8212; mit MP3-CD.<\/p>\n","protected":false},"excerpt":{"rendered":"<p>Sicher! aktuell ist die Aktualisierung und \u00dcberarbeitung des bestehenden Lehrwerks Sicher! hinsichtlich der ge\u00e4nderten Pr\u00fcfungsanforderungen des neuen Goethe-Zertifikats B2 (ab Januar 2019) sowie der Pr\u00fcfungen Telc B2, Telc B1-B2 Beruf und \u00d6SD ZB2. Zahlreiche neue Aufgaben decken die ge\u00e4nderten Pr\u00fcfungsformate&#8230;<\/p>\n","protected":false},"featured_media":338669,"template":"","meta":{"_acf_changed":false,"inline_featured_image":false},"product_brand":[],"product_cat":[885],"product_tag":[],"series":[{"id":1280,"name":"Sicher! aktuell B2","slug":"sicher-aktuell-b2"}],"publisher":[{"id":497,"name":"Hueber Verlag","slug":"hueber-verlag"}],"class_list":{"0":"post-80464","1":"product","2":"type-product","3":"status-publish","4":"has-post-thumbnail","6":"product_cat-berufssprache","7":"series-sicher-aktuell-b2","8":"publisher-hueber-verlag","10":"first","11":"onbackorder","12":"taxable","13":"shipping-taxable","14":"purchasable","15":"product-type-simple"},"acf":[],"_links":{"self":[{"href":"https:\/\/exlibris.ee\/ru\/wp-json\/wp\/v2\/product\/80464","targetHints":{"allow":["GET"]}}],"collection":[{"href":"https:\/\/exlibris.ee\/ru\/wp-json\/wp\/v2\/product"}],"about":[{"href":"https:\/\/exlibris.ee\/ru\/wp-json\/wp\/v2\/types\/product"}],"wp:featuredmedia":[{"embeddable":true,"href":"https:\/\/exlibris.ee\/ru\/wp-json\/wp\/v2\/media\/338669"}],"wp:attachment":[{"href":"https:\/\/exlibris.ee\/ru\/wp-json\/wp\/v2\/media?parent=80464"}],"wp:term":[{"taxonomy":"product_brand","embeddable":true,"href":"https:\/\/exlibris.ee\/ru\/wp-json\/wp\/v2\/product_brand?post=80464"},{"taxonomy":"product_cat","embeddable":true,"href":"https:\/\/exlibris.ee\/ru\/wp-json\/wp\/v2\/product_cat?post=80464"},{"taxonomy":"product_tag","embeddable":true,"href":"https:\/\/exlibris.ee\/ru\/wp-json\/wp\/v2\/product_tag?post=80464"},{"taxonomy":"series","embeddable":true,"href":"https:\/\/exlibris.ee\/ru\/wp-json\/wp\/v2\/series?post=80464"},{"taxonomy":"publisher","embeddable":true,"href":"https:\/\/exlibris.ee\/ru\/wp-json\/wp\/v2\/publisher?post=80464"}],"curies":[{"name":"wp","href":"https:\/\/api.w.org\/{rel}","templated":true}]}}