{"id":80494,"date":"2023-06-13T10:50:56","date_gmt":"2023-06-13T07:50:56","guid":{"rendered":"https:\/\/exlibris.ee\/toode\/sicher-c1-2-interaktive-digitale-ausgabe-digitalisiertes-kurs-und-arbeitsbuch-mit-integrierten-audio-und-videodateien-und-interaktiven-zusatzubungen\/"},"modified":"2026-04-09T11:20:58","modified_gmt":"2026-04-09T08:20:58","slug":"sicher-c1-2-interaktive-digitale-ausgabe-digitalisiertes-kurs-und-arbeitsbuch-mit-integrierten-audio-und-videodateien-und-interaktiven-zusatzubungen","status":"publish","type":"product","link":"https:\/\/exlibris.ee\/ru\/produkt\/sicher-c1-2-interaktive-digitale-ausgabe-digitalisiertes-kurs-und-arbeitsbuch-mit-integrierten-audio-und-videodateien-und-interaktiven-zusatzubungen\/","title":{"rendered":"Sicher! C1.2 \u2013 Interaktive digitale Ausgabe  Digitalisiertes Kurs- und Arbeitsbuch mit integrierten Audio- und Videodateien und interaktiven Zusatz\u00fcbungen"},"content":{"rendered":"<p>Digitales Kurs- und Arbeitsbuch mit integrierten Audios und Videos sowie zahlreichen interaktiven \u00dcbungen &#8212; vertiefende \u00dcbungen zu Wortschatz, Grammatik und allen Fertigkeiten &#8212; abwechslungsreiche und fundierte Aufgaben- und \u00dcbungstypologie &#8212; zu Beginn jeder Lektion Wiederholung wichtiger Wortfelder aus den vorhergehenden Stufen &#8212; Vorentlastung komplexer Grammatikthemen durch wiederholende Aufgaben &#8212; Checkliste zur Lernzielkontrolle am Ende jedes Bausteins im Kursbuch- Selbsttest am Ende jeder Arbeitsbuch-Lektion &#8212; Infos zur Landeskunde &#8212; Vermittlung von Lernstrategien durch gezielte Aufgabenstellungen und praxisnahe Tipps Zus\u00e4tzliche Funktionen auf der Lern-Plattform BlinkLearning In der Version f\u00fcr Lernende: Notenanzeige und Leistungsstandspeicherung bei den interaktiven \u00dcbungen. In der Version f\u00fcr Lehrkr\u00e4fte: Der Leistungsstand Ihrer einzelnen Sch\u00fcler\/innen und Ihrer Klasse wird Ihnen \u00fcbersichtlich angezeigt. Mit einem Klick k\u00f6nnen Sie Ihren Sch\u00fcler\/innen eine passende \u00dcbung zuweisen.<\/p>\n","protected":false},"excerpt":{"rendered":"<p>Digitales Kurs- und Arbeitsbuch mit integrierten Audios und Videos sowie zahlreichen interaktiven \u00dcbungen &#8212; vertiefende \u00dcbungen zu Wortschatz, Grammatik und allen Fertigkeiten &#8212; abwechslungsreiche und fundierte Aufgaben- und \u00dcbungstypologie &#8212; zu Beginn jeder Lektion Wiederholung wichtiger Wortfelder aus den vorhergehenden&#8230;<\/p>\n","protected":false},"featured_media":80476,"template":"","meta":{"_acf_changed":false,"inline_featured_image":false},"product_brand":[],"product_cat":[885],"product_tag":[],"series":[{"id":526,"name":"Sicher! C1","slug":"sicher-c1"}],"publisher":[{"id":497,"name":"Hueber Verlag","slug":"hueber-verlag"}],"class_list":{"0":"post-80494","1":"product","2":"type-product","3":"status-publish","4":"has-post-thumbnail","6":"product_cat-berufssprache","7":"series-sicher-c1","8":"publisher-hueber-verlag","10":"first","11":"onbackorder","12":"taxable","13":"shipping-taxable","14":"purchasable","15":"product-type-simple"},"acf":[],"_links":{"self":[{"href":"https:\/\/exlibris.ee\/ru\/wp-json\/wp\/v2\/product\/80494","targetHints":{"allow":["GET"]}}],"collection":[{"href":"https:\/\/exlibris.ee\/ru\/wp-json\/wp\/v2\/product"}],"about":[{"href":"https:\/\/exlibris.ee\/ru\/wp-json\/wp\/v2\/types\/product"}],"wp:featuredmedia":[{"embeddable":true,"href":"https:\/\/exlibris.ee\/ru\/wp-json\/wp\/v2\/media\/80476"}],"wp:attachment":[{"href":"https:\/\/exlibris.ee\/ru\/wp-json\/wp\/v2\/media?parent=80494"}],"wp:term":[{"taxonomy":"product_brand","embeddable":true,"href":"https:\/\/exlibris.ee\/ru\/wp-json\/wp\/v2\/product_brand?post=80494"},{"taxonomy":"product_cat","embeddable":true,"href":"https:\/\/exlibris.ee\/ru\/wp-json\/wp\/v2\/product_cat?post=80494"},{"taxonomy":"product_tag","embeddable":true,"href":"https:\/\/exlibris.ee\/ru\/wp-json\/wp\/v2\/product_tag?post=80494"},{"taxonomy":"series","embeddable":true,"href":"https:\/\/exlibris.ee\/ru\/wp-json\/wp\/v2\/series?post=80494"},{"taxonomy":"publisher","embeddable":true,"href":"https:\/\/exlibris.ee\/ru\/wp-json\/wp\/v2\/publisher?post=80494"}],"curies":[{"name":"wp","href":"https:\/\/api.w.org\/{rel}","templated":true}]}}