{"id":80497,"date":"2023-06-13T10:50:56","date_gmt":"2023-06-13T07:50:56","guid":{"rendered":"https:\/\/exlibris.ee\/toode\/sprechen-horen-sprechen-ubungen-zur-deutschen-aussprache-mp3-download\/"},"modified":"2026-05-04T09:46:16","modified_gmt":"2026-05-04T06:46:16","slug":"sprechen-horen-sprechen-ubungen-zur-deutschen-aussprache-mp3-download","status":"publish","type":"product","link":"https:\/\/exlibris.ee\/ru\/produkt\/sprechen-horen-sprechen-ubungen-zur-deutschen-aussprache-mp3-download\/","title":{"rendered":"Sprechen H\u00f6ren Sprechen  \u00dcbungen zur deutschen Aussprache \/ mp3-Download"},"content":{"rendered":"<p>Voraussetzungen: Grundstufenkenntnisse. Lernziel: Korrekte deutsche Standardaussprache. Die Einf\u00fchrung in die deutsche Aussprache mit vielen \u00dcbungen zum H\u00f6ren und Sprechen ist konsequent praxisbezogen und verzichtet auf unn\u00f6tigen theoretischen Ballast. Sie kann lehrbuchbegleitend oder kurstragend eingesetzt werden und ist f\u00fcr den Selbstunterricht geeignet. Sprechen H\u00f6ren Sprechen richtet sich auch an Muttersprachler, die beruflich die Standardaussprache brauchen, und ist in der Sprecherziehung und Sprachtherapie einsetzbar.<\/p>\n","protected":false},"excerpt":{"rendered":"<p>Voraussetzungen: Grundstufenkenntnisse. Lernziel: Korrekte deutsche Standardaussprache. Die Einf\u00fchrung in die deutsche Aussprache mit vielen \u00dcbungen zum H\u00f6ren und Sprechen ist konsequent praxisbezogen und verzichtet auf unn\u00f6tigen theoretischen Ballast. Sie kann lehrbuchbegleitend oder kurstragend eingesetzt werden und ist f\u00fcr den Selbstunterricht&#8230;<\/p>\n","protected":false},"featured_media":643268,"template":"","meta":{"_acf_changed":false,"inline_featured_image":false},"product_brand":[],"product_cat":[538],"product_tag":[],"series":[],"publisher":[{"id":497,"name":"Hueber Verlag","slug":"hueber-verlag"}],"class_list":{"0":"post-80497","1":"product","2":"type-product","3":"status-publish","4":"has-post-thumbnail","6":"product_cat-lehrwerke-fur-erwachsene","7":"publisher-hueber-verlag","9":"first","10":"onbackorder","11":"taxable","12":"shipping-taxable","13":"purchasable","14":"product-type-simple"},"acf":[],"_links":{"self":[{"href":"https:\/\/exlibris.ee\/ru\/wp-json\/wp\/v2\/product\/80497","targetHints":{"allow":["GET"]}}],"collection":[{"href":"https:\/\/exlibris.ee\/ru\/wp-json\/wp\/v2\/product"}],"about":[{"href":"https:\/\/exlibris.ee\/ru\/wp-json\/wp\/v2\/types\/product"}],"wp:featuredmedia":[{"embeddable":true,"href":"https:\/\/exlibris.ee\/ru\/wp-json\/wp\/v2\/media\/643268"}],"wp:attachment":[{"href":"https:\/\/exlibris.ee\/ru\/wp-json\/wp\/v2\/media?parent=80497"}],"wp:term":[{"taxonomy":"product_brand","embeddable":true,"href":"https:\/\/exlibris.ee\/ru\/wp-json\/wp\/v2\/product_brand?post=80497"},{"taxonomy":"product_cat","embeddable":true,"href":"https:\/\/exlibris.ee\/ru\/wp-json\/wp\/v2\/product_cat?post=80497"},{"taxonomy":"product_tag","embeddable":true,"href":"https:\/\/exlibris.ee\/ru\/wp-json\/wp\/v2\/product_tag?post=80497"},{"taxonomy":"series","embeddable":true,"href":"https:\/\/exlibris.ee\/ru\/wp-json\/wp\/v2\/series?post=80497"},{"taxonomy":"publisher","embeddable":true,"href":"https:\/\/exlibris.ee\/ru\/wp-json\/wp\/v2\/publisher?post=80497"}],"curies":[{"name":"wp","href":"https:\/\/api.w.org\/{rel}","templated":true}]}}