{"id":80907,"date":"2023-07-11T10:34:04","date_gmt":"2023-07-11T07:34:04","guid":{"rendered":"https:\/\/exlibris.ee\/toode\/logisch-neu-a1-testheft-mit-audio-cd\/"},"modified":"2026-04-04T03:09:30","modified_gmt":"2026-04-04T00:09:30","slug":"logisch-neu-a1-testheft-mit-audio-cd","status":"publish","type":"product","link":"https:\/\/exlibris.ee\/ru\/produkt\/logisch-neu-a1-testheft-mit-audio-cd\/","title":{"rendered":"Logisch! neu A1 Testheft mit Audio-CD"},"content":{"rendered":"<p>Das Testheft enth\u00e4lt zu jedem Kapitel einen Lernzielfortschrittstest und bereitet mit verschiedenen Aufgaben im Testformat und Vor\u00fcbungen auf die g\u00e4ngigen Jugendlichen-Pr\u00fcfungen Fit in Deutsch 1 (Goethe-Institut), KID 1 (\u00d6SD) und DSD I vor. Die Aufgaben im Testformat ergeben zusammen je einen kompletten Modelltest der drei genannten Pr\u00fcfungen.<\/p>\n","protected":false},"excerpt":{"rendered":"<p>Das Testheft enth\u00e4lt zu jedem Kapitel einen Lernzielfortschrittstest und bereitet mit verschiedenen Aufgaben im Testformat und Vor\u00fcbungen auf die g\u00e4ngigen Jugendlichen-Pr\u00fcfungen Fit in Deutsch 1 (Goethe-Institut), KID 1 (\u00d6SD) und DSD I vor. Die Aufgaben im Testformat ergeben zusammen je&#8230;<\/p>\n","protected":false},"featured_media":80724,"template":"","meta":{"_acf_changed":false,"inline_featured_image":false},"product_brand":[],"product_cat":[477],"product_tag":[],"series":[{"id":902,"name":"Logisch! neu","slug":"logisch-neu"}],"publisher":[{"id":473,"name":"Klett Verlag","slug":"klett-verlag"}],"class_list":{"0":"post-80907","1":"product","2":"type-product","3":"status-publish","4":"has-post-thumbnail","6":"product_cat-lehrwerke-fur-jugendliche","7":"series-logisch-neu","8":"publisher-klett-verlag","10":"first","11":"instock","12":"taxable","13":"shipping-taxable","14":"purchasable","15":"product-type-simple"},"acf":[],"_links":{"self":[{"href":"https:\/\/exlibris.ee\/ru\/wp-json\/wp\/v2\/product\/80907","targetHints":{"allow":["GET"]}}],"collection":[{"href":"https:\/\/exlibris.ee\/ru\/wp-json\/wp\/v2\/product"}],"about":[{"href":"https:\/\/exlibris.ee\/ru\/wp-json\/wp\/v2\/types\/product"}],"wp:featuredmedia":[{"embeddable":true,"href":"https:\/\/exlibris.ee\/ru\/wp-json\/wp\/v2\/media\/80724"}],"wp:attachment":[{"href":"https:\/\/exlibris.ee\/ru\/wp-json\/wp\/v2\/media?parent=80907"}],"wp:term":[{"taxonomy":"product_brand","embeddable":true,"href":"https:\/\/exlibris.ee\/ru\/wp-json\/wp\/v2\/product_brand?post=80907"},{"taxonomy":"product_cat","embeddable":true,"href":"https:\/\/exlibris.ee\/ru\/wp-json\/wp\/v2\/product_cat?post=80907"},{"taxonomy":"product_tag","embeddable":true,"href":"https:\/\/exlibris.ee\/ru\/wp-json\/wp\/v2\/product_tag?post=80907"},{"taxonomy":"series","embeddable":true,"href":"https:\/\/exlibris.ee\/ru\/wp-json\/wp\/v2\/series?post=80907"},{"taxonomy":"publisher","embeddable":true,"href":"https:\/\/exlibris.ee\/ru\/wp-json\/wp\/v2\/publisher?post=80907"}],"curies":[{"name":"wp","href":"https:\/\/api.w.org\/{rel}","templated":true}]}}