{"id":80908,"date":"2023-07-11T10:34:04","date_gmt":"2023-07-11T07:34:04","guid":{"rendered":"https:\/\/exlibris.ee\/toode\/logisch-neu-a2-intensivtrainer\/"},"modified":"2026-04-20T08:02:39","modified_gmt":"2026-04-20T05:02:39","slug":"logisch-neu-a2-intensivtrainer","status":"publish","type":"product","link":"https:\/\/exlibris.ee\/ru\/produkt\/logisch-neu-a2-intensivtrainer\/","title":{"rendered":"Logisch neu, A2, Intensivtrainer"},"content":{"rendered":"<p>Zus\u00e4tzliche \u00dcbungen zu Grammatik und Wortschatz zu jedem Kapitel im Kursbuch. Grammatikanhang und L\u00f6sungsschl\u00fcssel.<\/p>\n","protected":false},"excerpt":{"rendered":"<p>Zus\u00e4tzliche \u00dcbungen zu Grammatik und Wortschatz zu jedem Kapitel im Kursbuch. Grammatikanhang und L\u00f6sungsschl\u00fcssel.<\/p>\n","protected":false},"featured_media":371288,"template":"","meta":{"_acf_changed":false,"inline_featured_image":false},"product_brand":[],"product_cat":[477],"product_tag":[],"series":[{"id":902,"name":"Logisch! neu","slug":"logisch-neu"}],"publisher":[{"id":473,"name":"Klett Verlag","slug":"klett-verlag"}],"class_list":{"0":"post-80908","1":"product","2":"type-product","3":"status-publish","4":"has-post-thumbnail","6":"product_cat-lehrwerke-fur-jugendliche","7":"series-logisch-neu","8":"publisher-klett-verlag","10":"first","11":"onbackorder","12":"taxable","13":"shipping-taxable","14":"purchasable","15":"product-type-simple"},"acf":[],"_links":{"self":[{"href":"https:\/\/exlibris.ee\/ru\/wp-json\/wp\/v2\/product\/80908","targetHints":{"allow":["GET"]}}],"collection":[{"href":"https:\/\/exlibris.ee\/ru\/wp-json\/wp\/v2\/product"}],"about":[{"href":"https:\/\/exlibris.ee\/ru\/wp-json\/wp\/v2\/types\/product"}],"wp:featuredmedia":[{"embeddable":true,"href":"https:\/\/exlibris.ee\/ru\/wp-json\/wp\/v2\/media\/371288"}],"wp:attachment":[{"href":"https:\/\/exlibris.ee\/ru\/wp-json\/wp\/v2\/media?parent=80908"}],"wp:term":[{"taxonomy":"product_brand","embeddable":true,"href":"https:\/\/exlibris.ee\/ru\/wp-json\/wp\/v2\/product_brand?post=80908"},{"taxonomy":"product_cat","embeddable":true,"href":"https:\/\/exlibris.ee\/ru\/wp-json\/wp\/v2\/product_cat?post=80908"},{"taxonomy":"product_tag","embeddable":true,"href":"https:\/\/exlibris.ee\/ru\/wp-json\/wp\/v2\/product_tag?post=80908"},{"taxonomy":"series","embeddable":true,"href":"https:\/\/exlibris.ee\/ru\/wp-json\/wp\/v2\/series?post=80908"},{"taxonomy":"publisher","embeddable":true,"href":"https:\/\/exlibris.ee\/ru\/wp-json\/wp\/v2\/publisher?post=80908"}],"curies":[{"name":"wp","href":"https:\/\/api.w.org\/{rel}","templated":true}]}}