{"id":80928,"date":"2023-07-11T10:34:06","date_gmt":"2023-07-11T07:34:06","guid":{"rendered":"https:\/\/exlibris.ee\/toode\/genil-klick-a1-glossar-englisch\/"},"modified":"2026-04-24T01:27:31","modified_gmt":"2026-04-23T22:27:31","slug":"genil-klick-a1-glossar-englisch","status":"publish","type":"product","link":"https:\/\/exlibris.ee\/ru\/produkt\/genil-klick-a1-glossar-englisch\/","title":{"rendered":"geni@l klick A1, Glossar Englisch"},"content":{"rendered":"<p>Das Glossar zu geni@l klick A1 enth\u00e4lt den Wortschatz zum Kursbuch nach Kapiteln geordnet die englische \u00dcbersetzung zu jedem Wort zahlreiche Beispiels\u00e4tze spielerische \u00dcbungen zu den wichtigsten Vokabeln am Ende jedes Kapitels.<\/p>\n","protected":false},"excerpt":{"rendered":"<p>Das Glossar zu geni@l klick A1 enth\u00e4lt den Wortschatz zum Kursbuch nach Kapiteln geordnet die englische \u00dcbersetzung zu jedem Wort zahlreiche Beispiels\u00e4tze spielerische \u00dcbungen zu den wichtigsten Vokabeln am Ende jedes Kapitels.<\/p>\n","protected":false},"featured_media":439181,"template":"","meta":{"_acf_changed":false,"inline_featured_image":false},"product_brand":[],"product_cat":[477],"product_tag":[],"series":[{"id":909,"name":"geni@l klick","slug":"genil-klick"}],"publisher":[{"id":473,"name":"Klett Verlag","slug":"klett-verlag"}],"class_list":{"0":"post-80928","1":"product","2":"type-product","3":"status-publish","4":"has-post-thumbnail","6":"product_cat-lehrwerke-fur-jugendliche","7":"series-genil-klick","8":"publisher-klett-verlag","10":"first","11":"onbackorder","12":"taxable","13":"shipping-taxable","14":"purchasable","15":"product-type-simple"},"acf":[],"_links":{"self":[{"href":"https:\/\/exlibris.ee\/ru\/wp-json\/wp\/v2\/product\/80928","targetHints":{"allow":["GET"]}}],"collection":[{"href":"https:\/\/exlibris.ee\/ru\/wp-json\/wp\/v2\/product"}],"about":[{"href":"https:\/\/exlibris.ee\/ru\/wp-json\/wp\/v2\/types\/product"}],"wp:featuredmedia":[{"embeddable":true,"href":"https:\/\/exlibris.ee\/ru\/wp-json\/wp\/v2\/media\/439181"}],"wp:attachment":[{"href":"https:\/\/exlibris.ee\/ru\/wp-json\/wp\/v2\/media?parent=80928"}],"wp:term":[{"taxonomy":"product_brand","embeddable":true,"href":"https:\/\/exlibris.ee\/ru\/wp-json\/wp\/v2\/product_brand?post=80928"},{"taxonomy":"product_cat","embeddable":true,"href":"https:\/\/exlibris.ee\/ru\/wp-json\/wp\/v2\/product_cat?post=80928"},{"taxonomy":"product_tag","embeddable":true,"href":"https:\/\/exlibris.ee\/ru\/wp-json\/wp\/v2\/product_tag?post=80928"},{"taxonomy":"series","embeddable":true,"href":"https:\/\/exlibris.ee\/ru\/wp-json\/wp\/v2\/series?post=80928"},{"taxonomy":"publisher","embeddable":true,"href":"https:\/\/exlibris.ee\/ru\/wp-json\/wp\/v2\/publisher?post=80928"}],"curies":[{"name":"wp","href":"https:\/\/api.w.org\/{rel}","templated":true}]}}