{"id":80942,"date":"2023-07-11T10:34:08","date_gmt":"2023-07-11T07:34:08","guid":{"rendered":"https:\/\/exlibris.ee\/toode\/klasse-a1-intensivtrainer\/"},"modified":"2026-04-05T15:19:58","modified_gmt":"2026-04-05T12:19:58","slug":"klasse-a1-intensivtrainer","status":"publish","type":"product","link":"https:\/\/exlibris.ee\/ru\/produkt\/klasse-a1-intensivtrainer\/","title":{"rendered":"Klasse A1 Intensivtrainer"},"content":{"rendered":"<p>Vertiefung, Binnendifferenzierung und selbstst\u00e4ndiges Training Zus\u00e4tzliche Grammatik-, Wortschatz- und Redemittel\u00fcbungen zu jedem Kapitel \u00dcbungen zum Leseverstehen und zum gelenkten Schreiben L\u00f6sungsschl\u00fcssel im Anhang.<\/p>\n","protected":false},"excerpt":{"rendered":"<p>Vertiefung, Binnendifferenzierung und selbstst\u00e4ndiges Training Zus\u00e4tzliche Grammatik-, Wortschatz- und Redemittel\u00fcbungen zu jedem Kapitel \u00dcbungen zum Leseverstehen und zum gelenkten Schreiben L\u00f6sungsschl\u00fcssel im Anhang.<\/p>\n","protected":false},"featured_media":80859,"template":"","meta":{"_acf_changed":false,"inline_featured_image":false},"product_brand":[],"product_cat":[477],"product_tag":[],"series":[{"id":916,"name":"Klasse","slug":"klasse"}],"publisher":[{"id":473,"name":"Klett Verlag","slug":"klett-verlag"}],"class_list":{"0":"post-80942","1":"product","2":"type-product","3":"status-publish","4":"has-post-thumbnail","6":"product_cat-lehrwerke-fur-jugendliche","7":"series-klasse","8":"publisher-klett-verlag","10":"first","11":"onbackorder","12":"taxable","13":"shipping-taxable","14":"purchasable","15":"product-type-simple"},"acf":[],"_links":{"self":[{"href":"https:\/\/exlibris.ee\/ru\/wp-json\/wp\/v2\/product\/80942","targetHints":{"allow":["GET"]}}],"collection":[{"href":"https:\/\/exlibris.ee\/ru\/wp-json\/wp\/v2\/product"}],"about":[{"href":"https:\/\/exlibris.ee\/ru\/wp-json\/wp\/v2\/types\/product"}],"wp:featuredmedia":[{"embeddable":true,"href":"https:\/\/exlibris.ee\/ru\/wp-json\/wp\/v2\/media\/80859"}],"wp:attachment":[{"href":"https:\/\/exlibris.ee\/ru\/wp-json\/wp\/v2\/media?parent=80942"}],"wp:term":[{"taxonomy":"product_brand","embeddable":true,"href":"https:\/\/exlibris.ee\/ru\/wp-json\/wp\/v2\/product_brand?post=80942"},{"taxonomy":"product_cat","embeddable":true,"href":"https:\/\/exlibris.ee\/ru\/wp-json\/wp\/v2\/product_cat?post=80942"},{"taxonomy":"product_tag","embeddable":true,"href":"https:\/\/exlibris.ee\/ru\/wp-json\/wp\/v2\/product_tag?post=80942"},{"taxonomy":"series","embeddable":true,"href":"https:\/\/exlibris.ee\/ru\/wp-json\/wp\/v2\/series?post=80942"},{"taxonomy":"publisher","embeddable":true,"href":"https:\/\/exlibris.ee\/ru\/wp-json\/wp\/v2\/publisher?post=80942"}],"curies":[{"name":"wp","href":"https:\/\/api.w.org\/{rel}","templated":true}]}}