{"id":81080,"date":"2023-07-11T10:35:09","date_gmt":"2023-07-11T07:35:09","guid":{"rendered":"https:\/\/exlibris.ee\/toode\/meine-freunde-und-ich-neu-bildkarten\/"},"modified":"2026-04-12T11:21:19","modified_gmt":"2026-04-12T08:21:19","slug":"meine-freunde-und-ich-neu-bildkarten","status":"publish","type":"product","link":"https:\/\/exlibris.ee\/ru\/produkt\/meine-freunde-und-ich-neu-bildkarten\/","title":{"rendered":"Meine Freunde und ich NEU &#8212; Bildkarten"},"content":{"rendered":"<p>Meine Freunde und ich wendet sich an Kinder nicht-deutscher Muttersprache im \u00dcbergang von Kindergarten und Vorschule zur Grundschule. Die Bildkarten unterst\u00fctzen die Wortschatzarbeit zu sieben Themenfeldern: &#8212; Familie und Freunde &#8212; Wetter und Jahreszeiten &#8212; K\u00f6rper und Sinne &#8212; Essen und Trinken &#8212; Zu Hause und in der Freizeit &#8212; Tiere &#8212; Schule Der farbige Kartenrand markiert das Genus jedes Nomens. Die Bildkarten helfen bei der Wortschatzeinf\u00fchrung, da Schreib- und Lesef\u00e4higkeit nicht vorausgesetzt werden.<\/p>\n","protected":false},"excerpt":{"rendered":"<p>Meine Freunde und ich wendet sich an Kinder nicht-deutscher Muttersprache im \u00dcbergang von Kindergarten und Vorschule zur Grundschule. Die Bildkarten unterst\u00fctzen die Wortschatzarbeit zu sieben Themenfeldern: &#8212; Familie und Freunde &#8212; Wetter und Jahreszeiten &#8212; K\u00f6rper und Sinne &#8212; Essen&#8230;<\/p>\n","protected":false},"featured_media":218437,"template":"","meta":{"_acf_changed":false,"inline_featured_image":false},"product_brand":[],"product_cat":[471],"product_tag":[],"series":[{"id":1288,"name":"Meine Freunde und ich","slug":"meine-freunde-und-ich"}],"publisher":[{"id":473,"name":"Klett Verlag","slug":"klett-verlag"}],"class_list":{"0":"post-81080","1":"product","2":"type-product","3":"status-publish","4":"has-post-thumbnail","6":"product_cat-lehrwerke-fur-kinder","7":"series-meine-freunde-und-ich","8":"publisher-klett-verlag","10":"first","11":"onbackorder","12":"taxable","13":"shipping-taxable","14":"purchasable","15":"product-type-simple"},"acf":[],"_links":{"self":[{"href":"https:\/\/exlibris.ee\/ru\/wp-json\/wp\/v2\/product\/81080","targetHints":{"allow":["GET"]}}],"collection":[{"href":"https:\/\/exlibris.ee\/ru\/wp-json\/wp\/v2\/product"}],"about":[{"href":"https:\/\/exlibris.ee\/ru\/wp-json\/wp\/v2\/types\/product"}],"wp:featuredmedia":[{"embeddable":true,"href":"https:\/\/exlibris.ee\/ru\/wp-json\/wp\/v2\/media\/218437"}],"wp:attachment":[{"href":"https:\/\/exlibris.ee\/ru\/wp-json\/wp\/v2\/media?parent=81080"}],"wp:term":[{"taxonomy":"product_brand","embeddable":true,"href":"https:\/\/exlibris.ee\/ru\/wp-json\/wp\/v2\/product_brand?post=81080"},{"taxonomy":"product_cat","embeddable":true,"href":"https:\/\/exlibris.ee\/ru\/wp-json\/wp\/v2\/product_cat?post=81080"},{"taxonomy":"product_tag","embeddable":true,"href":"https:\/\/exlibris.ee\/ru\/wp-json\/wp\/v2\/product_tag?post=81080"},{"taxonomy":"series","embeddable":true,"href":"https:\/\/exlibris.ee\/ru\/wp-json\/wp\/v2\/series?post=81080"},{"taxonomy":"publisher","embeddable":true,"href":"https:\/\/exlibris.ee\/ru\/wp-json\/wp\/v2\/publisher?post=81080"}],"curies":[{"name":"wp","href":"https:\/\/api.w.org\/{rel}","templated":true}]}}