{"id":81312,"date":"2023-07-11T10:36:26","date_gmt":"2023-07-11T07:36:26","guid":{"rendered":"https:\/\/exlibris.ee\/toode\/fantastisch-a1-lehrerhandbuch\/"},"modified":"2026-04-04T21:18:38","modified_gmt":"2026-04-04T18:18:38","slug":"fantastisch-a1-lehrerhandbuch","status":"publish","type":"product","link":"https:\/\/exlibris.ee\/ru\/produkt\/fantastisch-a1-lehrerhandbuch\/","title":{"rendered":"Fantastisch, A1 Lehrerhandbuch"},"content":{"rendered":"<p>Tipps und Hinweise zur Unterrichtsplanung und -gestaltung Zahlreiche Kopiervorlagen f\u00fcr einen dynamischen und interaktiven Unterricht Erweiterungen und Vorschl\u00e4ge zur Binnendifferenzierung Transkriptionen zu den Audios und Videos L\u00f6sungen zum Kurs- und \u00dcbungsbuch Audio-CD mit den H\u00f6rtexten zum Kurs- und \u00dcbungsbuch DVD mit den Filmen zum Kursbuch.<\/p>\n","protected":false},"excerpt":{"rendered":"<p>Tipps und Hinweise zur Unterrichtsplanung und -gestaltung Zahlreiche Kopiervorlagen f\u00fcr einen dynamischen und interaktiven Unterricht Erweiterungen und Vorschl\u00e4ge zur Binnendifferenzierung Transkriptionen zu den Audios und Videos L\u00f6sungen zum Kurs- und \u00dcbungsbuch Audio-CD mit den H\u00f6rtexten zum Kurs- und \u00dcbungsbuch DVD&#8230;<\/p>\n","protected":false},"featured_media":81179,"template":"","meta":{"_acf_changed":false,"inline_featured_image":false},"product_brand":[],"product_cat":[477],"product_tag":[],"series":[{"id":1290,"name":"Fantastisch","slug":"fantastisch"}],"publisher":[{"id":473,"name":"Klett Verlag","slug":"klett-verlag"}],"class_list":{"0":"post-81312","1":"product","2":"type-product","3":"status-publish","4":"has-post-thumbnail","6":"product_cat-lehrwerke-fur-jugendliche","7":"series-fantastisch","8":"publisher-klett-verlag","10":"first","11":"onbackorder","12":"taxable","13":"shipping-taxable","14":"purchasable","15":"product-type-simple"},"acf":[],"_links":{"self":[{"href":"https:\/\/exlibris.ee\/ru\/wp-json\/wp\/v2\/product\/81312","targetHints":{"allow":["GET"]}}],"collection":[{"href":"https:\/\/exlibris.ee\/ru\/wp-json\/wp\/v2\/product"}],"about":[{"href":"https:\/\/exlibris.ee\/ru\/wp-json\/wp\/v2\/types\/product"}],"wp:featuredmedia":[{"embeddable":true,"href":"https:\/\/exlibris.ee\/ru\/wp-json\/wp\/v2\/media\/81179"}],"wp:attachment":[{"href":"https:\/\/exlibris.ee\/ru\/wp-json\/wp\/v2\/media?parent=81312"}],"wp:term":[{"taxonomy":"product_brand","embeddable":true,"href":"https:\/\/exlibris.ee\/ru\/wp-json\/wp\/v2\/product_brand?post=81312"},{"taxonomy":"product_cat","embeddable":true,"href":"https:\/\/exlibris.ee\/ru\/wp-json\/wp\/v2\/product_cat?post=81312"},{"taxonomy":"product_tag","embeddable":true,"href":"https:\/\/exlibris.ee\/ru\/wp-json\/wp\/v2\/product_tag?post=81312"},{"taxonomy":"series","embeddable":true,"href":"https:\/\/exlibris.ee\/ru\/wp-json\/wp\/v2\/series?post=81312"},{"taxonomy":"publisher","embeddable":true,"href":"https:\/\/exlibris.ee\/ru\/wp-json\/wp\/v2\/publisher?post=81312"}],"curies":[{"name":"wp","href":"https:\/\/api.w.org\/{rel}","templated":true}]}}