{"id":81320,"date":"2023-07-11T10:36:27","date_gmt":"2023-07-11T07:36:27","guid":{"rendered":"https:\/\/exlibris.ee\/toode\/maximal-a1-arbeitsbuch-mit-mp3-audios-zum-download\/"},"modified":"2026-04-20T14:13:39","modified_gmt":"2026-04-20T11:13:39","slug":"maximal-a1-arbeitsbuch-mit-mp3-audios-zum-download","status":"publish","type":"product","link":"https:\/\/exlibris.ee\/ru\/produkt\/maximal-a1-arbeitsbuch-mit-mp3-audios-zum-download\/","title":{"rendered":"Maximal A1, Arbeitsbuch mit MP3-Audios zum Download"},"content":{"rendered":"<p>Abwechslungsreiche \u00dcbungen zur Vertiefung aller Fertigkeiten Zus\u00e4tzliches Wortschatz- und Pr\u00fcfungstraining Aktionsseiten mit Projektaufgaben.<\/p>\n","protected":false},"excerpt":{"rendered":"<p>Abwechslungsreiche \u00dcbungen zur Vertiefung aller Fertigkeiten Zus\u00e4tzliches Wortschatz- und Pr\u00fcfungstraining Aktionsseiten mit Projektaufgaben.<\/p>\n","protected":false},"featured_media":81203,"template":"","meta":{"_acf_changed":false,"inline_featured_image":false},"product_brand":[],"product_cat":[477],"product_tag":[],"series":[{"id":1291,"name":"Maximal","slug":"maximal"}],"publisher":[{"id":473,"name":"Klett Verlag","slug":"klett-verlag"}],"class_list":{"0":"post-81320","1":"product","2":"type-product","3":"status-publish","4":"has-post-thumbnail","6":"product_cat-lehrwerke-fur-jugendliche","7":"series-maximal","8":"publisher-klett-verlag","10":"first","11":"outofstock","12":"taxable","13":"shipping-taxable","14":"purchasable","15":"product-type-simple"},"acf":[],"_links":{"self":[{"href":"https:\/\/exlibris.ee\/ru\/wp-json\/wp\/v2\/product\/81320","targetHints":{"allow":["GET"]}}],"collection":[{"href":"https:\/\/exlibris.ee\/ru\/wp-json\/wp\/v2\/product"}],"about":[{"href":"https:\/\/exlibris.ee\/ru\/wp-json\/wp\/v2\/types\/product"}],"wp:featuredmedia":[{"embeddable":true,"href":"https:\/\/exlibris.ee\/ru\/wp-json\/wp\/v2\/media\/81203"}],"wp:attachment":[{"href":"https:\/\/exlibris.ee\/ru\/wp-json\/wp\/v2\/media?parent=81320"}],"wp:term":[{"taxonomy":"product_brand","embeddable":true,"href":"https:\/\/exlibris.ee\/ru\/wp-json\/wp\/v2\/product_brand?post=81320"},{"taxonomy":"product_cat","embeddable":true,"href":"https:\/\/exlibris.ee\/ru\/wp-json\/wp\/v2\/product_cat?post=81320"},{"taxonomy":"product_tag","embeddable":true,"href":"https:\/\/exlibris.ee\/ru\/wp-json\/wp\/v2\/product_tag?post=81320"},{"taxonomy":"series","embeddable":true,"href":"https:\/\/exlibris.ee\/ru\/wp-json\/wp\/v2\/series?post=81320"},{"taxonomy":"publisher","embeddable":true,"href":"https:\/\/exlibris.ee\/ru\/wp-json\/wp\/v2\/publisher?post=81320"}],"curies":[{"name":"wp","href":"https:\/\/api.w.org\/{rel}","templated":true}]}}