{"id":81337,"date":"2023-07-11T10:36:29","date_gmt":"2023-07-11T07:36:29","guid":{"rendered":"https:\/\/exlibris.ee\/toode\/verbos-alemanes-diccionario-de-conjugacion-y-complementacion-grammatik\/"},"modified":"2026-04-15T13:30:35","modified_gmt":"2026-04-15T10:30:35","slug":"verbos-alemanes-diccionario-de-conjugacion-y-complementacion-grammatik","status":"publish","type":"product","link":"https:\/\/exlibris.ee\/ru\/produkt\/verbos-alemanes-diccionario-de-conjugacion-y-complementacion-grammatik\/","title":{"rendered":"Verbos alemanes  Diccionario de conjugaci\u00f3n y complementaci\u00f3n \/ Grammatik"},"content":{"rendered":"<p>Verb-W\u00f6rterbuch Deutsch-Spanisch mit Konjugationstabellen der unregelm\u00e4\u00dfigen Verben. In Spanien und Portugal<\/p>\n","protected":false},"excerpt":{"rendered":"<p>Verb-W\u00f6rterbuch Deutsch-Spanisch mit Konjugationstabellen der unregelm\u00e4\u00dfigen Verben. In Spanien und Portugal<\/p>\n","protected":false},"featured_media":286013,"template":"","meta":{"_acf_changed":false,"inline_featured_image":false},"product_brand":[],"product_cat":[883],"product_tag":[],"series":[],"publisher":[{"id":1293,"name":"Editorial Idiomas","slug":"editorial-idiomas"}],"class_list":{"0":"post-81337","1":"product","2":"type-product","3":"status-publish","4":"has-post-thumbnail","6":"product_cat-worterbucher","7":"publisher-editorial-idiomas","9":"first","10":"onbackorder","11":"taxable","12":"shipping-taxable","13":"purchasable","14":"product-type-simple"},"acf":[],"_links":{"self":[{"href":"https:\/\/exlibris.ee\/ru\/wp-json\/wp\/v2\/product\/81337","targetHints":{"allow":["GET"]}}],"collection":[{"href":"https:\/\/exlibris.ee\/ru\/wp-json\/wp\/v2\/product"}],"about":[{"href":"https:\/\/exlibris.ee\/ru\/wp-json\/wp\/v2\/types\/product"}],"wp:featuredmedia":[{"embeddable":true,"href":"https:\/\/exlibris.ee\/ru\/wp-json\/wp\/v2\/media\/286013"}],"wp:attachment":[{"href":"https:\/\/exlibris.ee\/ru\/wp-json\/wp\/v2\/media?parent=81337"}],"wp:term":[{"taxonomy":"product_brand","embeddable":true,"href":"https:\/\/exlibris.ee\/ru\/wp-json\/wp\/v2\/product_brand?post=81337"},{"taxonomy":"product_cat","embeddable":true,"href":"https:\/\/exlibris.ee\/ru\/wp-json\/wp\/v2\/product_cat?post=81337"},{"taxonomy":"product_tag","embeddable":true,"href":"https:\/\/exlibris.ee\/ru\/wp-json\/wp\/v2\/product_tag?post=81337"},{"taxonomy":"series","embeddable":true,"href":"https:\/\/exlibris.ee\/ru\/wp-json\/wp\/v2\/series?post=81337"},{"taxonomy":"publisher","embeddable":true,"href":"https:\/\/exlibris.ee\/ru\/wp-json\/wp\/v2\/publisher?post=81337"}],"curies":[{"name":"wp","href":"https:\/\/api.w.org\/{rel}","templated":true}]}}