{"id":81350,"date":"2023-07-11T10:36:30","date_gmt":"2023-07-11T07:36:30","guid":{"rendered":"https:\/\/exlibris.ee\/toode\/worter-und-satze-satzgeruste-fur-fortgeschrittene-buch\/"},"modified":"2026-04-13T05:26:52","modified_gmt":"2026-04-13T02:26:52","slug":"worter-und-satze-satzgeruste-fur-fortgeschrittene-buch","status":"publish","type":"product","link":"https:\/\/exlibris.ee\/ru\/produkt\/worter-und-satze-satzgeruste-fur-fortgeschrittene-buch\/","title":{"rendered":"W\u00f6rter und S\u00e4tze  Satzger\u00fcste f\u00fcr Fortgeschrittene \/ Buch"},"content":{"rendered":"","protected":false},"excerpt":{"rendered":"","protected":false},"featured_media":235619,"template":"","meta":{"_acf_changed":false,"inline_featured_image":false},"product_brand":[],"product_cat":[558],"product_tag":[],"series":[{"id":1301,"name":"W\u00f6rter und S\u00e4tze","slug":"worter-und-satze"}],"publisher":[{"id":497,"name":"Hueber Verlag","slug":"hueber-verlag"}],"class_list":{"0":"post-81350","1":"product","2":"type-product","3":"status-publish","4":"has-post-thumbnail","6":"product_cat-deutsch-uben","7":"series-worter-und-satze","8":"publisher-hueber-verlag","10":"first","11":"instock","12":"taxable","13":"shipping-taxable","14":"purchasable","15":"product-type-simple"},"acf":[],"_links":{"self":[{"href":"https:\/\/exlibris.ee\/ru\/wp-json\/wp\/v2\/product\/81350","targetHints":{"allow":["GET"]}}],"collection":[{"href":"https:\/\/exlibris.ee\/ru\/wp-json\/wp\/v2\/product"}],"about":[{"href":"https:\/\/exlibris.ee\/ru\/wp-json\/wp\/v2\/types\/product"}],"wp:featuredmedia":[{"embeddable":true,"href":"https:\/\/exlibris.ee\/ru\/wp-json\/wp\/v2\/media\/235619"}],"wp:attachment":[{"href":"https:\/\/exlibris.ee\/ru\/wp-json\/wp\/v2\/media?parent=81350"}],"wp:term":[{"taxonomy":"product_brand","embeddable":true,"href":"https:\/\/exlibris.ee\/ru\/wp-json\/wp\/v2\/product_brand?post=81350"},{"taxonomy":"product_cat","embeddable":true,"href":"https:\/\/exlibris.ee\/ru\/wp-json\/wp\/v2\/product_cat?post=81350"},{"taxonomy":"product_tag","embeddable":true,"href":"https:\/\/exlibris.ee\/ru\/wp-json\/wp\/v2\/product_tag?post=81350"},{"taxonomy":"series","embeddable":true,"href":"https:\/\/exlibris.ee\/ru\/wp-json\/wp\/v2\/series?post=81350"},{"taxonomy":"publisher","embeddable":true,"href":"https:\/\/exlibris.ee\/ru\/wp-json\/wp\/v2\/publisher?post=81350"}],"curies":[{"name":"wp","href":"https:\/\/api.w.org\/{rel}","templated":true}]}}