{"id":81458,"date":"2023-07-11T10:37:44","date_gmt":"2023-07-11T07:37:44","guid":{"rendered":"https:\/\/exlibris.ee\/toode\/schritt-fur-schritt-ins-grammatikland-2-ubungsgrammatik-fur-kinder-und-jugendliche\/"},"modified":"2026-04-04T03:16:00","modified_gmt":"2026-04-04T00:16:00","slug":"schritt-fur-schritt-ins-grammatikland-2-ubungsgrammatik-fur-kinder-und-jugendliche","status":"publish","type":"product","link":"https:\/\/exlibris.ee\/ru\/produkt\/schritt-fur-schritt-ins-grammatikland-2-ubungsgrammatik-fur-kinder-und-jugendliche\/","title":{"rendered":"Schritt f\u00fcr Schritt ins Grammatikland 2  \u00dcbungsgrammatik f\u00fcr Kinder und Jugendliche"},"content":{"rendered":"<p>Zielgruppe: Kinder und Jugendliche ab 8 Jahren Schritt f\u00fcr Schritt ins Grammatikland kann parallel zu jedem Kinder- und Jugendlichenlehrwerk eingesetzt werden. Die Grammatik zeichnet sich aus durch eine systematische und kleinschrittige Darstellung der Grammatikph\u00e4nomene, einen sparsamen Umgang mit Terminologie, einfachen Wortschatz, zahlreiche bunte Zeichnungen und fantasievolle \u00dcbungen. Die Darstellung der Regeln erfolgt in kleinen Schritten, einfache und einpr\u00e4gsame Visualisierungen dienen als Lernhilfen. Jedem Schritt schlie\u00dfen sich zahlreiche kreative \u00dcbungen an. Wiederholungs\u00fcbungen mit leicht ansteigendem Schwierigkeitsgrad am Ende jeden Kapitels sichern und festigen das Verst\u00e4ndnis der Strukturen.<\/p>\n","protected":false},"excerpt":{"rendered":"<p>Zielgruppe: Kinder und Jugendliche ab 8 Jahren Schritt f\u00fcr Schritt ins Grammatikland kann parallel zu jedem Kinder- und Jugendlichenlehrwerk eingesetzt werden. Die Grammatik zeichnet sich aus durch eine systematische und kleinschrittige Darstellung der Grammatikph\u00e4nomene, einen sparsamen Umgang mit Terminologie, einfachen&#8230;<\/p>\n","protected":false},"featured_media":81393,"template":"","meta":{"_acf_changed":false,"inline_featured_image":false},"product_brand":[],"product_cat":[480],"product_tag":[],"series":[],"publisher":[{"id":1297,"name":"Karabatos Verlag","slug":"karabatos-verlag"}],"class_list":{"0":"post-81458","1":"product","2":"type-product","3":"status-publish","4":"has-post-thumbnail","6":"product_cat-grammatiken","7":"publisher-karabatos-verlag","9":"first","10":"instock","11":"taxable","12":"shipping-taxable","13":"purchasable","14":"product-type-simple"},"acf":[],"_links":{"self":[{"href":"https:\/\/exlibris.ee\/ru\/wp-json\/wp\/v2\/product\/81458","targetHints":{"allow":["GET"]}}],"collection":[{"href":"https:\/\/exlibris.ee\/ru\/wp-json\/wp\/v2\/product"}],"about":[{"href":"https:\/\/exlibris.ee\/ru\/wp-json\/wp\/v2\/types\/product"}],"wp:featuredmedia":[{"embeddable":true,"href":"https:\/\/exlibris.ee\/ru\/wp-json\/wp\/v2\/media\/81393"}],"wp:attachment":[{"href":"https:\/\/exlibris.ee\/ru\/wp-json\/wp\/v2\/media?parent=81458"}],"wp:term":[{"taxonomy":"product_brand","embeddable":true,"href":"https:\/\/exlibris.ee\/ru\/wp-json\/wp\/v2\/product_brand?post=81458"},{"taxonomy":"product_cat","embeddable":true,"href":"https:\/\/exlibris.ee\/ru\/wp-json\/wp\/v2\/product_cat?post=81458"},{"taxonomy":"product_tag","embeddable":true,"href":"https:\/\/exlibris.ee\/ru\/wp-json\/wp\/v2\/product_tag?post=81458"},{"taxonomy":"series","embeddable":true,"href":"https:\/\/exlibris.ee\/ru\/wp-json\/wp\/v2\/series?post=81458"},{"taxonomy":"publisher","embeddable":true,"href":"https:\/\/exlibris.ee\/ru\/wp-json\/wp\/v2\/publisher?post=81458"}],"curies":[{"name":"wp","href":"https:\/\/api.w.org\/{rel}","templated":true}]}}