{"id":81463,"date":"2023-07-11T10:37:44","date_gmt":"2023-07-11T07:37:44","guid":{"rendered":"https:\/\/exlibris.ee\/toode\/projekt-b2-neu-15-modelltests-zur-vorbereitung-auf-das-goethe-zertifikat-b2-ubungsbuch\/"},"modified":"2026-04-23T05:40:34","modified_gmt":"2026-04-23T02:40:34","slug":"projekt-b2-neu-15-modelltests-zur-vorbereitung-auf-das-goethe-zertifikat-b2-ubungsbuch","status":"publish","type":"product","link":"https:\/\/exlibris.ee\/ru\/produkt\/projekt-b2-neu-15-modelltests-zur-vorbereitung-auf-das-goethe-zertifikat-b2-ubungsbuch\/","title":{"rendered":"Projekt B2 neu  15 Modelltests zur Vorbereitung auf das Goethe-Zertifikat B2 \/ \u00dcbungsbuch"},"content":{"rendered":"<p>Projekt B2 neu ist ein Trainingsprogramm f\u00fcr jugendliche und erwachsene Lernende, die sich auf die neue Pr\u00fcfung Goethe-Zertifikat B2 vorbereiten wollen. Texte und Aufgaben weisen eine ansteigende Progression auf und k\u00f6nnen jedes B2-Lehrwerk begleiten. Das \u00dcbungsbuch enth\u00e4lt 15 komplette Modelltests zu allen Modulen: Lesen, H\u00f6ren, Schreiben und Sprechen. Au\u00dferdem bietet Projekt B2 neu eine \u00dcbersicht \u00fcber den Aufbau der Pr\u00fcfung, den vorgegebenen Zeitrahmen und die Bewertung der einzelnen Pr\u00fcfungsteile. Im Anhang gibt es auch Antwortbogen als Kopiervorlage.<\/p>\n","protected":false},"excerpt":{"rendered":"<p>Projekt B2 neu ist ein Trainingsprogramm f\u00fcr jugendliche und erwachsene Lernende, die sich auf die neue Pr\u00fcfung Goethe-Zertifikat B2 vorbereiten wollen. Texte und Aufgaben weisen eine ansteigende Progression auf und k\u00f6nnen jedes B2-Lehrwerk begleiten. Das \u00dcbungsbuch enth\u00e4lt 15 komplette Modelltests&#8230;<\/p>\n","protected":false},"featured_media":423143,"template":"","meta":{"_acf_changed":false,"inline_featured_image":false},"product_brand":[],"product_cat":[507],"product_tag":[],"series":[{"id":1313,"name":"Projekt","slug":"projekt"}],"publisher":[{"id":1297,"name":"Karabatos Verlag","slug":"karabatos-verlag"}],"class_list":{"0":"post-81463","1":"product","2":"type-product","3":"status-publish","4":"has-post-thumbnail","6":"product_cat-prufungsvorbereitung","7":"series-projekt","8":"publisher-karabatos-verlag","10":"first","11":"onbackorder","12":"taxable","13":"shipping-taxable","14":"purchasable","15":"product-type-simple"},"acf":[],"_links":{"self":[{"href":"https:\/\/exlibris.ee\/ru\/wp-json\/wp\/v2\/product\/81463","targetHints":{"allow":["GET"]}}],"collection":[{"href":"https:\/\/exlibris.ee\/ru\/wp-json\/wp\/v2\/product"}],"about":[{"href":"https:\/\/exlibris.ee\/ru\/wp-json\/wp\/v2\/types\/product"}],"wp:featuredmedia":[{"embeddable":true,"href":"https:\/\/exlibris.ee\/ru\/wp-json\/wp\/v2\/media\/423143"}],"wp:attachment":[{"href":"https:\/\/exlibris.ee\/ru\/wp-json\/wp\/v2\/media?parent=81463"}],"wp:term":[{"taxonomy":"product_brand","embeddable":true,"href":"https:\/\/exlibris.ee\/ru\/wp-json\/wp\/v2\/product_brand?post=81463"},{"taxonomy":"product_cat","embeddable":true,"href":"https:\/\/exlibris.ee\/ru\/wp-json\/wp\/v2\/product_cat?post=81463"},{"taxonomy":"product_tag","embeddable":true,"href":"https:\/\/exlibris.ee\/ru\/wp-json\/wp\/v2\/product_tag?post=81463"},{"taxonomy":"series","embeddable":true,"href":"https:\/\/exlibris.ee\/ru\/wp-json\/wp\/v2\/series?post=81463"},{"taxonomy":"publisher","embeddable":true,"href":"https:\/\/exlibris.ee\/ru\/wp-json\/wp\/v2\/publisher?post=81463"}],"curies":[{"name":"wp","href":"https:\/\/api.w.org\/{rel}","templated":true}]}}