{"id":81470,"date":"2023-07-11T10:37:45","date_gmt":"2023-07-11T07:37:45","guid":{"rendered":"https:\/\/exlibris.ee\/toode\/projekt-b2-neu-15-modelltests-zur-vorbereitung-auf-das-goethe-zertifikat-b2-lehrerbuch-mit-mp3-cd\/"},"modified":"2026-04-23T05:42:32","modified_gmt":"2026-04-23T02:42:32","slug":"projekt-b2-neu-15-modelltests-zur-vorbereitung-auf-das-goethe-zertifikat-b2-lehrerbuch-mit-mp3-cd","status":"publish","type":"product","link":"https:\/\/exlibris.ee\/ru\/produkt\/projekt-b2-neu-15-modelltests-zur-vorbereitung-auf-das-goethe-zertifikat-b2-lehrerbuch-mit-mp3-cd\/","title":{"rendered":"Projekt B2 neu  15 Modelltests zur Vorbereitung auf das Goethe-Zertifikat B2 \/ Lehrerbuch mit MP3-CD"},"content":{"rendered":"<p>Das Lehrerbuch enth\u00e4lt das komplette Testbuch und zus\u00e4tzlich: &#8212; eine MP3-CD mit allen H\u00f6rtexten des Testbuchs mit Pausen und Wiederholungen &#8212; einen Info-Teil \u00fcber die Pr\u00fcfung Goethe-Zertifikat B2 &#8212; Bewertungskriterien zu den Teilen Schreiben und Sprechen &#8212; Musterkorrekturen und -bewertungen von Sch\u00fclerarbeiten zum Teil Schreiben &#8212; L\u00f6sungen sowie die Markierung von l\u00f6sungsrelevanten Textpassagen &#8212; Erl\u00e4uterungen zu allen L\u00f6sungen beim Lesen Teil 2 &#8212; Transkriptionen der H\u00f6rtexte &#8212; Antwortbogen als Kopiervorlage.<\/p>\n","protected":false},"excerpt":{"rendered":"<p>Das Lehrerbuch enth\u00e4lt das komplette Testbuch und zus\u00e4tzlich: &#8212; eine MP3-CD mit allen H\u00f6rtexten des Testbuchs mit Pausen und Wiederholungen &#8212; einen Info-Teil \u00fcber die Pr\u00fcfung Goethe-Zertifikat B2 &#8212; Bewertungskriterien zu den Teilen Schreiben und Sprechen &#8212; Musterkorrekturen und -bewertungen&#8230;<\/p>\n","protected":false},"featured_media":423170,"template":"","meta":{"_acf_changed":false,"inline_featured_image":false},"product_brand":[],"product_cat":[507],"product_tag":[],"series":[{"id":1313,"name":"Projekt","slug":"projekt"}],"publisher":[{"id":1297,"name":"Karabatos Verlag","slug":"karabatos-verlag"}],"class_list":{"0":"post-81470","1":"product","2":"type-product","3":"status-publish","4":"has-post-thumbnail","6":"product_cat-prufungsvorbereitung","7":"series-projekt","8":"publisher-karabatos-verlag","10":"first","11":"onbackorder","12":"taxable","13":"shipping-taxable","14":"purchasable","15":"product-type-simple"},"acf":[],"_links":{"self":[{"href":"https:\/\/exlibris.ee\/ru\/wp-json\/wp\/v2\/product\/81470","targetHints":{"allow":["GET"]}}],"collection":[{"href":"https:\/\/exlibris.ee\/ru\/wp-json\/wp\/v2\/product"}],"about":[{"href":"https:\/\/exlibris.ee\/ru\/wp-json\/wp\/v2\/types\/product"}],"wp:featuredmedia":[{"embeddable":true,"href":"https:\/\/exlibris.ee\/ru\/wp-json\/wp\/v2\/media\/423170"}],"wp:attachment":[{"href":"https:\/\/exlibris.ee\/ru\/wp-json\/wp\/v2\/media?parent=81470"}],"wp:term":[{"taxonomy":"product_brand","embeddable":true,"href":"https:\/\/exlibris.ee\/ru\/wp-json\/wp\/v2\/product_brand?post=81470"},{"taxonomy":"product_cat","embeddable":true,"href":"https:\/\/exlibris.ee\/ru\/wp-json\/wp\/v2\/product_cat?post=81470"},{"taxonomy":"product_tag","embeddable":true,"href":"https:\/\/exlibris.ee\/ru\/wp-json\/wp\/v2\/product_tag?post=81470"},{"taxonomy":"series","embeddable":true,"href":"https:\/\/exlibris.ee\/ru\/wp-json\/wp\/v2\/series?post=81470"},{"taxonomy":"publisher","embeddable":true,"href":"https:\/\/exlibris.ee\/ru\/wp-json\/wp\/v2\/publisher?post=81470"}],"curies":[{"name":"wp","href":"https:\/\/api.w.org\/{rel}","templated":true}]}}