{"id":81475,"date":"2023-07-11T10:37:45","date_gmt":"2023-07-11T07:37:45","guid":{"rendered":"https:\/\/exlibris.ee\/toode\/die-grammatik-plakate-a1-a2-testheft-und-6-plakate\/"},"modified":"2026-04-05T15:28:38","modified_gmt":"2026-04-05T12:28:38","slug":"die-grammatik-plakate-a1-a2-testheft-und-6-plakate","status":"publish","type":"product","link":"https:\/\/exlibris.ee\/ru\/produkt\/die-grammatik-plakate-a1-a2-testheft-und-6-plakate\/","title":{"rendered":"Die Grammatik-Plakate A1\/A2  Testheft und 6 Plakate"},"content":{"rendered":"<p>Zielgruppe: Sch\u00fcler und Erwachsene. Anf\u00e4nger, die sich Beginn an einen \u00dcberblick \u00fcber die Formen verschaffen wollen. Unter dem Motto sehen &amp; verstehen pr\u00e4sentieren die sechs Plakate alle Formen der ersten Niveaustufen. Geeignet als Referenzgrammatik, die im Klassenzimmer immer zur Verf\u00fcgung steht. Mit Fotos, die zum Sprechen anregen. Gleichzeitig ein repr\u00e4sentativer Wandschmuck, der Lust auf die deutsche Grammatik macht. Plakat 1: Frischer Wind in die Verben Plakat 2: Der Modalverben-Check Plakat 3: Die bessere Lerntechnik f\u00fcr Adjektive Plakat 4: Nomen und Pronomen auf einen Blick Plakat 5: Die leichte L\u00f6sung f\u00fcr alle Pr\u00e4positionen Plakat 6: Starke S\u00e4tze zum Auswendiglernen Die Plakate sind im Verlag f\u00fcr Deutsch Renate Luscher erschienen und \u00fcber die Max Hueber Verlagsauslieferung zu bestellen.<\/p>\n","protected":false},"excerpt":{"rendered":"<p>Zielgruppe: Sch\u00fcler und Erwachsene. Anf\u00e4nger, die sich Beginn an einen \u00dcberblick \u00fcber die Formen verschaffen wollen. Unter dem Motto sehen &amp; verstehen pr\u00e4sentieren die sechs Plakate alle Formen der ersten Niveaustufen. Geeignet als Referenzgrammatik, die im Klassenzimmer immer zur Verf\u00fcgung&#8230;<\/p>\n","protected":false},"featured_media":81444,"template":"","meta":{"_acf_changed":false,"inline_featured_image":false},"product_brand":[],"product_cat":[503],"product_tag":[],"series":[{"id":1314,"name":"Die Grammatik-Plakate","slug":"die-grammatik-plakate"}],"publisher":[{"id":1315,"name":"Verlag f\u00fcr Deutsch","slug":"verlag-fur-deutsch"}],"class_list":{"0":"post-81475","1":"product","2":"type-product","3":"status-publish","4":"has-post-thumbnail","6":"product_cat-lernen-mit-bildern-und-spielen","7":"series-die-grammatik-plakate","8":"publisher-verlag-fur-deutsch","10":"first","11":"instock","12":"taxable","13":"shipping-taxable","14":"purchasable","15":"product-type-simple"},"acf":[],"_links":{"self":[{"href":"https:\/\/exlibris.ee\/ru\/wp-json\/wp\/v2\/product\/81475","targetHints":{"allow":["GET"]}}],"collection":[{"href":"https:\/\/exlibris.ee\/ru\/wp-json\/wp\/v2\/product"}],"about":[{"href":"https:\/\/exlibris.ee\/ru\/wp-json\/wp\/v2\/types\/product"}],"wp:featuredmedia":[{"embeddable":true,"href":"https:\/\/exlibris.ee\/ru\/wp-json\/wp\/v2\/media\/81444"}],"wp:attachment":[{"href":"https:\/\/exlibris.ee\/ru\/wp-json\/wp\/v2\/media?parent=81475"}],"wp:term":[{"taxonomy":"product_brand","embeddable":true,"href":"https:\/\/exlibris.ee\/ru\/wp-json\/wp\/v2\/product_brand?post=81475"},{"taxonomy":"product_cat","embeddable":true,"href":"https:\/\/exlibris.ee\/ru\/wp-json\/wp\/v2\/product_cat?post=81475"},{"taxonomy":"product_tag","embeddable":true,"href":"https:\/\/exlibris.ee\/ru\/wp-json\/wp\/v2\/product_tag?post=81475"},{"taxonomy":"series","embeddable":true,"href":"https:\/\/exlibris.ee\/ru\/wp-json\/wp\/v2\/series?post=81475"},{"taxonomy":"publisher","embeddable":true,"href":"https:\/\/exlibris.ee\/ru\/wp-json\/wp\/v2\/publisher?post=81475"}],"curies":[{"name":"wp","href":"https:\/\/api.w.org\/{rel}","templated":true}]}}