{"id":81596,"date":"2023-07-11T10:39:00","date_gmt":"2023-07-11T07:39:00","guid":{"rendered":"https:\/\/exlibris.ee\/toode\/sprechtraining-b1-zertifikat-b1-modul-sprechen-ubungsbuch\/"},"modified":"2026-04-23T05:42:38","modified_gmt":"2026-04-23T02:42:38","slug":"sprechtraining-b1-zertifikat-b1-modul-sprechen-ubungsbuch","status":"publish","type":"product","link":"https:\/\/exlibris.ee\/ru\/produkt\/sprechtraining-b1-zertifikat-b1-modul-sprechen-ubungsbuch\/","title":{"rendered":"Sprechtraining B1  Zertifikat B1 &#8212; Modul Sprechen \/ \u00dcbungsbuch"},"content":{"rendered":"<p>Trainingsprogramm f\u00fcr jugendliche und erwachsene Lernende, die sich auf die Pr\u00fcfung Zertifikat B1 (Goethe-Institut und \u00d6SD) vorbereiten wollen \u2022 kann nach abgeschlossener A2-Stufe begleitend zu jedem B1-Lehrwerk eingesetzt werden \u2022 11 thematische Kapitel f\u00fchren vom stark gelenkten Sprechen mit Vorgabe von Redemitteln und Wortschatz zum v\u00f6llig freien Sprechen in Rollenspielen oder Pr\u00e4sentationen \u2022 systematischer Aufbau der Strukturen, die f\u00fcr die Pr\u00fcfungsaufgaben wichtig sind\u2022 Liste der Redemittel im Anhang \u2022 L\u00f6sungsschl\u00fcssel als kostenloser Download im Hueber Shop erh\u00e4ltlich.<\/p>\n","protected":false},"excerpt":{"rendered":"<p>Trainingsprogramm f\u00fcr jugendliche und erwachsene Lernende, die sich auf die Pr\u00fcfung Zertifikat B1 (Goethe-Institut und \u00d6SD) vorbereiten wollen \u2022 kann nach abgeschlossener A2-Stufe begleitend zu jedem B1-Lehrwerk eingesetzt werden \u2022 11 thematische Kapitel f\u00fchren vom stark gelenkten Sprechen mit Vorgabe&#8230;<\/p>\n","protected":false},"featured_media":423205,"template":"","meta":{"_acf_changed":false,"inline_featured_image":false},"product_brand":[],"product_cat":[507],"product_tag":[],"series":[{"id":1296,"name":"Sprechen Schreiben Mitreden","slug":"sprechen-schreiben-mitreden"}],"publisher":[{"id":1297,"name":"Karabatos Verlag","slug":"karabatos-verlag"}],"class_list":{"0":"post-81596","1":"product","2":"type-product","3":"status-publish","4":"has-post-thumbnail","6":"product_cat-prufungsvorbereitung","7":"series-sprechen-schreiben-mitreden","8":"publisher-karabatos-verlag","10":"first","11":"onbackorder","12":"taxable","13":"shipping-taxable","14":"purchasable","15":"product-type-simple"},"acf":[],"_links":{"self":[{"href":"https:\/\/exlibris.ee\/ru\/wp-json\/wp\/v2\/product\/81596","targetHints":{"allow":["GET"]}}],"collection":[{"href":"https:\/\/exlibris.ee\/ru\/wp-json\/wp\/v2\/product"}],"about":[{"href":"https:\/\/exlibris.ee\/ru\/wp-json\/wp\/v2\/types\/product"}],"wp:featuredmedia":[{"embeddable":true,"href":"https:\/\/exlibris.ee\/ru\/wp-json\/wp\/v2\/media\/423205"}],"wp:attachment":[{"href":"https:\/\/exlibris.ee\/ru\/wp-json\/wp\/v2\/media?parent=81596"}],"wp:term":[{"taxonomy":"product_brand","embeddable":true,"href":"https:\/\/exlibris.ee\/ru\/wp-json\/wp\/v2\/product_brand?post=81596"},{"taxonomy":"product_cat","embeddable":true,"href":"https:\/\/exlibris.ee\/ru\/wp-json\/wp\/v2\/product_cat?post=81596"},{"taxonomy":"product_tag","embeddable":true,"href":"https:\/\/exlibris.ee\/ru\/wp-json\/wp\/v2\/product_tag?post=81596"},{"taxonomy":"series","embeddable":true,"href":"https:\/\/exlibris.ee\/ru\/wp-json\/wp\/v2\/series?post=81596"},{"taxonomy":"publisher","embeddable":true,"href":"https:\/\/exlibris.ee\/ru\/wp-json\/wp\/v2\/publisher?post=81596"}],"curies":[{"name":"wp","href":"https:\/\/api.w.org\/{rel}","templated":true}]}}