{"id":81616,"date":"2023-07-11T10:39:02","date_gmt":"2023-07-11T07:39:02","guid":{"rendered":"https:\/\/exlibris.ee\/toode\/hortraining-b1-zertifikat-b1-modul-horen-ubungsbuch\/"},"modified":"2026-04-14T19:24:00","modified_gmt":"2026-04-14T16:24:00","slug":"hortraining-b1-zertifikat-b1-modul-horen-ubungsbuch","status":"publish","type":"product","link":"https:\/\/exlibris.ee\/ru\/produkt\/hortraining-b1-zertifikat-b1-modul-horen-ubungsbuch\/","title":{"rendered":"H\u00f6rtraining B1  Zertifikat B1 &#8212; Modul H\u00f6ren \/ \u00dcbungsbuch"},"content":{"rendered":"<p>\u00dcbungsbuch f\u00fcr jugendliche und erwachsene Lernende, die sich auf die Pr\u00fcfung Zertifikat B1 (Goethe-Institut und \u00d6SD) vorbereiten wollen \u2022 kann nach abgeschlossener A2-Stufe begleitend zu jedem B1-Lehrwerk eingesetzt werden \u2022 Teil A trainiert pr\u00fcfungsrelevante Wortfelder, macht mit H\u00f6rstrastegien und der Aufgabentypologie des Zertifikats B1 vertraut \u2022 Teil B: 10 Modelltests zur gezielten Pr\u00fcfungsvorbereitung \u2022 Antwortbogen im Anhang \u2022 L\u00f6sungen stehen als kostenloser Download im Hueber Shop zur Verf\u00fcgung \u2022 H\u00f6rtexte kostenlos erh\u00e4ltlich unter www.hueber.de\/audioservice.<\/p>\n","protected":false},"excerpt":{"rendered":"<p>\u00dcbungsbuch f\u00fcr jugendliche und erwachsene Lernende, die sich auf die Pr\u00fcfung Zertifikat B1 (Goethe-Institut und \u00d6SD) vorbereiten wollen \u2022 kann nach abgeschlossener A2-Stufe begleitend zu jedem B1-Lehrwerk eingesetzt werden \u2022 Teil A trainiert pr\u00fcfungsrelevante Wortfelder, macht mit H\u00f6rstrastegien und der&#8230;<\/p>\n","protected":false},"featured_media":269433,"template":"","meta":{"_acf_changed":false,"inline_featured_image":false},"product_brand":[],"product_cat":[507],"product_tag":[],"series":[{"id":1323,"name":"H\u00f6rtraining","slug":"hortraining"}],"publisher":[{"id":1297,"name":"Karabatos Verlag","slug":"karabatos-verlag"}],"class_list":{"0":"post-81616","1":"product","2":"type-product","3":"status-publish","4":"has-post-thumbnail","6":"product_cat-prufungsvorbereitung","7":"series-hortraining","8":"publisher-karabatos-verlag","10":"first","11":"onbackorder","12":"taxable","13":"shipping-taxable","14":"purchasable","15":"product-type-simple"},"acf":[],"_links":{"self":[{"href":"https:\/\/exlibris.ee\/ru\/wp-json\/wp\/v2\/product\/81616","targetHints":{"allow":["GET"]}}],"collection":[{"href":"https:\/\/exlibris.ee\/ru\/wp-json\/wp\/v2\/product"}],"about":[{"href":"https:\/\/exlibris.ee\/ru\/wp-json\/wp\/v2\/types\/product"}],"wp:featuredmedia":[{"embeddable":true,"href":"https:\/\/exlibris.ee\/ru\/wp-json\/wp\/v2\/media\/269433"}],"wp:attachment":[{"href":"https:\/\/exlibris.ee\/ru\/wp-json\/wp\/v2\/media?parent=81616"}],"wp:term":[{"taxonomy":"product_brand","embeddable":true,"href":"https:\/\/exlibris.ee\/ru\/wp-json\/wp\/v2\/product_brand?post=81616"},{"taxonomy":"product_cat","embeddable":true,"href":"https:\/\/exlibris.ee\/ru\/wp-json\/wp\/v2\/product_cat?post=81616"},{"taxonomy":"product_tag","embeddable":true,"href":"https:\/\/exlibris.ee\/ru\/wp-json\/wp\/v2\/product_tag?post=81616"},{"taxonomy":"series","embeddable":true,"href":"https:\/\/exlibris.ee\/ru\/wp-json\/wp\/v2\/series?post=81616"},{"taxonomy":"publisher","embeddable":true,"href":"https:\/\/exlibris.ee\/ru\/wp-json\/wp\/v2\/publisher?post=81616"}],"curies":[{"name":"wp","href":"https:\/\/api.w.org\/{rel}","templated":true}]}}