{"id":81697,"date":"2023-07-11T10:40:12","date_gmt":"2023-07-11T07:40:12","guid":{"rendered":"https:\/\/exlibris.ee\/toode\/treffend-a2-wortschatztraining-ubungsbuch\/"},"modified":"2026-04-20T09:35:58","modified_gmt":"2026-04-20T06:35:58","slug":"treffend-a2-wortschatztraining-ubungsbuch","status":"publish","type":"product","link":"https:\/\/exlibris.ee\/ru\/produkt\/treffend-a2-wortschatztraining-ubungsbuch\/","title":{"rendered":"treffend! A2+ &#8212; Wortschatztraining  \u00dcbungsbuch"},"content":{"rendered":"<p>treffend! A2+ ist ein Wortschatzbuch f\u00fcr Kinder und Jugendliche und kann begleitend zu jedem Lehrwerk in A1- und A2-Kursen eingesetzt werden. Rund 1800 W\u00f6rter und Wendungen werden eingef\u00fchrt und spielerisch einge\u00fcbt. Der Wortschatz wird in 20 Themenbereichen mit zahlreichen kleinen Einheiten pr\u00e4sentiert. Die aufgegriffenen Themenbereiche finden sich in jedem Lehrbuch wieder und lassen sich problemlos einzelnen Lehrbuchlektionen zuordnen. Jede Einheit umfasst eine \u00fcberschaubare Menge an neuem Wortschatz, der sich systematisch und leicht lernen l\u00e4sst. In vielen \u00dcbungen wird der Wortschatz dann einge\u00fcbt und gefestigt, wobei verschiedene Aspekte ber\u00fccksichtigt werden: die Vermittlung neuer Bedeutungen, die Artikel bei Nomen und die Rechtschreibung. L\u00f6sungen sind online als kostenloser Download verf\u00fcgbar.<\/p>\n","protected":false},"excerpt":{"rendered":"<p>treffend! A2+ ist ein Wortschatzbuch f\u00fcr Kinder und Jugendliche und kann begleitend zu jedem Lehrwerk in A1- und A2-Kursen eingesetzt werden. Rund 1800 W\u00f6rter und Wendungen werden eingef\u00fchrt und spielerisch einge\u00fcbt. Der Wortschatz wird in 20 Themenbereichen mit zahlreichen kleinen&#8230;<\/p>\n","protected":false},"featured_media":372419,"template":"","meta":{"_acf_changed":false,"inline_featured_image":false},"product_brand":[],"product_cat":[558],"product_tag":[],"series":[{"id":1324,"name":"Wortschatztraining","slug":"wortschatztraining"}],"publisher":[{"id":1297,"name":"Karabatos Verlag","slug":"karabatos-verlag"}],"class_list":{"0":"post-81697","1":"product","2":"type-product","3":"status-publish","4":"has-post-thumbnail","6":"product_cat-deutsch-uben","7":"series-wortschatztraining","8":"publisher-karabatos-verlag","10":"first","11":"onbackorder","12":"taxable","13":"shipping-taxable","14":"purchasable","15":"product-type-simple"},"acf":[],"_links":{"self":[{"href":"https:\/\/exlibris.ee\/ru\/wp-json\/wp\/v2\/product\/81697","targetHints":{"allow":["GET"]}}],"collection":[{"href":"https:\/\/exlibris.ee\/ru\/wp-json\/wp\/v2\/product"}],"about":[{"href":"https:\/\/exlibris.ee\/ru\/wp-json\/wp\/v2\/types\/product"}],"wp:featuredmedia":[{"embeddable":true,"href":"https:\/\/exlibris.ee\/ru\/wp-json\/wp\/v2\/media\/372419"}],"wp:attachment":[{"href":"https:\/\/exlibris.ee\/ru\/wp-json\/wp\/v2\/media?parent=81697"}],"wp:term":[{"taxonomy":"product_brand","embeddable":true,"href":"https:\/\/exlibris.ee\/ru\/wp-json\/wp\/v2\/product_brand?post=81697"},{"taxonomy":"product_cat","embeddable":true,"href":"https:\/\/exlibris.ee\/ru\/wp-json\/wp\/v2\/product_cat?post=81697"},{"taxonomy":"product_tag","embeddable":true,"href":"https:\/\/exlibris.ee\/ru\/wp-json\/wp\/v2\/product_tag?post=81697"},{"taxonomy":"series","embeddable":true,"href":"https:\/\/exlibris.ee\/ru\/wp-json\/wp\/v2\/series?post=81697"},{"taxonomy":"publisher","embeddable":true,"href":"https:\/\/exlibris.ee\/ru\/wp-json\/wp\/v2\/publisher?post=81697"}],"curies":[{"name":"wp","href":"https:\/\/api.w.org\/{rel}","templated":true}]}}