{"id":81704,"date":"2023-07-11T10:40:12","date_gmt":"2023-07-11T07:40:12","guid":{"rendered":"https:\/\/exlibris.ee\/toode\/grammatik-und-worter-lernen-german-english-tests-for-beginners-grammatik\/"},"modified":"2026-04-23T05:46:50","modified_gmt":"2026-04-23T02:46:50","slug":"grammatik-und-worter-lernen-german-english-tests-for-beginners-grammatik","status":"publish","type":"product","link":"https:\/\/exlibris.ee\/ru\/produkt\/grammatik-und-worter-lernen-german-english-tests-for-beginners-grammatik\/","title":{"rendered":"Grammatik und W\u00f6rter lernen  German-English Tests for Beginners \/ Grammatik"},"content":{"rendered":"<p>\u00dcbungen in der Kombination von Grammatik und Wortschatz auf dem Niveau A1 \u2013 B1. Mit W\u00f6rtern Deutsch-Englisch, nach Sachgebieten zusammengestellt. Mit Beispiels\u00e4tzen in Form von L\u00fcckentests. Auf der R\u00fcckseite eines jeden Blattes: Grammatikerkl\u00e4rungen auf Englisch mit Beispiels\u00e4tzen; L\u00f6sungen zu den L\u00fcckentests. F\u00fcr wen? Selbstlerner, auch zur Pr\u00fcfungsvorbereitung geeignet. F\u00fcr alle, die W\u00f6rter auf dem Niveau A1-B1 lernen und zugleich die passende Grammatik und damit die Anwendung beherrschen wollen. Aus dem Inhalt: &#8212; Lerntipps &#8212; wichtige W\u00f6rter zu den Themen: Kontakte, Familie, Einkaufen, Urlaub, Verkehr, Wetter, Gesundheit, Wohnen, Feste, Arbeit, Staat usw. &#8212; einfache grammatische \u00dcbersichten und Erl\u00e4uterungen auf Englisch zu Themen der Basisgrammatik &#8212; Punkte-Bewertung &#8212; Grammatik-Index.<\/p>\n","protected":false},"excerpt":{"rendered":"<p>\u00dcbungen in der Kombination von Grammatik und Wortschatz auf dem Niveau A1 \u2013 B1. Mit W\u00f6rtern Deutsch-Englisch, nach Sachgebieten zusammengestellt. Mit Beispiels\u00e4tzen in Form von L\u00fcckentests. Auf der R\u00fcckseite eines jeden Blattes: Grammatikerkl\u00e4rungen auf Englisch mit Beispiels\u00e4tzen; L\u00f6sungen zu den&#8230;<\/p>\n","protected":false},"featured_media":423316,"template":"","meta":{"_acf_changed":false,"inline_featured_image":false},"product_brand":[],"product_cat":[480],"product_tag":[],"series":[],"publisher":[{"id":1315,"name":"Verlag f\u00fcr Deutsch","slug":"verlag-fur-deutsch"}],"class_list":{"0":"post-81704","1":"product","2":"type-product","3":"status-publish","4":"has-post-thumbnail","6":"product_cat-grammatiken","7":"publisher-verlag-fur-deutsch","9":"first","10":"onbackorder","11":"taxable","12":"shipping-taxable","13":"purchasable","14":"product-type-simple"},"acf":[],"_links":{"self":[{"href":"https:\/\/exlibris.ee\/ru\/wp-json\/wp\/v2\/product\/81704","targetHints":{"allow":["GET"]}}],"collection":[{"href":"https:\/\/exlibris.ee\/ru\/wp-json\/wp\/v2\/product"}],"about":[{"href":"https:\/\/exlibris.ee\/ru\/wp-json\/wp\/v2\/types\/product"}],"wp:featuredmedia":[{"embeddable":true,"href":"https:\/\/exlibris.ee\/ru\/wp-json\/wp\/v2\/media\/423316"}],"wp:attachment":[{"href":"https:\/\/exlibris.ee\/ru\/wp-json\/wp\/v2\/media?parent=81704"}],"wp:term":[{"taxonomy":"product_brand","embeddable":true,"href":"https:\/\/exlibris.ee\/ru\/wp-json\/wp\/v2\/product_brand?post=81704"},{"taxonomy":"product_cat","embeddable":true,"href":"https:\/\/exlibris.ee\/ru\/wp-json\/wp\/v2\/product_cat?post=81704"},{"taxonomy":"product_tag","embeddable":true,"href":"https:\/\/exlibris.ee\/ru\/wp-json\/wp\/v2\/product_tag?post=81704"},{"taxonomy":"series","embeddable":true,"href":"https:\/\/exlibris.ee\/ru\/wp-json\/wp\/v2\/series?post=81704"},{"taxonomy":"publisher","embeddable":true,"href":"https:\/\/exlibris.ee\/ru\/wp-json\/wp\/v2\/publisher?post=81704"}],"curies":[{"name":"wp","href":"https:\/\/api.w.org\/{rel}","templated":true}]}}