{"id":81710,"date":"2023-07-11T10:40:13","date_gmt":"2023-07-11T07:40:13","guid":{"rendered":"https:\/\/exlibris.ee\/toode\/ubungsgrammatik-fur-anfanger-deutsch-als-fremdsprache-pdf-download-lehr-und-ubungsbuch\/"},"modified":"2026-04-10T03:27:53","modified_gmt":"2026-04-10T00:27:53","slug":"ubungsgrammatik-fur-anfanger-deutsch-als-fremdsprache-pdf-download-lehr-und-ubungsbuch","status":"publish","type":"product","link":"https:\/\/exlibris.ee\/ru\/produkt\/ubungsgrammatik-fur-anfanger-deutsch-als-fremdsprache-pdf-download-lehr-und-ubungsbuch\/","title":{"rendered":"\u00dcbungsgrammatik f\u00fcr Anf\u00e4nger  Deutsch als Fremdsprache \/ PDF-Download Lehr- und \u00dcbungsbuch"},"content":{"rendered":"<p>Eine Auswahl vertonter \u00dcbungen aus der \u00dcbungsgrammatik Deutsch f\u00fcr Anf\u00e4nger als H\u00f6rtraining und zum Vertiefen der Grammatik\u00fcbungen.<\/p>\n","protected":false},"excerpt":{"rendered":"<p>Eine Auswahl vertonter \u00dcbungen aus der \u00dcbungsgrammatik Deutsch f\u00fcr Anf\u00e4nger als H\u00f6rtraining und zum Vertiefen der Grammatik\u00fcbungen.<\/p>\n","protected":false},"featured_media":81669,"template":"","meta":{"_acf_changed":false,"inline_featured_image":false},"product_brand":[],"product_cat":[480],"product_tag":[],"series":[{"id":1299,"name":"\u00dcbungsgrammatik","slug":"ubungsgrammatik"}],"publisher":[{"id":1315,"name":"Verlag f\u00fcr Deutsch","slug":"verlag-fur-deutsch"}],"class_list":{"0":"post-81710","1":"product","2":"type-product","3":"status-publish","4":"has-post-thumbnail","6":"product_cat-grammatiken","7":"series-ubungsgrammatik","8":"publisher-verlag-fur-deutsch","10":"first","11":"onbackorder","12":"taxable","13":"shipping-taxable","14":"purchasable","15":"product-type-simple"},"acf":[],"_links":{"self":[{"href":"https:\/\/exlibris.ee\/ru\/wp-json\/wp\/v2\/product\/81710","targetHints":{"allow":["GET"]}}],"collection":[{"href":"https:\/\/exlibris.ee\/ru\/wp-json\/wp\/v2\/product"}],"about":[{"href":"https:\/\/exlibris.ee\/ru\/wp-json\/wp\/v2\/types\/product"}],"wp:featuredmedia":[{"embeddable":true,"href":"https:\/\/exlibris.ee\/ru\/wp-json\/wp\/v2\/media\/81669"}],"wp:attachment":[{"href":"https:\/\/exlibris.ee\/ru\/wp-json\/wp\/v2\/media?parent=81710"}],"wp:term":[{"taxonomy":"product_brand","embeddable":true,"href":"https:\/\/exlibris.ee\/ru\/wp-json\/wp\/v2\/product_brand?post=81710"},{"taxonomy":"product_cat","embeddable":true,"href":"https:\/\/exlibris.ee\/ru\/wp-json\/wp\/v2\/product_cat?post=81710"},{"taxonomy":"product_tag","embeddable":true,"href":"https:\/\/exlibris.ee\/ru\/wp-json\/wp\/v2\/product_tag?post=81710"},{"taxonomy":"series","embeddable":true,"href":"https:\/\/exlibris.ee\/ru\/wp-json\/wp\/v2\/series?post=81710"},{"taxonomy":"publisher","embeddable":true,"href":"https:\/\/exlibris.ee\/ru\/wp-json\/wp\/v2\/publisher?post=81710"}],"curies":[{"name":"wp","href":"https:\/\/api.w.org\/{rel}","templated":true}]}}