{"id":81712,"date":"2023-07-11T10:40:13","date_gmt":"2023-07-11T07:40:13","guid":{"rendered":"https:\/\/exlibris.ee\/toode\/lesetraining-neu-fur-das-goethe-zertifikat-b2-ubungsbuch\/"},"modified":"2026-04-18T15:37:32","modified_gmt":"2026-04-18T12:37:32","slug":"lesetraining-neu-fur-das-goethe-zertifikat-b2-ubungsbuch","status":"publish","type":"product","link":"https:\/\/exlibris.ee\/ru\/produkt\/lesetraining-neu-fur-das-goethe-zertifikat-b2-ubungsbuch\/","title":{"rendered":"Lesetraining neu f\u00fcr das Goethe-Zertifikat B2  \u00dcbungsbuch"},"content":{"rendered":"<p>Lesetraining neu B2 ist ein \u00dcbungsbuch, mit dem sich Jugendliche und Erwachsene systematisch auf das Modul LESEN der Pr\u00fcfung Goethe-Zertifikat B2 vorbereiten k\u00f6nnen. Es kann begleitend zu jedem B2-Lehrwerk eingesetzt werden. Das Buch besteht aus zwei Teilen und enth\u00e4lt insgesamt zehn komplette Modelltests. In Teil A, der f\u00fcnf Tests umfasst, sind diese um zus\u00e4tzliche \u00dcbungen zu Wortschatz und pr\u00fcfungsrelevanten Grammatikph\u00e4nomenen erweitert. Auch werden hier die Lerner mit den Aufgabentypen der Pr\u00fcfung sowie mit Lese- und L\u00f6sungsstrategien vertraut gemacht. Die Texte in Teil A liegen vom Schwierigkeitsgrad her so, dass sie bereits fr\u00fch im B2-Kurs bearbeitet werden k\u00f6nnen. Die f\u00fcnf Tests in Teil B entsprechen vom Umfang der Texte und vom Schwierigkeitsgrad der Aufgaben her der Pr\u00fcfung. Die L\u00f6sungen stehen als kostenfreier Download im Hueber Shop zur Verf\u00fcgung.<\/p>\n","protected":false},"excerpt":{"rendered":"<p>Lesetraining neu B2 ist ein \u00dcbungsbuch, mit dem sich Jugendliche und Erwachsene systematisch auf das Modul LESEN der Pr\u00fcfung Goethe-Zertifikat B2 vorbereiten k\u00f6nnen. Es kann begleitend zu jedem B2-Lehrwerk eingesetzt werden. Das Buch besteht aus zwei Teilen und enth\u00e4lt insgesamt&#8230;<\/p>\n","protected":false},"featured_media":338033,"template":"","meta":{"_acf_changed":false,"inline_featured_image":false},"product_brand":[],"product_cat":[507],"product_tag":[],"series":[],"publisher":[{"id":1297,"name":"Karabatos Verlag","slug":"karabatos-verlag"}],"class_list":{"0":"post-81712","1":"product","2":"type-product","3":"status-publish","4":"has-post-thumbnail","6":"product_cat-prufungsvorbereitung","7":"publisher-karabatos-verlag","9":"first","10":"onbackorder","11":"taxable","12":"shipping-taxable","13":"purchasable","14":"product-type-simple"},"acf":[],"_links":{"self":[{"href":"https:\/\/exlibris.ee\/ru\/wp-json\/wp\/v2\/product\/81712","targetHints":{"allow":["GET"]}}],"collection":[{"href":"https:\/\/exlibris.ee\/ru\/wp-json\/wp\/v2\/product"}],"about":[{"href":"https:\/\/exlibris.ee\/ru\/wp-json\/wp\/v2\/types\/product"}],"wp:featuredmedia":[{"embeddable":true,"href":"https:\/\/exlibris.ee\/ru\/wp-json\/wp\/v2\/media\/338033"}],"wp:attachment":[{"href":"https:\/\/exlibris.ee\/ru\/wp-json\/wp\/v2\/media?parent=81712"}],"wp:term":[{"taxonomy":"product_brand","embeddable":true,"href":"https:\/\/exlibris.ee\/ru\/wp-json\/wp\/v2\/product_brand?post=81712"},{"taxonomy":"product_cat","embeddable":true,"href":"https:\/\/exlibris.ee\/ru\/wp-json\/wp\/v2\/product_cat?post=81712"},{"taxonomy":"product_tag","embeddable":true,"href":"https:\/\/exlibris.ee\/ru\/wp-json\/wp\/v2\/product_tag?post=81712"},{"taxonomy":"series","embeddable":true,"href":"https:\/\/exlibris.ee\/ru\/wp-json\/wp\/v2\/series?post=81712"},{"taxonomy":"publisher","embeddable":true,"href":"https:\/\/exlibris.ee\/ru\/wp-json\/wp\/v2\/publisher?post=81712"}],"curies":[{"name":"wp","href":"https:\/\/api.w.org\/{rel}","templated":true}]}}