{"id":81716,"date":"2023-07-11T10:40:14","date_gmt":"2023-07-11T07:40:14","guid":{"rendered":"https:\/\/exlibris.ee\/toode\/projekt-osd-b2-10-modelltests-zur-vorbereitung-auf-das-osd-zertifikat-b2-lehrerbuch-mit-mp3-cd\/"},"modified":"2026-04-23T05:46:59","modified_gmt":"2026-04-23T02:46:59","slug":"projekt-osd-b2-10-modelltests-zur-vorbereitung-auf-das-osd-zertifikat-b2-lehrerbuch-mit-mp3-cd","status":"publish","type":"product","link":"https:\/\/exlibris.ee\/ru\/produkt\/projekt-osd-b2-10-modelltests-zur-vorbereitung-auf-das-osd-zertifikat-b2-lehrerbuch-mit-mp3-cd\/","title":{"rendered":"Projekt \u00d6SD B2  10 Modelltests zur Vorbereitung auf das \u00d6SD Zertifikat B2 \/ Lehrerbuch mit MP3-CD"},"content":{"rendered":"<p>Projekt \u00d6SD B2 ist ein \u00dcbungsbuch f\u00fcr jugendliche und erwachsene Lernende, die sich auf die Pr\u00fcfung \u00d6SD Zertifikat B2 vorbereiten wollen. Texte und Aufgaben weisen eine ansteigende Progression auf und k\u00f6nnen jedes B2-Lehrwerk begleiten. Das \u00dcbungsbuch enth\u00e4lt 10 komplette Modelltests zu allen Modulen: Lesen, H\u00f6ren, Schreiben und Sprechen. Am Anfang des Testbuchs informiert eine \u00dcbersicht \u00fcber den Aufbau der Pr\u00fcfung, den vorgegebenen Zeitrahmen und die Bewertung der einzelnen Aufgaben. Die Audiodateien der MP3-CD aus dem Lehrerbuch werden zus\u00e4tzlich online auf karabatos.gr und dem Hueber-Audioservice angeboten. Die L\u00f6sungen zu allen \u00dcbungen sowie Mustertexte zu allen Themen stehen als kostenloser Download zur Verf\u00fcgung (im Hueber Shop als Download bei dem Titel).<\/p>\n","protected":false},"excerpt":{"rendered":"<p>Projekt \u00d6SD B2 ist ein \u00dcbungsbuch f\u00fcr jugendliche und erwachsene Lernende, die sich auf die Pr\u00fcfung \u00d6SD Zertifikat B2 vorbereiten wollen. Texte und Aufgaben weisen eine ansteigende Progression auf und k\u00f6nnen jedes B2-Lehrwerk begleiten. Das \u00dcbungsbuch enth\u00e4lt 10 komplette Modelltests&#8230;<\/p>\n","protected":false},"featured_media":423377,"template":"","meta":{"_acf_changed":false,"inline_featured_image":false},"product_brand":[],"product_cat":[507],"product_tag":[],"series":[{"id":1313,"name":"Projekt","slug":"projekt"}],"publisher":[{"id":1297,"name":"Karabatos Verlag","slug":"karabatos-verlag"}],"class_list":{"0":"post-81716","1":"product","2":"type-product","3":"status-publish","4":"has-post-thumbnail","6":"product_cat-prufungsvorbereitung","7":"series-projekt","8":"publisher-karabatos-verlag","10":"first","11":"onbackorder","12":"taxable","13":"shipping-taxable","14":"purchasable","15":"product-type-simple"},"acf":[],"_links":{"self":[{"href":"https:\/\/exlibris.ee\/ru\/wp-json\/wp\/v2\/product\/81716","targetHints":{"allow":["GET"]}}],"collection":[{"href":"https:\/\/exlibris.ee\/ru\/wp-json\/wp\/v2\/product"}],"about":[{"href":"https:\/\/exlibris.ee\/ru\/wp-json\/wp\/v2\/types\/product"}],"wp:featuredmedia":[{"embeddable":true,"href":"https:\/\/exlibris.ee\/ru\/wp-json\/wp\/v2\/media\/423377"}],"wp:attachment":[{"href":"https:\/\/exlibris.ee\/ru\/wp-json\/wp\/v2\/media?parent=81716"}],"wp:term":[{"taxonomy":"product_brand","embeddable":true,"href":"https:\/\/exlibris.ee\/ru\/wp-json\/wp\/v2\/product_brand?post=81716"},{"taxonomy":"product_cat","embeddable":true,"href":"https:\/\/exlibris.ee\/ru\/wp-json\/wp\/v2\/product_cat?post=81716"},{"taxonomy":"product_tag","embeddable":true,"href":"https:\/\/exlibris.ee\/ru\/wp-json\/wp\/v2\/product_tag?post=81716"},{"taxonomy":"series","embeddable":true,"href":"https:\/\/exlibris.ee\/ru\/wp-json\/wp\/v2\/series?post=81716"},{"taxonomy":"publisher","embeddable":true,"href":"https:\/\/exlibris.ee\/ru\/wp-json\/wp\/v2\/publisher?post=81716"}],"curies":[{"name":"wp","href":"https:\/\/api.w.org\/{rel}","templated":true}]}}