{"id":81830,"date":"2023-07-11T10:41:35","date_gmt":"2023-07-11T07:41:35","guid":{"rendered":"https:\/\/exlibris.ee\/toode\/topfit-a1-trainingskurs-zur-prufung-goethe-zertifikat-a1-fit-in-deutsch-1-ubungsbuch-mit-5-modelltests-und-5-ubungstests\/"},"modified":"2026-04-04T03:19:56","modified_gmt":"2026-04-04T00:19:56","slug":"topfit-a1-trainingskurs-zur-prufung-goethe-zertifikat-a1-fit-in-deutsch-1-ubungsbuch-mit-5-modelltests-und-5-ubungstests","status":"publish","type":"product","link":"https:\/\/exlibris.ee\/ru\/produkt\/topfit-a1-trainingskurs-zur-prufung-goethe-zertifikat-a1-fit-in-deutsch-1-ubungsbuch-mit-5-modelltests-und-5-ubungstests\/","title":{"rendered":"Topfit A1  Trainingskurs zur Pr\u00fcfung Goethe-Zertifikat A1 Fit in Deutsch 1 \/ \u00dcbungsbuch mit 5 Modelltests und 5 \u00dcbungstests"},"content":{"rendered":"<p>TOPFIT \u03911 ist ein Trainingskurs f\u00fcr Kinder und Jugendliche ab ca. 10 Jahren zur Vorbereitung auf die Pr\u00fcfung Goethe-Zertifikat A1: Fit in Deutsch 1, der begleitend zu jedem Kinder- oder Jugendlichenlehrwerk eingesetzt werden kann. Das Buch enth\u00e4lt 10 komplette Modelltests. Die ersten 5 sind \u00dcbungstests mit einf\u00fchrenden \u00dcbungen zum Wortschatz und zu den Strukturen, zur Wiederholung des pr\u00fcfungsrelevanten A1-Stoffes und zur Vorbereitung auf die Testaufgaben.<\/p>\n","protected":false},"excerpt":{"rendered":"<p>TOPFIT \u03911 ist ein Trainingskurs f\u00fcr Kinder und Jugendliche ab ca. 10 Jahren zur Vorbereitung auf die Pr\u00fcfung Goethe-Zertifikat A1: Fit in Deutsch 1, der begleitend zu jedem Kinder- oder Jugendlichenlehrwerk eingesetzt werden kann. Das Buch enth\u00e4lt 10 komplette Modelltests&#8230;.<\/p>\n","protected":false},"featured_media":81731,"template":"","meta":{"_acf_changed":false,"inline_featured_image":false},"product_brand":[],"product_cat":[507],"product_tag":[],"series":[{"id":1326,"name":"Trainingskurs zur Pr\u00fcfung","slug":"trainingskurs-zur-prufung"}],"publisher":[{"id":1297,"name":"Karabatos Verlag","slug":"karabatos-verlag"}],"class_list":{"0":"post-81830","1":"product","2":"type-product","3":"status-publish","4":"has-post-thumbnail","6":"product_cat-prufungsvorbereitung","7":"series-trainingskurs-zur-prufung","8":"publisher-karabatos-verlag","10":"first","11":"onbackorder","12":"taxable","13":"shipping-taxable","14":"purchasable","15":"product-type-simple"},"acf":[],"_links":{"self":[{"href":"https:\/\/exlibris.ee\/ru\/wp-json\/wp\/v2\/product\/81830","targetHints":{"allow":["GET"]}}],"collection":[{"href":"https:\/\/exlibris.ee\/ru\/wp-json\/wp\/v2\/product"}],"about":[{"href":"https:\/\/exlibris.ee\/ru\/wp-json\/wp\/v2\/types\/product"}],"wp:featuredmedia":[{"embeddable":true,"href":"https:\/\/exlibris.ee\/ru\/wp-json\/wp\/v2\/media\/81731"}],"wp:attachment":[{"href":"https:\/\/exlibris.ee\/ru\/wp-json\/wp\/v2\/media?parent=81830"}],"wp:term":[{"taxonomy":"product_brand","embeddable":true,"href":"https:\/\/exlibris.ee\/ru\/wp-json\/wp\/v2\/product_brand?post=81830"},{"taxonomy":"product_cat","embeddable":true,"href":"https:\/\/exlibris.ee\/ru\/wp-json\/wp\/v2\/product_cat?post=81830"},{"taxonomy":"product_tag","embeddable":true,"href":"https:\/\/exlibris.ee\/ru\/wp-json\/wp\/v2\/product_tag?post=81830"},{"taxonomy":"series","embeddable":true,"href":"https:\/\/exlibris.ee\/ru\/wp-json\/wp\/v2\/series?post=81830"},{"taxonomy":"publisher","embeddable":true,"href":"https:\/\/exlibris.ee\/ru\/wp-json\/wp\/v2\/publisher?post=81830"}],"curies":[{"name":"wp","href":"https:\/\/api.w.org\/{rel}","templated":true}]}}