{"id":81832,"date":"2023-07-11T10:41:35","date_gmt":"2023-07-11T07:41:35","guid":{"rendered":"https:\/\/exlibris.ee\/toode\/die-wortschatz-plakate-ausgewahlter-wortschatz-der-niveaustufen-a1-b1-ubungsheft-und-6-plakate\/"},"modified":"2026-04-13T05:33:39","modified_gmt":"2026-04-13T02:33:39","slug":"die-wortschatz-plakate-ausgewahlter-wortschatz-der-niveaustufen-a1-b1-ubungsheft-und-6-plakate","status":"publish","type":"product","link":"https:\/\/exlibris.ee\/ru\/produkt\/die-wortschatz-plakate-ausgewahlter-wortschatz-der-niveaustufen-a1-b1-ubungsheft-und-6-plakate\/","title":{"rendered":"Die Wortschatz-Plakate  Ausgew\u00e4hlter Wortschatz der Niveaustufen A1 \u2013 B1 \/ \u00dcbungsheft und 6 Plakate"},"content":{"rendered":"<p>Zielgruppe: Sch\u00fcler und Erwachsene. Lerner der Grundstufe, die sich wichtige W\u00f6rter spielerisch einpr\u00e4gen wollen. \u201eSuchen und anwenden\u201c ist das Motto, unter dem Lerner auf jeweils 12 Fragen unter \u00fcber 100 W\u00f6rtern pro Plakat die passenden herausfinden sollen. Das \u00dcbungsheft gibt konkrete Hinweise f\u00fcr weiterf\u00fchrende \u00dcbungen und spielerische Anwendung. Die Plakate sind Lernmittel und durch ihre hinrei\u00dfende Farbigkeit und die insgesamt 72 Fotos zugleich ein motivierend erfrischender Wandschmuck f\u00fcr die Klasse. Plakat 1: Freizeit und Reisen Plakat 2: Essen und Trinken Plakat 3: Pers\u00f6nliches und Kontakte Plakat 4: Stadt und Land Plakat 5: Arbeit, Beruf, Lernen Plakat 6: \u00d6ffentliches Leben \u00dcbungsheft und 6 Plakate \u00dcbungsheft (32 Seiten DIN A4 mit den Plakaten als Kopiervorlagen und \u00dcbungsvorschl\u00e4gen) und 6 Plakate, DIN A1, gefalzt auf A4, vierfarbig mit vielen Fotos, verpackt in einer transparenten Aufbewahrungsmappe.<\/p>\n","protected":false},"excerpt":{"rendered":"<p>Zielgruppe: Sch\u00fcler und Erwachsene. Lerner der Grundstufe, die sich wichtige W\u00f6rter spielerisch einpr\u00e4gen wollen. \u201eSuchen und anwenden\u201c ist das Motto, unter dem Lerner auf jeweils 12 Fragen unter \u00fcber 100 W\u00f6rtern pro Plakat die passenden herausfinden sollen. Das \u00dcbungsheft gibt&#8230;<\/p>\n","protected":false},"featured_media":235926,"template":"","meta":{"_acf_changed":false,"inline_featured_image":false},"product_brand":[],"product_cat":[503],"product_tag":[],"series":[],"publisher":[{"id":1315,"name":"Verlag f\u00fcr Deutsch","slug":"verlag-fur-deutsch"}],"class_list":{"0":"post-81832","1":"product","2":"type-product","3":"status-publish","4":"has-post-thumbnail","6":"product_cat-lernen-mit-bildern-und-spielen","7":"publisher-verlag-fur-deutsch","9":"first","10":"instock","11":"taxable","12":"shipping-taxable","13":"purchasable","14":"product-type-simple"},"acf":[],"_links":{"self":[{"href":"https:\/\/exlibris.ee\/ru\/wp-json\/wp\/v2\/product\/81832","targetHints":{"allow":["GET"]}}],"collection":[{"href":"https:\/\/exlibris.ee\/ru\/wp-json\/wp\/v2\/product"}],"about":[{"href":"https:\/\/exlibris.ee\/ru\/wp-json\/wp\/v2\/types\/product"}],"wp:featuredmedia":[{"embeddable":true,"href":"https:\/\/exlibris.ee\/ru\/wp-json\/wp\/v2\/media\/235926"}],"wp:attachment":[{"href":"https:\/\/exlibris.ee\/ru\/wp-json\/wp\/v2\/media?parent=81832"}],"wp:term":[{"taxonomy":"product_brand","embeddable":true,"href":"https:\/\/exlibris.ee\/ru\/wp-json\/wp\/v2\/product_brand?post=81832"},{"taxonomy":"product_cat","embeddable":true,"href":"https:\/\/exlibris.ee\/ru\/wp-json\/wp\/v2\/product_cat?post=81832"},{"taxonomy":"product_tag","embeddable":true,"href":"https:\/\/exlibris.ee\/ru\/wp-json\/wp\/v2\/product_tag?post=81832"},{"taxonomy":"series","embeddable":true,"href":"https:\/\/exlibris.ee\/ru\/wp-json\/wp\/v2\/series?post=81832"},{"taxonomy":"publisher","embeddable":true,"href":"https:\/\/exlibris.ee\/ru\/wp-json\/wp\/v2\/publisher?post=81832"}],"curies":[{"name":"wp","href":"https:\/\/api.w.org\/{rel}","templated":true}]}}