{"id":81835,"date":"2023-07-11T10:41:36","date_gmt":"2023-07-11T07:41:36","guid":{"rendered":"https:\/\/exlibris.ee\/toode\/plakat-redewendungen-ubungsheft-und-1-plakat\/"},"modified":"2026-04-05T15:32:57","modified_gmt":"2026-04-05T12:32:57","slug":"plakat-redewendungen-ubungsheft-und-1-plakat","status":"publish","type":"product","link":"https:\/\/exlibris.ee\/ru\/produkt\/plakat-redewendungen-ubungsheft-und-1-plakat\/","title":{"rendered":"Plakat Redewendungen  \u00dcbungsheft und 1 Plakat"},"content":{"rendered":"<p>Zielgruppe: Sch\u00fcler und Erwachsene, die sich wichtige Wendungen optisch einpr\u00e4gen wollen. \u00dcbungsheft und Plakat \u00dcbungsheft (16 Seiten, Kopie des Plakats auf DIN A4 mit Vorschl\u00e4gen f\u00fcr den Unterricht) und 1 Plakat, DIN A1, gefalzt auf A4, vierfarbig mit vielen Karrikaturen und Fotos, verpackt in einer transparenten Aufbewahrungsmappe.<\/p>\n","protected":false},"excerpt":{"rendered":"<p>Zielgruppe: Sch\u00fcler und Erwachsene, die sich wichtige Wendungen optisch einpr\u00e4gen wollen. \u00dcbungsheft und Plakat \u00dcbungsheft (16 Seiten, Kopie des Plakats auf DIN A4 mit Vorschl\u00e4gen f\u00fcr den Unterricht) und 1 Plakat, DIN A1, gefalzt auf A4, vierfarbig mit vielen Karrikaturen&#8230;<\/p>\n","protected":false},"featured_media":81746,"template":"","meta":{"_acf_changed":false,"inline_featured_image":false},"product_brand":[],"product_cat":[503],"product_tag":[],"series":[{"id":1327,"name":"Plakat","slug":"plakat-2"}],"publisher":[{"id":1315,"name":"Verlag f\u00fcr Deutsch","slug":"verlag-fur-deutsch"}],"class_list":{"0":"post-81835","1":"product","2":"type-product","3":"status-publish","4":"has-post-thumbnail","6":"product_cat-lernen-mit-bildern-und-spielen","7":"series-plakat-2","8":"publisher-verlag-fur-deutsch","10":"first","11":"onbackorder","12":"taxable","13":"shipping-taxable","14":"purchasable","15":"product-type-simple"},"acf":[],"_links":{"self":[{"href":"https:\/\/exlibris.ee\/ru\/wp-json\/wp\/v2\/product\/81835","targetHints":{"allow":["GET"]}}],"collection":[{"href":"https:\/\/exlibris.ee\/ru\/wp-json\/wp\/v2\/product"}],"about":[{"href":"https:\/\/exlibris.ee\/ru\/wp-json\/wp\/v2\/types\/product"}],"wp:featuredmedia":[{"embeddable":true,"href":"https:\/\/exlibris.ee\/ru\/wp-json\/wp\/v2\/media\/81746"}],"wp:attachment":[{"href":"https:\/\/exlibris.ee\/ru\/wp-json\/wp\/v2\/media?parent=81835"}],"wp:term":[{"taxonomy":"product_brand","embeddable":true,"href":"https:\/\/exlibris.ee\/ru\/wp-json\/wp\/v2\/product_brand?post=81835"},{"taxonomy":"product_cat","embeddable":true,"href":"https:\/\/exlibris.ee\/ru\/wp-json\/wp\/v2\/product_cat?post=81835"},{"taxonomy":"product_tag","embeddable":true,"href":"https:\/\/exlibris.ee\/ru\/wp-json\/wp\/v2\/product_tag?post=81835"},{"taxonomy":"series","embeddable":true,"href":"https:\/\/exlibris.ee\/ru\/wp-json\/wp\/v2\/series?post=81835"},{"taxonomy":"publisher","embeddable":true,"href":"https:\/\/exlibris.ee\/ru\/wp-json\/wp\/v2\/publisher?post=81835"}],"curies":[{"name":"wp","href":"https:\/\/api.w.org\/{rel}","templated":true}]}}