{"id":81837,"date":"2023-07-11T10:41:36","date_gmt":"2023-07-11T07:41:36","guid":{"rendered":"https:\/\/exlibris.ee\/toode\/topfit-a2-trainingskurs-zur-prufung-goethe-zertifikat-a2-fit-in-deutsch-ubungsbuch-mit-5-modelltests-und-5-ubungstests\/"},"modified":"2026-04-05T15:32:59","modified_gmt":"2026-04-05T12:32:59","slug":"topfit-a2-trainingskurs-zur-prufung-goethe-zertifikat-a2-fit-in-deutsch-ubungsbuch-mit-5-modelltests-und-5-ubungstests","status":"publish","type":"product","link":"https:\/\/exlibris.ee\/ru\/produkt\/topfit-a2-trainingskurs-zur-prufung-goethe-zertifikat-a2-fit-in-deutsch-ubungsbuch-mit-5-modelltests-und-5-ubungstests\/","title":{"rendered":"Topfit A2  Trainingskurs zur Pr\u00fcfung Goethe-Zertifikat A2 Fit in Deutsch \/ \u00dcbungsbuch mit 5 Modelltests und 5 \u00dcbungstests"},"content":{"rendered":"<p>Trainingskurs f\u00fcr f\u00fcr Kinder und Jugendliche, die sich auf die Pr\u00fcfung Goethe-Zertifikat A2: Fit in Deutsch vorbereiten wollen. \u2022 Das \u00dcbungsbuch kann begleitend zu jedem Kinder- oder Jugendlichenlehrwerk eingesetzt werden. \u2022 Das Buch enth\u00e4lt zehn komplette Modelltests. Die ersten f\u00fcnf davon bieten zus\u00e4tzlich \u00dcbungen zu Wortschatz und Strukturen sowie zu Redemitteln und Sprachhandlungen. So wird der gesamte pr\u00fcfungsrelevante Stoff wiederholt.<\/p>\n","protected":false},"excerpt":{"rendered":"<p>Trainingskurs f\u00fcr f\u00fcr Kinder und Jugendliche, die sich auf die Pr\u00fcfung Goethe-Zertifikat A2: Fit in Deutsch vorbereiten wollen. \u2022 Das \u00dcbungsbuch kann begleitend zu jedem Kinder- oder Jugendlichenlehrwerk eingesetzt werden. \u2022 Das Buch enth\u00e4lt zehn komplette Modelltests. Die ersten f\u00fcnf&#8230;<\/p>\n","protected":false},"featured_media":81752,"template":"","meta":{"_acf_changed":false,"inline_featured_image":false},"product_brand":[],"product_cat":[507],"product_tag":[],"series":[{"id":1326,"name":"Trainingskurs zur Pr\u00fcfung","slug":"trainingskurs-zur-prufung"}],"publisher":[{"id":1297,"name":"Karabatos Verlag","slug":"karabatos-verlag"}],"class_list":{"0":"post-81837","1":"product","2":"type-product","3":"status-publish","4":"has-post-thumbnail","6":"product_cat-prufungsvorbereitung","7":"series-trainingskurs-zur-prufung","8":"publisher-karabatos-verlag","10":"first","11":"instock","12":"taxable","13":"shipping-taxable","14":"purchasable","15":"product-type-simple"},"acf":[],"_links":{"self":[{"href":"https:\/\/exlibris.ee\/ru\/wp-json\/wp\/v2\/product\/81837","targetHints":{"allow":["GET"]}}],"collection":[{"href":"https:\/\/exlibris.ee\/ru\/wp-json\/wp\/v2\/product"}],"about":[{"href":"https:\/\/exlibris.ee\/ru\/wp-json\/wp\/v2\/types\/product"}],"wp:featuredmedia":[{"embeddable":true,"href":"https:\/\/exlibris.ee\/ru\/wp-json\/wp\/v2\/media\/81752"}],"wp:attachment":[{"href":"https:\/\/exlibris.ee\/ru\/wp-json\/wp\/v2\/media?parent=81837"}],"wp:term":[{"taxonomy":"product_brand","embeddable":true,"href":"https:\/\/exlibris.ee\/ru\/wp-json\/wp\/v2\/product_brand?post=81837"},{"taxonomy":"product_cat","embeddable":true,"href":"https:\/\/exlibris.ee\/ru\/wp-json\/wp\/v2\/product_cat?post=81837"},{"taxonomy":"product_tag","embeddable":true,"href":"https:\/\/exlibris.ee\/ru\/wp-json\/wp\/v2\/product_tag?post=81837"},{"taxonomy":"series","embeddable":true,"href":"https:\/\/exlibris.ee\/ru\/wp-json\/wp\/v2\/series?post=81837"},{"taxonomy":"publisher","embeddable":true,"href":"https:\/\/exlibris.ee\/ru\/wp-json\/wp\/v2\/publisher?post=81837"}],"curies":[{"name":"wp","href":"https:\/\/api.w.org\/{rel}","templated":true}]}}