{"id":81841,"date":"2023-07-11T10:41:36","date_gmt":"2023-07-11T07:41:36","guid":{"rendered":"https:\/\/exlibris.ee\/toode\/topfit-a2-trainingskurs-zur-prufung-goethe-zertifikat-a2-fit-in-deutsch-lehrerbuch\/"},"modified":"2026-04-04T03:20:00","modified_gmt":"2026-04-04T00:20:00","slug":"topfit-a2-trainingskurs-zur-prufung-goethe-zertifikat-a2-fit-in-deutsch-lehrerbuch","status":"publish","type":"product","link":"https:\/\/exlibris.ee\/ru\/produkt\/topfit-a2-trainingskurs-zur-prufung-goethe-zertifikat-a2-fit-in-deutsch-lehrerbuch\/","title":{"rendered":"Topfit A2  Trainingskurs zur Pr\u00fcfung Goethe-Zertifikat A2 Fit in Deutsch \/ Lehrerbuch"},"content":{"rendered":"<p>Das Lehrerbuch Topfit A2 enth\u00e4lt das kompette Sch\u00fclerbuch mit (in rot) eingetragenden L\u00f6sungen. Au\u00dferdem sind die l\u00f6sungsrelevanten Textpassagen in den Lesetexten markiert. Die Testaufgaben sind in den Transkriptionen enthalten. \u2022 Trainingskurs f\u00fcr f\u00fcr Kinder und Jugendliche, die sich auf die Pr\u00fcfung Goethe-Zertifikat A2: Fit in Deutsch vorbereiten wollen. \u2022 Das \u00dcbungsbuch kann begleitend zu jedem Kinder- oder Jugendlichenlehrwerk eingesetzt werden. \u2022 Topfit A2 enth\u00e4lt zehn komplette Modelltests. Die ersten f\u00fcnf davon bieten zus\u00e4tzlich \u00dcbungen zu Wortschatz und Strukturen sowie zu Redemitteln und Sprachhandlungen. So wird der gesamte pr\u00fcfungsrelevante Stoff wiederholt.<\/p>\n","protected":false},"excerpt":{"rendered":"<p>Das Lehrerbuch Topfit A2 enth\u00e4lt das kompette Sch\u00fclerbuch mit (in rot) eingetragenden L\u00f6sungen. Au\u00dferdem sind die l\u00f6sungsrelevanten Textpassagen in den Lesetexten markiert. Die Testaufgaben sind in den Transkriptionen enthalten. \u2022 Trainingskurs f\u00fcr f\u00fcr Kinder und Jugendliche, die sich auf die&#8230;<\/p>\n","protected":false},"featured_media":81764,"template":"","meta":{"_acf_changed":false,"inline_featured_image":false},"product_brand":[],"product_cat":[507],"product_tag":[],"series":[{"id":1326,"name":"Trainingskurs zur Pr\u00fcfung","slug":"trainingskurs-zur-prufung"}],"publisher":[{"id":1297,"name":"Karabatos Verlag","slug":"karabatos-verlag"}],"class_list":{"0":"post-81841","1":"product","2":"type-product","3":"status-publish","4":"has-post-thumbnail","6":"product_cat-prufungsvorbereitung","7":"series-trainingskurs-zur-prufung","8":"publisher-karabatos-verlag","10":"first","11":"instock","12":"taxable","13":"shipping-taxable","14":"purchasable","15":"product-type-simple"},"acf":[],"_links":{"self":[{"href":"https:\/\/exlibris.ee\/ru\/wp-json\/wp\/v2\/product\/81841","targetHints":{"allow":["GET"]}}],"collection":[{"href":"https:\/\/exlibris.ee\/ru\/wp-json\/wp\/v2\/product"}],"about":[{"href":"https:\/\/exlibris.ee\/ru\/wp-json\/wp\/v2\/types\/product"}],"wp:featuredmedia":[{"embeddable":true,"href":"https:\/\/exlibris.ee\/ru\/wp-json\/wp\/v2\/media\/81764"}],"wp:attachment":[{"href":"https:\/\/exlibris.ee\/ru\/wp-json\/wp\/v2\/media?parent=81841"}],"wp:term":[{"taxonomy":"product_brand","embeddable":true,"href":"https:\/\/exlibris.ee\/ru\/wp-json\/wp\/v2\/product_brand?post=81841"},{"taxonomy":"product_cat","embeddable":true,"href":"https:\/\/exlibris.ee\/ru\/wp-json\/wp\/v2\/product_cat?post=81841"},{"taxonomy":"product_tag","embeddable":true,"href":"https:\/\/exlibris.ee\/ru\/wp-json\/wp\/v2\/product_tag?post=81841"},{"taxonomy":"series","embeddable":true,"href":"https:\/\/exlibris.ee\/ru\/wp-json\/wp\/v2\/series?post=81841"},{"taxonomy":"publisher","embeddable":true,"href":"https:\/\/exlibris.ee\/ru\/wp-json\/wp\/v2\/publisher?post=81841"}],"curies":[{"name":"wp","href":"https:\/\/api.w.org\/{rel}","templated":true}]}}