{"id":81856,"date":"2023-07-11T10:41:38","date_gmt":"2023-07-11T07:41:38","guid":{"rendered":"https:\/\/exlibris.ee\/toode\/kleiner-eisbar-wohin-fahrst-du-lars-kinderbuch-deutsch-russisch-mit-mp3-horbuch-zum-herunterladen\/"},"modified":"2026-04-12T11:32:46","modified_gmt":"2026-04-12T08:32:46","slug":"kleiner-eisbar-wohin-fahrst-du-lars-kinderbuch-deutsch-russisch-mit-mp3-horbuch-zum-herunterladen","status":"publish","type":"product","link":"https:\/\/exlibris.ee\/ru\/produkt\/kleiner-eisbar-wohin-fahrst-du-lars-kinderbuch-deutsch-russisch-mit-mp3-horbuch-zum-herunterladen\/","title":{"rendered":"Kleiner Eisb\u00e4r &#8212; wohin f\u00e4hrst du, Lars?  Kinderbuch Deutsch-Russisch mit MP3-H\u00f6rbuch zum Herunterladen"},"content":{"rendered":"<p>Zielgruppe: Kinder ab 4 Jahren In diesem Jahr ist es ungew\u00f6hnlich warm. Lars, der kleine Eisb\u00e4r, trifft auf ein Forscherboot und zwei Eisb\u00e4rkinder, die von den Forschern gerettet wurden. Zusammen mit seinem neuen Freund Fredi, dem Dackel, hilft er den Eisb\u00e4rkindern. Zum Buch gibt es auch ein MP3-H\u00f6rbuch, das ohne zus\u00e4tzliche Kosten heruntergeladen werden kann.<\/p>\n","protected":false},"excerpt":{"rendered":"<p>Zielgruppe: Kinder ab 4 Jahren In diesem Jahr ist es ungew\u00f6hnlich warm. Lars, der kleine Eisb\u00e4r, trifft auf ein Forscherboot und zwei Eisb\u00e4rkinder, die von den Forschern gerettet wurden. Zusammen mit seinem neuen Freund Fredi, dem Dackel, hilft er den&#8230;<\/p>\n","protected":false},"featured_media":219272,"template":"","meta":{"_acf_changed":false,"inline_featured_image":false},"product_brand":[],"product_cat":[471],"product_tag":[],"series":[{"id":1307,"name":"Kleiner Eisb\u00e4r","slug":"kleiner-eisbar"}],"publisher":[{"id":1308,"name":"NordS\u00fcd","slug":"nordsud"}],"class_list":{"0":"post-81856","1":"product","2":"type-product","3":"status-publish","4":"has-post-thumbnail","6":"product_cat-lehrwerke-fur-kinder","7":"series-kleiner-eisbar","8":"publisher-nordsud","10":"first","11":"onbackorder","12":"taxable","13":"shipping-taxable","14":"purchasable","15":"product-type-simple"},"acf":[],"_links":{"self":[{"href":"https:\/\/exlibris.ee\/ru\/wp-json\/wp\/v2\/product\/81856","targetHints":{"allow":["GET"]}}],"collection":[{"href":"https:\/\/exlibris.ee\/ru\/wp-json\/wp\/v2\/product"}],"about":[{"href":"https:\/\/exlibris.ee\/ru\/wp-json\/wp\/v2\/types\/product"}],"wp:featuredmedia":[{"embeddable":true,"href":"https:\/\/exlibris.ee\/ru\/wp-json\/wp\/v2\/media\/219272"}],"wp:attachment":[{"href":"https:\/\/exlibris.ee\/ru\/wp-json\/wp\/v2\/media?parent=81856"}],"wp:term":[{"taxonomy":"product_brand","embeddable":true,"href":"https:\/\/exlibris.ee\/ru\/wp-json\/wp\/v2\/product_brand?post=81856"},{"taxonomy":"product_cat","embeddable":true,"href":"https:\/\/exlibris.ee\/ru\/wp-json\/wp\/v2\/product_cat?post=81856"},{"taxonomy":"product_tag","embeddable":true,"href":"https:\/\/exlibris.ee\/ru\/wp-json\/wp\/v2\/product_tag?post=81856"},{"taxonomy":"series","embeddable":true,"href":"https:\/\/exlibris.ee\/ru\/wp-json\/wp\/v2\/series?post=81856"},{"taxonomy":"publisher","embeddable":true,"href":"https:\/\/exlibris.ee\/ru\/wp-json\/wp\/v2\/publisher?post=81856"}],"curies":[{"name":"wp","href":"https:\/\/api.w.org\/{rel}","templated":true}]}}