{"id":81857,"date":"2023-07-11T10:41:38","date_gmt":"2023-07-11T07:41:38","guid":{"rendered":"https:\/\/exlibris.ee\/toode\/schreibtraining-fur-das-goethe-zertifikat-b2-ubungsbuch\/"},"modified":"2026-04-23T05:51:08","modified_gmt":"2026-04-23T02:51:08","slug":"schreibtraining-fur-das-goethe-zertifikat-b2-ubungsbuch","status":"publish","type":"product","link":"https:\/\/exlibris.ee\/ru\/produkt\/schreibtraining-fur-das-goethe-zertifikat-b2-ubungsbuch\/","title":{"rendered":"Schreibtraining f\u00fcr das Goethe-Zertifikat B2  \u00dcbungsbuch"},"content":{"rendered":"<p>Schreibtraining B2 ist ein \u00dcbungsbuch, das Jugendliche und Erwachsene in 25 kurzen thematischen Kapiteln auf das Modul Schreiben des Goethe-Zertifikats B2 vorbereitet. Es ist lehrwerksbegleitend bereits ab Beginn des B2-Niveaus einsetzbar. Jedes Kapitel bietet ein Pr\u00fcfungsthema, auf das die Lerner durch gezielte Wortschatz\u00fcbungen und kleinere Schreibaufgaben vorbereitet werden. Selbstverst\u00e4ndlich werden auch die Formalien sowie ein breites Spektrum an Redemitteln f\u00fcr die beiden Aufgaben (Forumsbeitrag, formelle Nachricht\/E-Mail) trainiert. Ein weiteres Augenmerk liegt auf pr\u00fcfungsrelevanten Grammatikph\u00e4nomenen, Satzverbindungen und einem logischen Textaufbau. Im Anhang findet sich au\u00dferdem eine Auflistung der behandelten Redemittel. Zu diesem Titel gibt es kein Lehrerbuch: Die L\u00f6sungen zu allen \u00dcbungen sowie Mustertexte zu allen Themen stehen Lehrkr\u00e4ften als kostenloser Download zur Verf\u00fcgung (im Hueber Shop als Download bei dem Titel).<\/p>\n","protected":false},"excerpt":{"rendered":"<p>Schreibtraining B2 ist ein \u00dcbungsbuch, das Jugendliche und Erwachsene in 25 kurzen thematischen Kapiteln auf das Modul Schreiben des Goethe-Zertifikats B2 vorbereitet. Es ist lehrwerksbegleitend bereits ab Beginn des B2-Niveaus einsetzbar. Jedes Kapitel bietet ein Pr\u00fcfungsthema, auf das die Lerner&#8230;<\/p>\n","protected":false},"featured_media":423465,"template":"","meta":{"_acf_changed":false,"inline_featured_image":false},"product_brand":[],"product_cat":[507],"product_tag":[],"series":[],"publisher":[{"id":1297,"name":"Karabatos Verlag","slug":"karabatos-verlag"}],"class_list":{"0":"post-81857","1":"product","2":"type-product","3":"status-publish","4":"has-post-thumbnail","6":"product_cat-prufungsvorbereitung","7":"publisher-karabatos-verlag","9":"first","10":"onbackorder","11":"taxable","12":"shipping-taxable","13":"purchasable","14":"product-type-simple"},"acf":[],"_links":{"self":[{"href":"https:\/\/exlibris.ee\/ru\/wp-json\/wp\/v2\/product\/81857","targetHints":{"allow":["GET"]}}],"collection":[{"href":"https:\/\/exlibris.ee\/ru\/wp-json\/wp\/v2\/product"}],"about":[{"href":"https:\/\/exlibris.ee\/ru\/wp-json\/wp\/v2\/types\/product"}],"wp:featuredmedia":[{"embeddable":true,"href":"https:\/\/exlibris.ee\/ru\/wp-json\/wp\/v2\/media\/423465"}],"wp:attachment":[{"href":"https:\/\/exlibris.ee\/ru\/wp-json\/wp\/v2\/media?parent=81857"}],"wp:term":[{"taxonomy":"product_brand","embeddable":true,"href":"https:\/\/exlibris.ee\/ru\/wp-json\/wp\/v2\/product_brand?post=81857"},{"taxonomy":"product_cat","embeddable":true,"href":"https:\/\/exlibris.ee\/ru\/wp-json\/wp\/v2\/product_cat?post=81857"},{"taxonomy":"product_tag","embeddable":true,"href":"https:\/\/exlibris.ee\/ru\/wp-json\/wp\/v2\/product_tag?post=81857"},{"taxonomy":"series","embeddable":true,"href":"https:\/\/exlibris.ee\/ru\/wp-json\/wp\/v2\/series?post=81857"},{"taxonomy":"publisher","embeddable":true,"href":"https:\/\/exlibris.ee\/ru\/wp-json\/wp\/v2\/publisher?post=81857"}],"curies":[{"name":"wp","href":"https:\/\/api.w.org\/{rel}","templated":true}]}}